{"id":784172,"date":"2024-06-14T10:22:59","date_gmt":"2024-06-14T08:22:59","guid":{"rendered":"https:\/\/www.lightdesign.shop\/negozio\/uncategorized\/slide-koko-light-fuchsia\/"},"modified":"2025-12-02T01:44:00","modified_gmt":"2025-12-02T00:44:00","slug":"slide-koko-light-fuchsia","status":"publish","type":"product","link":"https:\/\/www.lightdesign.shop\/en\/shop\/home-accessories\/gift-ideas\/slide-koko-light-fuchsia\/","title":{"rendered":"Slide KOK\u00d2 &#8211; light fuchsia"},"content":{"rendered":"<h2>KOK\u00d2 &#8211; light fuchsia<\/h2>\n<p>Kok\u00f2 is a nice penguin-shaped table lamp, born from the fervent creativity of Gi\u00f2 Colonna Romano. Every time it is touched, Kok\u00f2 swings, imitating the real step of penguins. Kok\u00f2 is available in many different nuances, ideal for giving a bright and colorful touch to any type of private and contract indoor setting. Also available in the lacquered version, as a non-luminous furnishing accessory.<\/p>\n<p><em>Light source: 1 x 5W &#8211; G45 \/ E27 (not included) &#8211; IP20. Dimensions: H 45 cm L 26 cm W 22 cm<\/em><\/p>\n","protected":false},"excerpt":{"rendered":"<p>Kok\u00f2 is a nice penguin-shaped table lamp, born from the fervent creativity of Gi\u00f2 Colonna Romano. Every time it is touched, Kok\u00f2 swings, imitating the real step of penguins. Kok\u00f2 is available in many different nuances, ideal for giving a bright and colorful touch to any type of private and contract indoor setting.<\/p>\n","protected":false},"featured_media":783619,"comment_status":"open","ping_status":"open","template":"","meta":{"_exactmetrics_skip_tracking":false,"_exactmetrics_sitenote_active":false,"_exactmetrics_sitenote_note":"","_exactmetrics_sitenote_category":0,"_joinchat":[]},"product_brand":[],"product_cat":[3369,407],"product_tag":[],"class_list":{"0":"post-784172","1":"product","2":"type-product","3":"status-publish","4":"has-post-thumbnail","6":"product_cat-gift-ideas","7":"product_cat-indoor-table-lamps","8":"pa_ambiente-living","9":"pa_brand-slide-en","10":"pa_colore-purple","11":"pa_materiale-polyethylene","12":"pa_stile-modern-en","14":"first","15":"instock","16":"sale","17":"taxable","18":"shipping-taxable","19":"purchasable","20":"product-type-simple"},"yoast_head":"<!-- This site is optimized with the Yoast SEO plugin v27.4 - https:\/\/yoast.com\/product\/yoast-seo-wordpress\/ -->\n<title>Slide KOK\u00d2 - light fuchsia - LiD Design<\/title>\n<meta name=\"robots\" content=\"index, follow, max-snippet:-1, max-image-preview:large, max-video-preview:-1\" \/>\n<link rel=\"canonical\" href=\"https:\/\/www.lightdesign.shop\/en\/shop\/home-accessories\/gift-ideas\/slide-koko-light-fuchsia\/\" \/>\n<meta property=\"og:locale\" content=\"en_US\" \/>\n<meta property=\"og:type\" content=\"article\" \/>\n<meta property=\"og:title\" content=\"Slide KOK\u00d2 - light fuchsia - LiD Design\" \/>\n<meta property=\"og:description\" content=\"Kok\u00f2 is a nice penguin-shaped table lamp, born from the fervent creativity of Gi\u00f2 Colonna Romano. Every time it is touched, Kok\u00f2 swings, imitating the real step of penguins. Kok\u00f2 is available in many different nuances, ideal for giving a bright and colorful touch to any type of private and contract indoor setting.\" \/>\n<meta property=\"og:url\" content=\"https:\/\/www.lightdesign.shop\/en\/shop\/home-accessories\/gift-ideas\/slide-koko-light-fuchsia\/\" \/>\n<meta property=\"og:site_name\" content=\"LiD Design\" \/>\n<meta property=\"article:publisher\" content=\"https:\/\/www.facebook.com\/LID-Design-757324454392843\/\" \/>\n<meta property=\"article:modified_time\" content=\"2025-12-02T00:44:00+00:00\" \/>\n<meta property=\"og:image\" content=\"https:\/\/www.lightdesign.shop\/wp-content\/uploads\/2024\/06\/SD_KOK050U.jpg\" \/>\n\t<meta property=\"og:image:width\" content=\"1000\" \/>\n\t<meta property=\"og:image:height\" content=\"1000\" \/>\n\t<meta property=\"og:image:type\" content=\"image\/jpeg\" \/>\n<meta name=\"twitter:card\" content=\"summary_large_image\" \/>\n<script type=\"application\/ld+json\" class=\"yoast-schema-graph\">{\"@context\":\"https:\\\/\\\/schema.org\",\"@graph\":[{\"@type\":\"WebPage\",\"@id\":\"https:\\\/\\\/www.lightdesign.shop\\\/en\\\/shop\\\/home-accessories\\\/gift-ideas\\\/slide-koko-light-fuchsia\\\/\",\"url\":\"https:\\\/\\\/www.lightdesign.shop\\\/en\\\/shop\\\/home-accessories\\\/gift-ideas\\\/slide-koko-light-fuchsia\\\/\",\"name\":\"Slide KOK\u00d2 - light fuchsia - LiD Design\",\"isPartOf\":{\"@id\":\"https:\\\/\\\/www.lightdesign.shop\\\/en\\\/#website\"},\"primaryImageOfPage\":{\"@id\":\"https:\\\/\\\/www.lightdesign.shop\\\/en\\\/shop\\\/home-accessories\\\/gift-ideas\\\/slide-koko-light-fuchsia\\\/#primaryimage\"},\"image\":{\"@id\":\"https:\\\/\\\/www.lightdesign.shop\\\/en\\\/shop\\\/home-accessories\\\/gift-ideas\\\/slide-koko-light-fuchsia\\\/#primaryimage\"},\"thumbnailUrl\":\"https:\\\/\\\/www.lightdesign.shop\\\/wp-content\\\/uploads\\\/2024\\\/06\\\/SD_KOK050U.jpg\",\"datePublished\":\"2024-06-14T08:22:59+00:00\",\"dateModified\":\"2025-12-02T00:44:00+00:00\",\"breadcrumb\":{\"@id\":\"https:\\\/\\\/www.lightdesign.shop\\\/en\\\/shop\\\/home-accessories\\\/gift-ideas\\\/slide-koko-light-fuchsia\\\/#breadcrumb\"},\"inLanguage\":\"en-US\",\"potentialAction\":[{\"@type\":\"ReadAction\",\"target\":[\"https:\\\/\\\/www.lightdesign.shop\\\/en\\\/shop\\\/home-accessories\\\/gift-ideas\\\/slide-koko-light-fuchsia\\\/\"]}]},{\"@type\":\"ImageObject\",\"inLanguage\":\"en-US\",\"@id\":\"https:\\\/\\\/www.lightdesign.shop\\\/en\\\/shop\\\/home-accessories\\\/gift-ideas\\\/slide-koko-light-fuchsia\\\/#primaryimage\",\"url\":\"https:\\\/\\\/www.lightdesign.shop\\\/wp-content\\\/uploads\\\/2024\\\/06\\\/SD_KOK050U.jpg\",\"contentUrl\":\"https:\\\/\\\/www.lightdesign.shop\\\/wp-content\\\/uploads\\\/2024\\\/06\\\/SD_KOK050U.jpg\",\"width\":1000,\"height\":1000},{\"@type\":\"BreadcrumbList\",\"@id\":\"https:\\\/\\\/www.lightdesign.shop\\\/en\\\/shop\\\/home-accessories\\\/gift-ideas\\\/slide-koko-light-fuchsia\\\/#breadcrumb\",\"itemListElement\":[{\"@type\":\"ListItem\",\"position\":1,\"name\":\"Home\",\"item\":\"https:\\\/\\\/www.lightdesign.shop\\\/en\\\/\"},{\"@type\":\"ListItem\",\"position\":2,\"name\":\"Shop\",\"item\":\"https:\\\/\\\/www.lightdesign.shop\\\/en\\\/shop\\\/\"},{\"@type\":\"ListItem\",\"position\":3,\"name\":\"Slide KOK\u00d2 &#8211; light fuchsia\"}]},{\"@type\":\"WebSite\",\"@id\":\"https:\\\/\\\/www.lightdesign.shop\\\/en\\\/#website\",\"url\":\"https:\\\/\\\/www.lightdesign.shop\\\/en\\\/\",\"name\":\"LiD - illumina il tuo mondo\",\"description\":\"Light Design Shop\",\"publisher\":{\"@id\":\"https:\\\/\\\/www.lightdesign.shop\\\/en\\\/#organization\"},\"alternateName\":\"lightdesign.shop\",\"potentialAction\":[{\"@type\":\"SearchAction\",\"target\":{\"@type\":\"EntryPoint\",\"urlTemplate\":\"https:\\\/\\\/www.lightdesign.shop\\\/en\\\/?s={search_term_string}\"},\"query-input\":{\"@type\":\"PropertyValueSpecification\",\"valueRequired\":true,\"valueName\":\"search_term_string\"}}],\"inLanguage\":\"en-US\"},{\"@type\":\"Organization\",\"@id\":\"https:\\\/\\\/www.lightdesign.shop\\\/en\\\/#organization\",\"name\":\"LiD Srl\",\"url\":\"https:\\\/\\\/www.lightdesign.shop\\\/en\\\/\",\"logo\":{\"@type\":\"ImageObject\",\"inLanguage\":\"en-US\",\"@id\":\"https:\\\/\\\/www.lightdesign.shop\\\/en\\\/#\\\/schema\\\/logo\\\/image\\\/\",\"url\":\"https:\\\/\\\/www.lightdesign.shop\\\/wp-content\\\/uploads\\\/2024\\\/06\\\/logo.png\",\"contentUrl\":\"https:\\\/\\\/www.lightdesign.shop\\\/wp-content\\\/uploads\\\/2024\\\/06\\\/logo.png\",\"width\":1027,\"height\":759,\"caption\":\"LiD Srl\"},\"image\":{\"@id\":\"https:\\\/\\\/www.lightdesign.shop\\\/en\\\/#\\\/schema\\\/logo\\\/image\\\/\"},\"sameAs\":[\"https:\\\/\\\/www.facebook.com\\\/LID-Design-757324454392843\\\/\",\"https:\\\/\\\/www.instagram.com\\\/lightdesign.shop\\\/\",\"https:\\\/\\\/www.youtube.com\\\/channel\\\/UC-wfhs9IlrFGpIWzx24cMhA\"]}]}<\/script>\n<!-- \/ Yoast SEO plugin. -->","yoast_head_json":{"title":"Slide KOK\u00d2 - light fuchsia - LiD Design","robots":{"index":"index","follow":"follow","max-snippet":"max-snippet:-1","max-image-preview":"max-image-preview:large","max-video-preview":"max-video-preview:-1"},"canonical":"https:\/\/www.lightdesign.shop\/en\/shop\/home-accessories\/gift-ideas\/slide-koko-light-fuchsia\/","og_locale":"en_US","og_type":"article","og_title":"Slide KOK\u00d2 - light fuchsia - LiD Design","og_description":"Kok\u00f2 is a nice penguin-shaped table lamp, born from the fervent creativity of Gi\u00f2 Colonna Romano. Every time it is touched, Kok\u00f2 swings, imitating the real step of penguins. Kok\u00f2 is available in many different nuances, ideal for giving a bright and colorful touch to any type of private and contract indoor setting.","og_url":"https:\/\/www.lightdesign.shop\/en\/shop\/home-accessories\/gift-ideas\/slide-koko-light-fuchsia\/","og_site_name":"LiD Design","article_publisher":"https:\/\/www.facebook.com\/LID-Design-757324454392843\/","article_modified_time":"2025-12-02T00:44:00+00:00","og_image":[{"width":1000,"height":1000,"url":"https:\/\/www.lightdesign.shop\/wp-content\/uploads\/2024\/06\/SD_KOK050U.jpg","type":"image\/jpeg"}],"twitter_card":"summary_large_image","schema":{"@context":"https:\/\/schema.org","@graph":[{"@type":"WebPage","@id":"https:\/\/www.lightdesign.shop\/en\/shop\/home-accessories\/gift-ideas\/slide-koko-light-fuchsia\/","url":"https:\/\/www.lightdesign.shop\/en\/shop\/home-accessories\/gift-ideas\/slide-koko-light-fuchsia\/","name":"Slide KOK\u00d2 - light fuchsia - LiD Design","isPartOf":{"@id":"https:\/\/www.lightdesign.shop\/en\/#website"},"primaryImageOfPage":{"@id":"https:\/\/www.lightdesign.shop\/en\/shop\/home-accessories\/gift-ideas\/slide-koko-light-fuchsia\/#primaryimage"},"image":{"@id":"https:\/\/www.lightdesign.shop\/en\/shop\/home-accessories\/gift-ideas\/slide-koko-light-fuchsia\/#primaryimage"},"thumbnailUrl":"https:\/\/www.lightdesign.shop\/wp-content\/uploads\/2024\/06\/SD_KOK050U.jpg","datePublished":"2024-06-14T08:22:59+00:00","dateModified":"2025-12-02T00:44:00+00:00","breadcrumb":{"@id":"https:\/\/www.lightdesign.shop\/en\/shop\/home-accessories\/gift-ideas\/slide-koko-light-fuchsia\/#breadcrumb"},"inLanguage":"en-US","potentialAction":[{"@type":"ReadAction","target":["https:\/\/www.lightdesign.shop\/en\/shop\/home-accessories\/gift-ideas\/slide-koko-light-fuchsia\/"]}]},{"@type":"ImageObject","inLanguage":"en-US","@id":"https:\/\/www.lightdesign.shop\/en\/shop\/home-accessories\/gift-ideas\/slide-koko-light-fuchsia\/#primaryimage","url":"https:\/\/www.lightdesign.shop\/wp-content\/uploads\/2024\/06\/SD_KOK050U.jpg","contentUrl":"https:\/\/www.lightdesign.shop\/wp-content\/uploads\/2024\/06\/SD_KOK050U.jpg","width":1000,"height":1000},{"@type":"BreadcrumbList","@id":"https:\/\/www.lightdesign.shop\/en\/shop\/home-accessories\/gift-ideas\/slide-koko-light-fuchsia\/#breadcrumb","itemListElement":[{"@type":"ListItem","position":1,"name":"Home","item":"https:\/\/www.lightdesign.shop\/en\/"},{"@type":"ListItem","position":2,"name":"Shop","item":"https:\/\/www.lightdesign.shop\/en\/shop\/"},{"@type":"ListItem","position":3,"name":"Slide KOK\u00d2 &#8211; light fuchsia"}]},{"@type":"WebSite","@id":"https:\/\/www.lightdesign.shop\/en\/#website","url":"https:\/\/www.lightdesign.shop\/en\/","name":"LiD - illumina il tuo mondo","description":"Light Design Shop","publisher":{"@id":"https:\/\/www.lightdesign.shop\/en\/#organization"},"alternateName":"lightdesign.shop","potentialAction":[{"@type":"SearchAction","target":{"@type":"EntryPoint","urlTemplate":"https:\/\/www.lightdesign.shop\/en\/?s={search_term_string}"},"query-input":{"@type":"PropertyValueSpecification","valueRequired":true,"valueName":"search_term_string"}}],"inLanguage":"en-US"},{"@type":"Organization","@id":"https:\/\/www.lightdesign.shop\/en\/#organization","name":"LiD Srl","url":"https:\/\/www.lightdesign.shop\/en\/","logo":{"@type":"ImageObject","inLanguage":"en-US","@id":"https:\/\/www.lightdesign.shop\/en\/#\/schema\/logo\/image\/","url":"https:\/\/www.lightdesign.shop\/wp-content\/uploads\/2024\/06\/logo.png","contentUrl":"https:\/\/www.lightdesign.shop\/wp-content\/uploads\/2024\/06\/logo.png","width":1027,"height":759,"caption":"LiD Srl"},"image":{"@id":"https:\/\/www.lightdesign.shop\/en\/#\/schema\/logo\/image\/"},"sameAs":["https:\/\/www.facebook.com\/LID-Design-757324454392843\/","https:\/\/www.instagram.com\/lightdesign.shop\/","https:\/\/www.youtube.com\/channel\/UC-wfhs9IlrFGpIWzx24cMhA"]}]}},"_links":{"self":[{"href":"https:\/\/www.lightdesign.shop\/en\/wp-json\/wp\/v2\/product\/784172","targetHints":{"allow":["GET"]}}],"collection":[{"href":"https:\/\/www.lightdesign.shop\/en\/wp-json\/wp\/v2\/product"}],"about":[{"href":"https:\/\/www.lightdesign.shop\/en\/wp-json\/wp\/v2\/types\/product"}],"replies":[{"embeddable":true,"href":"https:\/\/www.lightdesign.shop\/en\/wp-json\/wp\/v2\/comments?post=784172"}],"wp:featuredmedia":[{"embeddable":true,"href":"https:\/\/www.lightdesign.shop\/en\/wp-json\/wp\/v2\/media\/783619"}],"wp:attachment":[{"href":"https:\/\/www.lightdesign.shop\/en\/wp-json\/wp\/v2\/media?parent=784172"}],"wp:term":[{"taxonomy":"product_brand","embeddable":true,"href":"https:\/\/www.lightdesign.shop\/en\/wp-json\/wp\/v2\/product_brand?post=784172"},{"taxonomy":"product_cat","embeddable":true,"href":"https:\/\/www.lightdesign.shop\/en\/wp-json\/wp\/v2\/product_cat?post=784172"},{"taxonomy":"product_tag","embeddable":true,"href":"https:\/\/www.lightdesign.shop\/en\/wp-json\/wp\/v2\/product_tag?post=784172"}],"curies":[{"name":"wp","href":"https:\/\/api.w.org\/{rel}","templated":true}]}}