{"id":683180,"date":"2024-05-16T10:33:31","date_gmt":"2024-05-16T08:33:31","guid":{"rendered":"https:\/\/www.lightdesign.shop\/negozio\/uncategorized\/lombardo-clic-post-2700k-corten\/"},"modified":"2025-12-02T01:42:20","modified_gmt":"2025-12-02T00:42:20","slug":"lombardo-clic-post-2700k-corten","status":"publish","type":"product","link":"https:\/\/www.lightdesign.shop\/en\/shop\/outdoor-lamps\/outdoor-floor-lights\/lombardo-clic-post-2700k-corten\/","title":{"rendered":"Lombardo CLIC POST 2700k &#8211; corten"},"content":{"rendered":"<h2>CLIC POST 2700k &#8211; corten<\/h2>\n<p>Il Clic Post, prodotto dal marchio Lombardo, \u00e8 una soluzione ideale per l&#8217;illuminazione esterna. Caratterizzato da un corpo e diffusore in policarbonato verniciato, offre una robusta resistenza agli agenti atmosferici. Questo apparecchio \u00e8 progettato con guarnizioni in silicone per mantenere il grado di protezione IP65, garantendo cos\u00ec la sua impermeabilit\u00e0 all&#8217;acqua e alla polvere. La bulloneria in acciaio inossidabile A4 assicura una maggiore durabilit\u00e0 nel tempo. Il Clic Post \u00e8 disponibile in due versioni: una con attacco GU10 (lampadina non inclusa) e un&#8217;altra con motore LED integrato a tensione di rete. La versione AC-Direct \u00e8 dimmerabile a taglio di fase, offrendo un maggiore controllo sull&#8217;intensit\u00e0 luminosa. Una caratteristica importante \u00e8 che non presenta rischi fotobiologici, classificato come RG0, il che lo rende sicuro per l&#8217;uso. \u00c8 disponibile in diverse finiture, tra cui- nero, grigio e corten, per adattarsi al meglio al tuo ambiente esterno.<\/p>\n<p><em>Sorgente Luminosa: LED 5W &#8211; 600 lumen &#8211; 2700 K &#8211; CRI>80 &#8211; AC DIRECT 220\/240 V &#8211; Dimmerabile &#8211; IP65. Dimensioni: H 75 mm \u00d8 92 mm<\/em><\/p>\n","protected":false},"excerpt":{"rendered":"<p>Il Clic Post, prodotto dal marchio Lombardo, \u00e8 una soluzione ideale per l&#8217;illuminazione esterna. Caratterizzato da un corpo e diffusore in policarbonato verniciato, offre una robusta resistenza agli agenti atmosferici. Questo apparecchio \u00e8 progettato con guarnizioni in silicone per mantenere il grado di protezione IP65, garantendo cos\u00ec la sua impermeabilit\u00e0 all&#8217;acqua e alla polvere. La bulloneria in acciaio inossidabile A4 assicura una maggiore durabilit\u00e0 nel tempo. Il Clic Post \u00e8 disponibile in due versioni: una con attacco GU10 (lampadina non inclusa) e un&#8217;altra con motore LED integrato a tensione di rete<\/p>\n","protected":false},"featured_media":682031,"comment_status":"open","ping_status":"open","template":"","meta":{"_exactmetrics_skip_tracking":false,"_exactmetrics_sitenote_active":false,"_exactmetrics_sitenote_note":"","_exactmetrics_sitenote_category":0,"_joinchat":[]},"product_brand":[],"product_cat":[399],"product_tag":[4209,4109,391,4203],"class_list":{"0":"post-683180","1":"product","2":"type-product","3":"status-publish","4":"has-post-thumbnail","6":"product_cat-outdoor-floor-lights","7":"product_tag-a2810011wt","8":"product_tag-home-en","9":"product_tag-modern-en","10":"product_tag-outdoor-en","11":"pa_ambiente-outdoor-en","12":"pa_brand-lombardo-en","13":"pa_colore-brown","14":"pa_materiale-polycarbonate","15":"pa_stile-modern-en","17":"first","18":"instock","19":"sale","20":"taxable","21":"shipping-taxable","22":"purchasable","23":"product-type-simple"},"yoast_head":"<!-- This site is optimized with the Yoast SEO plugin v27.2 - https:\/\/yoast.com\/product\/yoast-seo-wordpress\/ -->\n<title>Lombardo CLIC POST 2700k - corten - LiD Design<\/title>\n<meta name=\"robots\" content=\"index, follow, max-snippet:-1, max-image-preview:large, max-video-preview:-1\" \/>\n<link rel=\"canonical\" href=\"https:\/\/www.lightdesign.shop\/en\/shop\/outdoor-lamps\/outdoor-floor-lights\/lombardo-clic-post-2700k-corten\/\" \/>\n<meta property=\"og:locale\" content=\"en_US\" \/>\n<meta property=\"og:type\" content=\"article\" \/>\n<meta property=\"og:title\" content=\"Lombardo CLIC POST 2700k - corten - LiD Design\" \/>\n<meta property=\"og:description\" content=\"Il Clic Post, prodotto dal marchio Lombardo, \u00e8 una soluzione ideale per l&#039;illuminazione esterna. Caratterizzato da un corpo e diffusore in policarbonato verniciato, offre una robusta resistenza agli agenti atmosferici. Questo apparecchio \u00e8 progettato con guarnizioni in silicone per mantenere il grado di protezione IP65, garantendo cos\u00ec la sua impermeabilit\u00e0 all&#039;acqua e alla polvere. La bulloneria in acciaio inossidabile A4 assicura una maggiore durabilit\u00e0 nel tempo. Il Clic Post \u00e8 disponibile in due versioni: una con attacco GU10 (lampadina non inclusa) e un&#039;altra con motore LED integrato a tensione di rete\" \/>\n<meta property=\"og:url\" content=\"https:\/\/www.lightdesign.shop\/en\/shop\/outdoor-lamps\/outdoor-floor-lights\/lombardo-clic-post-2700k-corten\/\" \/>\n<meta property=\"og:site_name\" content=\"LiD Design\" \/>\n<meta property=\"article:publisher\" content=\"https:\/\/www.facebook.com\/LID-Design-757324454392843\/\" \/>\n<meta property=\"article:modified_time\" content=\"2025-12-02T00:42:20+00:00\" \/>\n<meta property=\"og:image\" content=\"https:\/\/www.lightdesign.shop\/wp-content\/uploads\/2024\/05\/LL14804K2.jpg\" \/>\n\t<meta property=\"og:image:width\" content=\"1000\" \/>\n\t<meta property=\"og:image:height\" content=\"1000\" \/>\n\t<meta property=\"og:image:type\" content=\"image\/jpeg\" \/>\n<meta name=\"twitter:card\" content=\"summary_large_image\" \/>\n<meta name=\"twitter:label1\" content=\"Est. reading time\" \/>\n\t<meta name=\"twitter:data1\" content=\"1 minute\" \/>\n<script type=\"application\/ld+json\" class=\"yoast-schema-graph\">{\"@context\":\"https:\/\/schema.org\",\"@graph\":[{\"@type\":\"WebPage\",\"@id\":\"https:\/\/www.lightdesign.shop\/en\/shop\/outdoor-lamps\/outdoor-floor-lights\/lombardo-clic-post-2700k-corten\/\",\"url\":\"https:\/\/www.lightdesign.shop\/en\/shop\/outdoor-lamps\/outdoor-floor-lights\/lombardo-clic-post-2700k-corten\/\",\"name\":\"Lombardo CLIC POST 2700k - corten - LiD Design\",\"isPartOf\":{\"@id\":\"https:\/\/www.lightdesign.shop\/en\/#website\"},\"primaryImageOfPage\":{\"@id\":\"https:\/\/www.lightdesign.shop\/en\/shop\/outdoor-lamps\/outdoor-floor-lights\/lombardo-clic-post-2700k-corten\/#primaryimage\"},\"image\":{\"@id\":\"https:\/\/www.lightdesign.shop\/en\/shop\/outdoor-lamps\/outdoor-floor-lights\/lombardo-clic-post-2700k-corten\/#primaryimage\"},\"thumbnailUrl\":\"https:\/\/www.lightdesign.shop\/wp-content\/uploads\/2024\/05\/LL14804K2.jpg\",\"datePublished\":\"2024-05-16T08:33:31+00:00\",\"dateModified\":\"2025-12-02T00:42:20+00:00\",\"breadcrumb\":{\"@id\":\"https:\/\/www.lightdesign.shop\/en\/shop\/outdoor-lamps\/outdoor-floor-lights\/lombardo-clic-post-2700k-corten\/#breadcrumb\"},\"inLanguage\":\"en-US\",\"potentialAction\":[{\"@type\":\"ReadAction\",\"target\":[\"https:\/\/www.lightdesign.shop\/en\/shop\/outdoor-lamps\/outdoor-floor-lights\/lombardo-clic-post-2700k-corten\/\"]}]},{\"@type\":\"ImageObject\",\"inLanguage\":\"en-US\",\"@id\":\"https:\/\/www.lightdesign.shop\/en\/shop\/outdoor-lamps\/outdoor-floor-lights\/lombardo-clic-post-2700k-corten\/#primaryimage\",\"url\":\"https:\/\/www.lightdesign.shop\/wp-content\/uploads\/2024\/05\/LL14804K2.jpg\",\"contentUrl\":\"https:\/\/www.lightdesign.shop\/wp-content\/uploads\/2024\/05\/LL14804K2.jpg\",\"width\":1000,\"height\":1000},{\"@type\":\"BreadcrumbList\",\"@id\":\"https:\/\/www.lightdesign.shop\/en\/shop\/outdoor-lamps\/outdoor-floor-lights\/lombardo-clic-post-2700k-corten\/#breadcrumb\",\"itemListElement\":[{\"@type\":\"ListItem\",\"position\":1,\"name\":\"Home\",\"item\":\"https:\/\/www.lightdesign.shop\/en\/\"},{\"@type\":\"ListItem\",\"position\":2,\"name\":\"Shop\",\"item\":\"https:\/\/www.lightdesign.shop\/en\/shop\/\"},{\"@type\":\"ListItem\",\"position\":3,\"name\":\"Lombardo CLIC POST 2700k &#8211; corten\"}]},{\"@type\":\"WebSite\",\"@id\":\"https:\/\/www.lightdesign.shop\/en\/#website\",\"url\":\"https:\/\/www.lightdesign.shop\/en\/\",\"name\":\"LiD - illumina il tuo mondo\",\"description\":\"Light Design Shop\",\"publisher\":{\"@id\":\"https:\/\/www.lightdesign.shop\/en\/#organization\"},\"alternateName\":\"lightdesign.shop\",\"potentialAction\":[{\"@type\":\"SearchAction\",\"target\":{\"@type\":\"EntryPoint\",\"urlTemplate\":\"https:\/\/www.lightdesign.shop\/en\/?s={search_term_string}\"},\"query-input\":{\"@type\":\"PropertyValueSpecification\",\"valueRequired\":true,\"valueName\":\"search_term_string\"}}],\"inLanguage\":\"en-US\"},{\"@type\":\"Organization\",\"@id\":\"https:\/\/www.lightdesign.shop\/en\/#organization\",\"name\":\"LiD Srl\",\"url\":\"https:\/\/www.lightdesign.shop\/en\/\",\"logo\":{\"@type\":\"ImageObject\",\"inLanguage\":\"en-US\",\"@id\":\"https:\/\/www.lightdesign.shop\/en\/#\/schema\/logo\/image\/\",\"url\":\"https:\/\/www.lightdesign.shop\/wp-content\/uploads\/2024\/06\/logo.png\",\"contentUrl\":\"https:\/\/www.lightdesign.shop\/wp-content\/uploads\/2024\/06\/logo.png\",\"width\":1027,\"height\":759,\"caption\":\"LiD Srl\"},\"image\":{\"@id\":\"https:\/\/www.lightdesign.shop\/en\/#\/schema\/logo\/image\/\"},\"sameAs\":[\"https:\/\/www.facebook.com\/LID-Design-757324454392843\/\",\"https:\/\/www.instagram.com\/lightdesign.shop\/\",\"https:\/\/www.youtube.com\/channel\/UC-wfhs9IlrFGpIWzx24cMhA\"]}]}<\/script>\n<!-- \/ Yoast SEO plugin. -->","yoast_head_json":{"title":"Lombardo CLIC POST 2700k - corten - LiD Design","robots":{"index":"index","follow":"follow","max-snippet":"max-snippet:-1","max-image-preview":"max-image-preview:large","max-video-preview":"max-video-preview:-1"},"canonical":"https:\/\/www.lightdesign.shop\/en\/shop\/outdoor-lamps\/outdoor-floor-lights\/lombardo-clic-post-2700k-corten\/","og_locale":"en_US","og_type":"article","og_title":"Lombardo CLIC POST 2700k - corten - LiD Design","og_description":"Il Clic Post, prodotto dal marchio Lombardo, \u00e8 una soluzione ideale per l'illuminazione esterna. Caratterizzato da un corpo e diffusore in policarbonato verniciato, offre una robusta resistenza agli agenti atmosferici. Questo apparecchio \u00e8 progettato con guarnizioni in silicone per mantenere il grado di protezione IP65, garantendo cos\u00ec la sua impermeabilit\u00e0 all'acqua e alla polvere. La bulloneria in acciaio inossidabile A4 assicura una maggiore durabilit\u00e0 nel tempo. Il Clic Post \u00e8 disponibile in due versioni: una con attacco GU10 (lampadina non inclusa) e un'altra con motore LED integrato a tensione di rete","og_url":"https:\/\/www.lightdesign.shop\/en\/shop\/outdoor-lamps\/outdoor-floor-lights\/lombardo-clic-post-2700k-corten\/","og_site_name":"LiD Design","article_publisher":"https:\/\/www.facebook.com\/LID-Design-757324454392843\/","article_modified_time":"2025-12-02T00:42:20+00:00","og_image":[{"width":1000,"height":1000,"url":"https:\/\/www.lightdesign.shop\/wp-content\/uploads\/2024\/05\/LL14804K2.jpg","type":"image\/jpeg"}],"twitter_card":"summary_large_image","twitter_misc":{"Est. reading time":"1 minute"},"schema":{"@context":"https:\/\/schema.org","@graph":[{"@type":"WebPage","@id":"https:\/\/www.lightdesign.shop\/en\/shop\/outdoor-lamps\/outdoor-floor-lights\/lombardo-clic-post-2700k-corten\/","url":"https:\/\/www.lightdesign.shop\/en\/shop\/outdoor-lamps\/outdoor-floor-lights\/lombardo-clic-post-2700k-corten\/","name":"Lombardo CLIC POST 2700k - corten - LiD Design","isPartOf":{"@id":"https:\/\/www.lightdesign.shop\/en\/#website"},"primaryImageOfPage":{"@id":"https:\/\/www.lightdesign.shop\/en\/shop\/outdoor-lamps\/outdoor-floor-lights\/lombardo-clic-post-2700k-corten\/#primaryimage"},"image":{"@id":"https:\/\/www.lightdesign.shop\/en\/shop\/outdoor-lamps\/outdoor-floor-lights\/lombardo-clic-post-2700k-corten\/#primaryimage"},"thumbnailUrl":"https:\/\/www.lightdesign.shop\/wp-content\/uploads\/2024\/05\/LL14804K2.jpg","datePublished":"2024-05-16T08:33:31+00:00","dateModified":"2025-12-02T00:42:20+00:00","breadcrumb":{"@id":"https:\/\/www.lightdesign.shop\/en\/shop\/outdoor-lamps\/outdoor-floor-lights\/lombardo-clic-post-2700k-corten\/#breadcrumb"},"inLanguage":"en-US","potentialAction":[{"@type":"ReadAction","target":["https:\/\/www.lightdesign.shop\/en\/shop\/outdoor-lamps\/outdoor-floor-lights\/lombardo-clic-post-2700k-corten\/"]}]},{"@type":"ImageObject","inLanguage":"en-US","@id":"https:\/\/www.lightdesign.shop\/en\/shop\/outdoor-lamps\/outdoor-floor-lights\/lombardo-clic-post-2700k-corten\/#primaryimage","url":"https:\/\/www.lightdesign.shop\/wp-content\/uploads\/2024\/05\/LL14804K2.jpg","contentUrl":"https:\/\/www.lightdesign.shop\/wp-content\/uploads\/2024\/05\/LL14804K2.jpg","width":1000,"height":1000},{"@type":"BreadcrumbList","@id":"https:\/\/www.lightdesign.shop\/en\/shop\/outdoor-lamps\/outdoor-floor-lights\/lombardo-clic-post-2700k-corten\/#breadcrumb","itemListElement":[{"@type":"ListItem","position":1,"name":"Home","item":"https:\/\/www.lightdesign.shop\/en\/"},{"@type":"ListItem","position":2,"name":"Shop","item":"https:\/\/www.lightdesign.shop\/en\/shop\/"},{"@type":"ListItem","position":3,"name":"Lombardo CLIC POST 2700k &#8211; corten"}]},{"@type":"WebSite","@id":"https:\/\/www.lightdesign.shop\/en\/#website","url":"https:\/\/www.lightdesign.shop\/en\/","name":"LiD - illumina il tuo mondo","description":"Light Design Shop","publisher":{"@id":"https:\/\/www.lightdesign.shop\/en\/#organization"},"alternateName":"lightdesign.shop","potentialAction":[{"@type":"SearchAction","target":{"@type":"EntryPoint","urlTemplate":"https:\/\/www.lightdesign.shop\/en\/?s={search_term_string}"},"query-input":{"@type":"PropertyValueSpecification","valueRequired":true,"valueName":"search_term_string"}}],"inLanguage":"en-US"},{"@type":"Organization","@id":"https:\/\/www.lightdesign.shop\/en\/#organization","name":"LiD Srl","url":"https:\/\/www.lightdesign.shop\/en\/","logo":{"@type":"ImageObject","inLanguage":"en-US","@id":"https:\/\/www.lightdesign.shop\/en\/#\/schema\/logo\/image\/","url":"https:\/\/www.lightdesign.shop\/wp-content\/uploads\/2024\/06\/logo.png","contentUrl":"https:\/\/www.lightdesign.shop\/wp-content\/uploads\/2024\/06\/logo.png","width":1027,"height":759,"caption":"LiD Srl"},"image":{"@id":"https:\/\/www.lightdesign.shop\/en\/#\/schema\/logo\/image\/"},"sameAs":["https:\/\/www.facebook.com\/LID-Design-757324454392843\/","https:\/\/www.instagram.com\/lightdesign.shop\/","https:\/\/www.youtube.com\/channel\/UC-wfhs9IlrFGpIWzx24cMhA"]}]}},"_links":{"self":[{"href":"https:\/\/www.lightdesign.shop\/en\/wp-json\/wp\/v2\/product\/683180","targetHints":{"allow":["GET"]}}],"collection":[{"href":"https:\/\/www.lightdesign.shop\/en\/wp-json\/wp\/v2\/product"}],"about":[{"href":"https:\/\/www.lightdesign.shop\/en\/wp-json\/wp\/v2\/types\/product"}],"replies":[{"embeddable":true,"href":"https:\/\/www.lightdesign.shop\/en\/wp-json\/wp\/v2\/comments?post=683180"}],"wp:featuredmedia":[{"embeddable":true,"href":"https:\/\/www.lightdesign.shop\/en\/wp-json\/wp\/v2\/media\/682031"}],"wp:attachment":[{"href":"https:\/\/www.lightdesign.shop\/en\/wp-json\/wp\/v2\/media?parent=683180"}],"wp:term":[{"taxonomy":"product_brand","embeddable":true,"href":"https:\/\/www.lightdesign.shop\/en\/wp-json\/wp\/v2\/product_brand?post=683180"},{"taxonomy":"product_cat","embeddable":true,"href":"https:\/\/www.lightdesign.shop\/en\/wp-json\/wp\/v2\/product_cat?post=683180"},{"taxonomy":"product_tag","embeddable":true,"href":"https:\/\/www.lightdesign.shop\/en\/wp-json\/wp\/v2\/product_tag?post=683180"}],"curies":[{"name":"wp","href":"https:\/\/api.w.org\/{rel}","templated":true}]}}