{"id":615037,"date":"2024-04-26T11:56:55","date_gmt":"2024-04-26T09:56:55","guid":{"rendered":"https:\/\/www.lightdesign.shop\/negozio\/uncategorized\/wever-e-ducre-palos-carre-1-0-led-2700k-anthracite-grey\/"},"modified":"2025-12-02T02:10:34","modified_gmt":"2025-12-02T01:10:34","slug":"wever-e-ducre-palos-carre-1-0-led-2700k-anthracite-grey","status":"publish","type":"product","link":"https:\/\/www.lightdesign.shop\/en\/shop\/outdoor-lamps\/outdoor-floor-lights\/wever-e-ducre-palos-carre-1-0-led-2700k-anthracite-grey\/","title":{"rendered":"Wever e Ducr\u00e8 PALOS CARR\u00c9 1.0 &#8211; LED 2700K &#8211; anthracite grey"},"content":{"rendered":"<h2>PALOS CARR\u00c9 1.0 &#8211; LED 2700K &#8211; anthracite grey<\/h2>\n<p>Palos Carr\u00e9 1.0 is an outdoor floor lamp produced by the Wever and Ducr\u00e8 brand, with angular head and unilateral distribution. With its angular, monochrome design and pleasant light effect, the Palos Carr\u00e9 1.0 LED luminaire convinces in any modern ambience. Made of die-cast aluminium, it has a slender shape; the linear design characterizes the entire luminaire, from the mounting plate to the body, up to the protruding head on the side. The story of Wever and Ducr\u00e8 begins in the early 1980s, when a handful of young Belgians decided to start a lighting company. Cutting-edge LEDs that feel equally at home in a cozy penthouse or the hottest club in town. Because they save space, save resources and offer a higher quality of life. And that&#8217;s exactly what we want from Wever and Ducr\u00e9.<\/p>\n<p><em>Light source: LED 10,5 W &#8211; 2700 K &#8211; 680 lumens &#8211; 220\/240 V &#8211; phase-cut dimmer &#8211; IP65. Dimensions: H 30 mm L 130 mm W 60 mm<\/em><\/p>\n","protected":false},"excerpt":{"rendered":"<p>Palos Carr\u00e9 1.0 is an outdoor floor lamp produced by the Wever and Ducr\u00e8 brand, with angular head and unilateral distribution. With its angular, monochrome design and pleasant light effect, the Palos Carr\u00e9 1.0 LED luminaire convinces in any modern ambience. Made of die-cast aluminium, it has a slender shape; the linear design characterizes the entire luminaire, from the mounting plate to the body, up to the protruding head on the side.<\/p>\n","protected":false},"featured_media":614390,"comment_status":"open","ping_status":"open","template":"","meta":{"_exactmetrics_skip_tracking":false,"_exactmetrics_sitenote_active":false,"_exactmetrics_sitenote_note":"","_exactmetrics_sitenote_category":0,"_joinchat":[]},"product_brand":[],"product_cat":[399],"product_tag":[],"class_list":{"0":"post-615037","1":"product","2":"type-product","3":"status-publish","4":"has-post-thumbnail","6":"product_cat-outdoor-floor-lights","7":"pa_ambiente-outdoor-en","8":"pa_brand-wever-e-ducre-en","9":"pa_colore-grey","10":"pa_materiale-aluminum","11":"pa_stile-modern-en","13":"first","14":"instock","15":"sale","16":"taxable","17":"shipping-taxable","18":"purchasable","19":"product-type-simple"},"yoast_head":"<!-- This site is optimized with the Yoast SEO plugin v27.4 - https:\/\/yoast.com\/product\/yoast-seo-wordpress\/ -->\n<title>Wever e Ducr\u00e8 PALOS CARR\u00c9 1.0 - LED 2700K - anthracite grey - LiD Design<\/title>\n<meta name=\"robots\" content=\"index, follow, max-snippet:-1, max-image-preview:large, max-video-preview:-1\" \/>\n<link rel=\"canonical\" href=\"https:\/\/www.lightdesign.shop\/en\/shop\/outdoor-lamps\/outdoor-floor-lights\/wever-e-ducre-palos-carre-1-0-led-2700k-anthracite-grey\/\" \/>\n<meta property=\"og:locale\" content=\"en_US\" \/>\n<meta property=\"og:type\" content=\"article\" \/>\n<meta property=\"og:title\" content=\"Wever e Ducr\u00e8 PALOS CARR\u00c9 1.0 - LED 2700K - anthracite grey - LiD Design\" \/>\n<meta property=\"og:description\" content=\"Palos Carr\u00e9 1.0 is an outdoor floor lamp produced by the Wever and Ducr\u00e8 brand, with angular head and unilateral distribution. With its angular, monochrome design and pleasant light effect, the Palos Carr\u00e9 1.0 LED luminaire convinces in any modern ambience. Made of die-cast aluminium, it has a slender shape; the linear design characterizes the entire luminaire, from the mounting plate to the body, up to the protruding head on the side.\" \/>\n<meta property=\"og:url\" content=\"https:\/\/www.lightdesign.shop\/en\/shop\/outdoor-lamps\/outdoor-floor-lights\/wever-e-ducre-palos-carre-1-0-led-2700k-anthracite-grey\/\" \/>\n<meta property=\"og:site_name\" content=\"LiD Design\" \/>\n<meta property=\"article:publisher\" content=\"https:\/\/www.facebook.com\/LID-Design-757324454392843\/\" \/>\n<meta property=\"article:modified_time\" content=\"2025-12-02T01:10:34+00:00\" \/>\n<meta property=\"og:image\" content=\"https:\/\/www.lightdesign.shop\/wp-content\/uploads\/2024\/04\/4164A4A2.jpg\" \/>\n\t<meta property=\"og:image:width\" content=\"1000\" \/>\n\t<meta property=\"og:image:height\" content=\"1000\" \/>\n\t<meta property=\"og:image:type\" content=\"image\/jpeg\" \/>\n<meta name=\"twitter:card\" content=\"summary_large_image\" \/>\n<meta name=\"twitter:label1\" content=\"Est. reading time\" \/>\n\t<meta name=\"twitter:data1\" content=\"1 minute\" \/>\n<script type=\"application\/ld+json\" class=\"yoast-schema-graph\">{\"@context\":\"https:\\\/\\\/schema.org\",\"@graph\":[{\"@type\":\"WebPage\",\"@id\":\"https:\\\/\\\/www.lightdesign.shop\\\/en\\\/shop\\\/outdoor-lamps\\\/outdoor-floor-lights\\\/wever-e-ducre-palos-carre-1-0-led-2700k-anthracite-grey\\\/\",\"url\":\"https:\\\/\\\/www.lightdesign.shop\\\/en\\\/shop\\\/outdoor-lamps\\\/outdoor-floor-lights\\\/wever-e-ducre-palos-carre-1-0-led-2700k-anthracite-grey\\\/\",\"name\":\"Wever e Ducr\u00e8 PALOS CARR\u00c9 1.0 - LED 2700K - anthracite grey - LiD Design\",\"isPartOf\":{\"@id\":\"https:\\\/\\\/www.lightdesign.shop\\\/en\\\/#website\"},\"primaryImageOfPage\":{\"@id\":\"https:\\\/\\\/www.lightdesign.shop\\\/en\\\/shop\\\/outdoor-lamps\\\/outdoor-floor-lights\\\/wever-e-ducre-palos-carre-1-0-led-2700k-anthracite-grey\\\/#primaryimage\"},\"image\":{\"@id\":\"https:\\\/\\\/www.lightdesign.shop\\\/en\\\/shop\\\/outdoor-lamps\\\/outdoor-floor-lights\\\/wever-e-ducre-palos-carre-1-0-led-2700k-anthracite-grey\\\/#primaryimage\"},\"thumbnailUrl\":\"https:\\\/\\\/www.lightdesign.shop\\\/wp-content\\\/uploads\\\/2024\\\/04\\\/4164A4A2.jpg\",\"datePublished\":\"2024-04-26T09:56:55+00:00\",\"dateModified\":\"2025-12-02T01:10:34+00:00\",\"breadcrumb\":{\"@id\":\"https:\\\/\\\/www.lightdesign.shop\\\/en\\\/shop\\\/outdoor-lamps\\\/outdoor-floor-lights\\\/wever-e-ducre-palos-carre-1-0-led-2700k-anthracite-grey\\\/#breadcrumb\"},\"inLanguage\":\"en-US\",\"potentialAction\":[{\"@type\":\"ReadAction\",\"target\":[\"https:\\\/\\\/www.lightdesign.shop\\\/en\\\/shop\\\/outdoor-lamps\\\/outdoor-floor-lights\\\/wever-e-ducre-palos-carre-1-0-led-2700k-anthracite-grey\\\/\"]}]},{\"@type\":\"ImageObject\",\"inLanguage\":\"en-US\",\"@id\":\"https:\\\/\\\/www.lightdesign.shop\\\/en\\\/shop\\\/outdoor-lamps\\\/outdoor-floor-lights\\\/wever-e-ducre-palos-carre-1-0-led-2700k-anthracite-grey\\\/#primaryimage\",\"url\":\"https:\\\/\\\/www.lightdesign.shop\\\/wp-content\\\/uploads\\\/2024\\\/04\\\/4164A4A2.jpg\",\"contentUrl\":\"https:\\\/\\\/www.lightdesign.shop\\\/wp-content\\\/uploads\\\/2024\\\/04\\\/4164A4A2.jpg\",\"width\":1000,\"height\":1000},{\"@type\":\"BreadcrumbList\",\"@id\":\"https:\\\/\\\/www.lightdesign.shop\\\/en\\\/shop\\\/outdoor-lamps\\\/outdoor-floor-lights\\\/wever-e-ducre-palos-carre-1-0-led-2700k-anthracite-grey\\\/#breadcrumb\",\"itemListElement\":[{\"@type\":\"ListItem\",\"position\":1,\"name\":\"Home\",\"item\":\"https:\\\/\\\/www.lightdesign.shop\\\/en\\\/\"},{\"@type\":\"ListItem\",\"position\":2,\"name\":\"Shop\",\"item\":\"https:\\\/\\\/www.lightdesign.shop\\\/en\\\/shop\\\/\"},{\"@type\":\"ListItem\",\"position\":3,\"name\":\"Wever e Ducr\u00e8 PALOS CARR\u00c9 1.0 &#8211; LED 2700K &#8211; anthracite grey\"}]},{\"@type\":\"WebSite\",\"@id\":\"https:\\\/\\\/www.lightdesign.shop\\\/en\\\/#website\",\"url\":\"https:\\\/\\\/www.lightdesign.shop\\\/en\\\/\",\"name\":\"LiD - illumina il tuo mondo\",\"description\":\"Light Design Shop\",\"publisher\":{\"@id\":\"https:\\\/\\\/www.lightdesign.shop\\\/en\\\/#organization\"},\"alternateName\":\"lightdesign.shop\",\"potentialAction\":[{\"@type\":\"SearchAction\",\"target\":{\"@type\":\"EntryPoint\",\"urlTemplate\":\"https:\\\/\\\/www.lightdesign.shop\\\/en\\\/?s={search_term_string}\"},\"query-input\":{\"@type\":\"PropertyValueSpecification\",\"valueRequired\":true,\"valueName\":\"search_term_string\"}}],\"inLanguage\":\"en-US\"},{\"@type\":\"Organization\",\"@id\":\"https:\\\/\\\/www.lightdesign.shop\\\/en\\\/#organization\",\"name\":\"LiD Srl\",\"url\":\"https:\\\/\\\/www.lightdesign.shop\\\/en\\\/\",\"logo\":{\"@type\":\"ImageObject\",\"inLanguage\":\"en-US\",\"@id\":\"https:\\\/\\\/www.lightdesign.shop\\\/en\\\/#\\\/schema\\\/logo\\\/image\\\/\",\"url\":\"https:\\\/\\\/www.lightdesign.shop\\\/wp-content\\\/uploads\\\/2024\\\/06\\\/logo.png\",\"contentUrl\":\"https:\\\/\\\/www.lightdesign.shop\\\/wp-content\\\/uploads\\\/2024\\\/06\\\/logo.png\",\"width\":1027,\"height\":759,\"caption\":\"LiD Srl\"},\"image\":{\"@id\":\"https:\\\/\\\/www.lightdesign.shop\\\/en\\\/#\\\/schema\\\/logo\\\/image\\\/\"},\"sameAs\":[\"https:\\\/\\\/www.facebook.com\\\/LID-Design-757324454392843\\\/\",\"https:\\\/\\\/www.instagram.com\\\/lightdesign.shop\\\/\",\"https:\\\/\\\/www.youtube.com\\\/channel\\\/UC-wfhs9IlrFGpIWzx24cMhA\"]}]}<\/script>\n<!-- \/ Yoast SEO plugin. -->","yoast_head_json":{"title":"Wever e Ducr\u00e8 PALOS CARR\u00c9 1.0 - LED 2700K - anthracite grey - LiD Design","robots":{"index":"index","follow":"follow","max-snippet":"max-snippet:-1","max-image-preview":"max-image-preview:large","max-video-preview":"max-video-preview:-1"},"canonical":"https:\/\/www.lightdesign.shop\/en\/shop\/outdoor-lamps\/outdoor-floor-lights\/wever-e-ducre-palos-carre-1-0-led-2700k-anthracite-grey\/","og_locale":"en_US","og_type":"article","og_title":"Wever e Ducr\u00e8 PALOS CARR\u00c9 1.0 - LED 2700K - anthracite grey - LiD Design","og_description":"Palos Carr\u00e9 1.0 is an outdoor floor lamp produced by the Wever and Ducr\u00e8 brand, with angular head and unilateral distribution. With its angular, monochrome design and pleasant light effect, the Palos Carr\u00e9 1.0 LED luminaire convinces in any modern ambience. Made of die-cast aluminium, it has a slender shape; the linear design characterizes the entire luminaire, from the mounting plate to the body, up to the protruding head on the side.","og_url":"https:\/\/www.lightdesign.shop\/en\/shop\/outdoor-lamps\/outdoor-floor-lights\/wever-e-ducre-palos-carre-1-0-led-2700k-anthracite-grey\/","og_site_name":"LiD Design","article_publisher":"https:\/\/www.facebook.com\/LID-Design-757324454392843\/","article_modified_time":"2025-12-02T01:10:34+00:00","og_image":[{"width":1000,"height":1000,"url":"https:\/\/www.lightdesign.shop\/wp-content\/uploads\/2024\/04\/4164A4A2.jpg","type":"image\/jpeg"}],"twitter_card":"summary_large_image","twitter_misc":{"Est. reading time":"1 minute"},"schema":{"@context":"https:\/\/schema.org","@graph":[{"@type":"WebPage","@id":"https:\/\/www.lightdesign.shop\/en\/shop\/outdoor-lamps\/outdoor-floor-lights\/wever-e-ducre-palos-carre-1-0-led-2700k-anthracite-grey\/","url":"https:\/\/www.lightdesign.shop\/en\/shop\/outdoor-lamps\/outdoor-floor-lights\/wever-e-ducre-palos-carre-1-0-led-2700k-anthracite-grey\/","name":"Wever e Ducr\u00e8 PALOS CARR\u00c9 1.0 - LED 2700K - anthracite grey - LiD Design","isPartOf":{"@id":"https:\/\/www.lightdesign.shop\/en\/#website"},"primaryImageOfPage":{"@id":"https:\/\/www.lightdesign.shop\/en\/shop\/outdoor-lamps\/outdoor-floor-lights\/wever-e-ducre-palos-carre-1-0-led-2700k-anthracite-grey\/#primaryimage"},"image":{"@id":"https:\/\/www.lightdesign.shop\/en\/shop\/outdoor-lamps\/outdoor-floor-lights\/wever-e-ducre-palos-carre-1-0-led-2700k-anthracite-grey\/#primaryimage"},"thumbnailUrl":"https:\/\/www.lightdesign.shop\/wp-content\/uploads\/2024\/04\/4164A4A2.jpg","datePublished":"2024-04-26T09:56:55+00:00","dateModified":"2025-12-02T01:10:34+00:00","breadcrumb":{"@id":"https:\/\/www.lightdesign.shop\/en\/shop\/outdoor-lamps\/outdoor-floor-lights\/wever-e-ducre-palos-carre-1-0-led-2700k-anthracite-grey\/#breadcrumb"},"inLanguage":"en-US","potentialAction":[{"@type":"ReadAction","target":["https:\/\/www.lightdesign.shop\/en\/shop\/outdoor-lamps\/outdoor-floor-lights\/wever-e-ducre-palos-carre-1-0-led-2700k-anthracite-grey\/"]}]},{"@type":"ImageObject","inLanguage":"en-US","@id":"https:\/\/www.lightdesign.shop\/en\/shop\/outdoor-lamps\/outdoor-floor-lights\/wever-e-ducre-palos-carre-1-0-led-2700k-anthracite-grey\/#primaryimage","url":"https:\/\/www.lightdesign.shop\/wp-content\/uploads\/2024\/04\/4164A4A2.jpg","contentUrl":"https:\/\/www.lightdesign.shop\/wp-content\/uploads\/2024\/04\/4164A4A2.jpg","width":1000,"height":1000},{"@type":"BreadcrumbList","@id":"https:\/\/www.lightdesign.shop\/en\/shop\/outdoor-lamps\/outdoor-floor-lights\/wever-e-ducre-palos-carre-1-0-led-2700k-anthracite-grey\/#breadcrumb","itemListElement":[{"@type":"ListItem","position":1,"name":"Home","item":"https:\/\/www.lightdesign.shop\/en\/"},{"@type":"ListItem","position":2,"name":"Shop","item":"https:\/\/www.lightdesign.shop\/en\/shop\/"},{"@type":"ListItem","position":3,"name":"Wever e Ducr\u00e8 PALOS CARR\u00c9 1.0 &#8211; LED 2700K &#8211; anthracite grey"}]},{"@type":"WebSite","@id":"https:\/\/www.lightdesign.shop\/en\/#website","url":"https:\/\/www.lightdesign.shop\/en\/","name":"LiD - illumina il tuo mondo","description":"Light Design Shop","publisher":{"@id":"https:\/\/www.lightdesign.shop\/en\/#organization"},"alternateName":"lightdesign.shop","potentialAction":[{"@type":"SearchAction","target":{"@type":"EntryPoint","urlTemplate":"https:\/\/www.lightdesign.shop\/en\/?s={search_term_string}"},"query-input":{"@type":"PropertyValueSpecification","valueRequired":true,"valueName":"search_term_string"}}],"inLanguage":"en-US"},{"@type":"Organization","@id":"https:\/\/www.lightdesign.shop\/en\/#organization","name":"LiD Srl","url":"https:\/\/www.lightdesign.shop\/en\/","logo":{"@type":"ImageObject","inLanguage":"en-US","@id":"https:\/\/www.lightdesign.shop\/en\/#\/schema\/logo\/image\/","url":"https:\/\/www.lightdesign.shop\/wp-content\/uploads\/2024\/06\/logo.png","contentUrl":"https:\/\/www.lightdesign.shop\/wp-content\/uploads\/2024\/06\/logo.png","width":1027,"height":759,"caption":"LiD Srl"},"image":{"@id":"https:\/\/www.lightdesign.shop\/en\/#\/schema\/logo\/image\/"},"sameAs":["https:\/\/www.facebook.com\/LID-Design-757324454392843\/","https:\/\/www.instagram.com\/lightdesign.shop\/","https:\/\/www.youtube.com\/channel\/UC-wfhs9IlrFGpIWzx24cMhA"]}]}},"_links":{"self":[{"href":"https:\/\/www.lightdesign.shop\/en\/wp-json\/wp\/v2\/product\/615037","targetHints":{"allow":["GET"]}}],"collection":[{"href":"https:\/\/www.lightdesign.shop\/en\/wp-json\/wp\/v2\/product"}],"about":[{"href":"https:\/\/www.lightdesign.shop\/en\/wp-json\/wp\/v2\/types\/product"}],"replies":[{"embeddable":true,"href":"https:\/\/www.lightdesign.shop\/en\/wp-json\/wp\/v2\/comments?post=615037"}],"wp:featuredmedia":[{"embeddable":true,"href":"https:\/\/www.lightdesign.shop\/en\/wp-json\/wp\/v2\/media\/614390"}],"wp:attachment":[{"href":"https:\/\/www.lightdesign.shop\/en\/wp-json\/wp\/v2\/media?parent=615037"}],"wp:term":[{"taxonomy":"product_brand","embeddable":true,"href":"https:\/\/www.lightdesign.shop\/en\/wp-json\/wp\/v2\/product_brand?post=615037"},{"taxonomy":"product_cat","embeddable":true,"href":"https:\/\/www.lightdesign.shop\/en\/wp-json\/wp\/v2\/product_cat?post=615037"},{"taxonomy":"product_tag","embeddable":true,"href":"https:\/\/www.lightdesign.shop\/en\/wp-json\/wp\/v2\/product_tag?post=615037"}],"curies":[{"name":"wp","href":"https:\/\/api.w.org\/{rel}","templated":true}]}}