{"id":614997,"date":"2024-04-26T11:52:12","date_gmt":"2024-04-26T09:52:12","guid":{"rendered":"https:\/\/www.lightdesign.shop\/negozio\/uncategorized\/wever-e-ducre-mirbi-ip44-1-0-white\/"},"modified":"2025-12-02T01:55:14","modified_gmt":"2025-12-02T00:55:14","slug":"wever-e-ducre-mirbi-ip44-1-0-white","status":"publish","type":"product","link":"https:\/\/www.lightdesign.shop\/en\/shop\/indoor-lamps\/indoor-ceiling-lights\/wever-e-ducre-mirbi-ip44-1-0-white\/","title":{"rendered":"Wever e Ducr\u00e8 MIRBI IP44 1.0 &#8211; white"},"content":{"rendered":"<h2>MIRBI IP44 1.0 &#8211; white<\/h2>\n<p>La collezione Mirbi del marchio Wever e Ducr\u00e8, si ispira ad un fresco cubetto di ghiaccio. Con il suo glossy look che cattura l\u2019attenzione di tutti. Una finitura interna sabbiata che diffonde una luce particolarmente morbida e delicata. L\u2019apparecchio in scintillante materiale acrilico si pu\u00f2 utilizzare per creare suggestivi colpi d\u2019occhio non solo nella zona giorno ma anche in bagno. Infatti MIRBI \u00e8 certificato IP44 e quindi si mantiene all\u2019altezza della situazione anche quando \u00e8 bagnato. Con possibilit\u00e0 di installare MIRBI in versione lunga o rotonda e giocare con molte forme e varianti di design. La storia di Wever e Ducr\u00e8 inizia nei primi anni \u201980, quando una manciata di giovani belgi ha deciso di avviare una societ\u00e0 di illuminazione. LED all\u2019avanguardia che si sentono ugualmente a casa in un accogliente attico o nel club pi\u00f9 alla moda della citt\u00e0. Perch\u00e9 risparmiano spazio, risparmiano risorse e offrono una maggiore qualit\u00e0 della vita. Ed \u00e8 esattamente ci\u00f2 che vogliamo da Wever e Ducr\u00e9.<\/p>\n<p><em>Light source: LED 7,2 W &#8211; 3000 K &#8211; CRI\u226590 &#8211; 640 lumens &#8211; 220\/240 V &#8211; phase-cut dimmer &#8211; IP44. Dimensions: H 66 mm \u00d8 92 mm<\/em><\/p>\n","protected":false},"excerpt":{"rendered":"<p>The Mirbi collection from the Wever and Ducr\u00e8 brand is inspired by a fresh ice cube. With its glossy look that captures everyone&#8217;s attention. A sandblasted internal finish that diffuses a particularly soft and delicate light. The luminaire in sparkling acrylic material can be used to create evocative eye-catchers not only in the living area but also in the bathroom. In fact, MIRBI is IP44 certified and therefore remains up to the task even when wet. With the possibility of installing MIRBI in a long or round version and playing with many shapes and design variations.<\/p>\n","protected":false},"featured_media":614110,"comment_status":"open","ping_status":"closed","template":"","meta":{"_exactmetrics_skip_tracking":false,"_exactmetrics_sitenote_active":false,"_exactmetrics_sitenote_note":"","_exactmetrics_sitenote_category":0,"_joinchat":[]},"product_brand":[],"product_cat":[404],"product_tag":[],"class_list":{"0":"post-614997","1":"product","2":"type-product","3":"status-publish","4":"has-post-thumbnail","6":"product_cat-indoor-ceiling-lights","7":"pa_ambiente-bathroom","8":"pa_brand-wever-e-ducre-en","9":"pa_colore-white","10":"pa_materiale-plastic","11":"pa_stile-modern-en","13":"first","14":"instock","15":"sale","16":"taxable","17":"shipping-taxable","18":"purchasable","19":"product-type-simple"},"yoast_head":"<!-- This site is optimized with the Yoast SEO plugin v27.2 - https:\/\/yoast.com\/product\/yoast-seo-wordpress\/ -->\n<title>Wever e Ducr\u00e8 MIRBI IP44 1.0 - white - LiD Design<\/title>\n<meta name=\"robots\" content=\"index, follow, max-snippet:-1, max-image-preview:large, max-video-preview:-1\" \/>\n<link rel=\"canonical\" href=\"https:\/\/www.lightdesign.shop\/en\/shop\/indoor-lamps\/indoor-ceiling-lights\/wever-e-ducre-mirbi-ip44-1-0-white\/\" \/>\n<meta property=\"og:locale\" content=\"en_US\" \/>\n<meta property=\"og:type\" content=\"article\" \/>\n<meta property=\"og:title\" content=\"Wever e Ducr\u00e8 MIRBI IP44 1.0 - white - LiD Design\" \/>\n<meta property=\"og:description\" content=\"The Mirbi collection from the Wever and Ducr\u00e8 brand is inspired by a fresh ice cube. With its glossy look that captures everyone&#039;s attention. A sandblasted internal finish that diffuses a particularly soft and delicate light. The luminaire in sparkling acrylic material can be used to create evocative eye-catchers not only in the living area but also in the bathroom. In fact, MIRBI is IP44 certified and therefore remains up to the task even when wet. With the possibility of installing MIRBI in a long or round version and playing with many shapes and design variations.\" \/>\n<meta property=\"og:url\" content=\"https:\/\/www.lightdesign.shop\/en\/shop\/indoor-lamps\/indoor-ceiling-lights\/wever-e-ducre-mirbi-ip44-1-0-white\/\" \/>\n<meta property=\"og:site_name\" content=\"LiD Design\" \/>\n<meta property=\"article:publisher\" content=\"https:\/\/www.facebook.com\/LID-Design-757324454392843\/\" \/>\n<meta property=\"article:modified_time\" content=\"2025-12-02T00:55:14+00:00\" \/>\n<meta property=\"og:image\" content=\"https:\/\/www.lightdesign.shop\/wp-content\/uploads\/2024\/04\/175688W5.jpg\" \/>\n\t<meta property=\"og:image:width\" content=\"1000\" \/>\n\t<meta property=\"og:image:height\" content=\"1000\" \/>\n\t<meta property=\"og:image:type\" content=\"image\/jpeg\" \/>\n<meta name=\"twitter:card\" content=\"summary_large_image\" \/>\n<meta name=\"twitter:label1\" content=\"Est. reading time\" \/>\n\t<meta name=\"twitter:data1\" content=\"1 minute\" \/>\n<script type=\"application\/ld+json\" class=\"yoast-schema-graph\">{\"@context\":\"https:\/\/schema.org\",\"@graph\":[{\"@type\":\"WebPage\",\"@id\":\"https:\/\/www.lightdesign.shop\/en\/shop\/indoor-lamps\/indoor-ceiling-lights\/wever-e-ducre-mirbi-ip44-1-0-white\/\",\"url\":\"https:\/\/www.lightdesign.shop\/en\/shop\/indoor-lamps\/indoor-ceiling-lights\/wever-e-ducre-mirbi-ip44-1-0-white\/\",\"name\":\"Wever e Ducr\u00e8 MIRBI IP44 1.0 - white - LiD Design\",\"isPartOf\":{\"@id\":\"https:\/\/www.lightdesign.shop\/en\/#website\"},\"primaryImageOfPage\":{\"@id\":\"https:\/\/www.lightdesign.shop\/en\/shop\/indoor-lamps\/indoor-ceiling-lights\/wever-e-ducre-mirbi-ip44-1-0-white\/#primaryimage\"},\"image\":{\"@id\":\"https:\/\/www.lightdesign.shop\/en\/shop\/indoor-lamps\/indoor-ceiling-lights\/wever-e-ducre-mirbi-ip44-1-0-white\/#primaryimage\"},\"thumbnailUrl\":\"https:\/\/www.lightdesign.shop\/wp-content\/uploads\/2024\/04\/175688W5.jpg\",\"datePublished\":\"2024-04-26T09:52:12+00:00\",\"dateModified\":\"2025-12-02T00:55:14+00:00\",\"breadcrumb\":{\"@id\":\"https:\/\/www.lightdesign.shop\/en\/shop\/indoor-lamps\/indoor-ceiling-lights\/wever-e-ducre-mirbi-ip44-1-0-white\/#breadcrumb\"},\"inLanguage\":\"en-US\",\"potentialAction\":[{\"@type\":\"ReadAction\",\"target\":[\"https:\/\/www.lightdesign.shop\/en\/shop\/indoor-lamps\/indoor-ceiling-lights\/wever-e-ducre-mirbi-ip44-1-0-white\/\"]}]},{\"@type\":\"ImageObject\",\"inLanguage\":\"en-US\",\"@id\":\"https:\/\/www.lightdesign.shop\/en\/shop\/indoor-lamps\/indoor-ceiling-lights\/wever-e-ducre-mirbi-ip44-1-0-white\/#primaryimage\",\"url\":\"https:\/\/www.lightdesign.shop\/wp-content\/uploads\/2024\/04\/175688W5.jpg\",\"contentUrl\":\"https:\/\/www.lightdesign.shop\/wp-content\/uploads\/2024\/04\/175688W5.jpg\",\"width\":1000,\"height\":1000},{\"@type\":\"BreadcrumbList\",\"@id\":\"https:\/\/www.lightdesign.shop\/en\/shop\/indoor-lamps\/indoor-ceiling-lights\/wever-e-ducre-mirbi-ip44-1-0-white\/#breadcrumb\",\"itemListElement\":[{\"@type\":\"ListItem\",\"position\":1,\"name\":\"Home\",\"item\":\"https:\/\/www.lightdesign.shop\/en\/\"},{\"@type\":\"ListItem\",\"position\":2,\"name\":\"Shop\",\"item\":\"https:\/\/www.lightdesign.shop\/en\/shop\/\"},{\"@type\":\"ListItem\",\"position\":3,\"name\":\"Wever e Ducr\u00e8 MIRBI IP44 1.0 &#8211; white\"}]},{\"@type\":\"WebSite\",\"@id\":\"https:\/\/www.lightdesign.shop\/en\/#website\",\"url\":\"https:\/\/www.lightdesign.shop\/en\/\",\"name\":\"LiD - illumina il tuo mondo\",\"description\":\"Light Design Shop\",\"publisher\":{\"@id\":\"https:\/\/www.lightdesign.shop\/en\/#organization\"},\"alternateName\":\"lightdesign.shop\",\"potentialAction\":[{\"@type\":\"SearchAction\",\"target\":{\"@type\":\"EntryPoint\",\"urlTemplate\":\"https:\/\/www.lightdesign.shop\/en\/?s={search_term_string}\"},\"query-input\":{\"@type\":\"PropertyValueSpecification\",\"valueRequired\":true,\"valueName\":\"search_term_string\"}}],\"inLanguage\":\"en-US\"},{\"@type\":\"Organization\",\"@id\":\"https:\/\/www.lightdesign.shop\/en\/#organization\",\"name\":\"LiD Srl\",\"url\":\"https:\/\/www.lightdesign.shop\/en\/\",\"logo\":{\"@type\":\"ImageObject\",\"inLanguage\":\"en-US\",\"@id\":\"https:\/\/www.lightdesign.shop\/en\/#\/schema\/logo\/image\/\",\"url\":\"https:\/\/www.lightdesign.shop\/wp-content\/uploads\/2024\/06\/logo.png\",\"contentUrl\":\"https:\/\/www.lightdesign.shop\/wp-content\/uploads\/2024\/06\/logo.png\",\"width\":1027,\"height\":759,\"caption\":\"LiD Srl\"},\"image\":{\"@id\":\"https:\/\/www.lightdesign.shop\/en\/#\/schema\/logo\/image\/\"},\"sameAs\":[\"https:\/\/www.facebook.com\/LID-Design-757324454392843\/\",\"https:\/\/www.instagram.com\/lightdesign.shop\/\",\"https:\/\/www.youtube.com\/channel\/UC-wfhs9IlrFGpIWzx24cMhA\"]}]}<\/script>\n<!-- \/ Yoast SEO plugin. -->","yoast_head_json":{"title":"Wever e Ducr\u00e8 MIRBI IP44 1.0 - white - LiD Design","robots":{"index":"index","follow":"follow","max-snippet":"max-snippet:-1","max-image-preview":"max-image-preview:large","max-video-preview":"max-video-preview:-1"},"canonical":"https:\/\/www.lightdesign.shop\/en\/shop\/indoor-lamps\/indoor-ceiling-lights\/wever-e-ducre-mirbi-ip44-1-0-white\/","og_locale":"en_US","og_type":"article","og_title":"Wever e Ducr\u00e8 MIRBI IP44 1.0 - white - LiD Design","og_description":"The Mirbi collection from the Wever and Ducr\u00e8 brand is inspired by a fresh ice cube. With its glossy look that captures everyone's attention. A sandblasted internal finish that diffuses a particularly soft and delicate light. The luminaire in sparkling acrylic material can be used to create evocative eye-catchers not only in the living area but also in the bathroom. In fact, MIRBI is IP44 certified and therefore remains up to the task even when wet. With the possibility of installing MIRBI in a long or round version and playing with many shapes and design variations.","og_url":"https:\/\/www.lightdesign.shop\/en\/shop\/indoor-lamps\/indoor-ceiling-lights\/wever-e-ducre-mirbi-ip44-1-0-white\/","og_site_name":"LiD Design","article_publisher":"https:\/\/www.facebook.com\/LID-Design-757324454392843\/","article_modified_time":"2025-12-02T00:55:14+00:00","og_image":[{"width":1000,"height":1000,"url":"https:\/\/www.lightdesign.shop\/wp-content\/uploads\/2024\/04\/175688W5.jpg","type":"image\/jpeg"}],"twitter_card":"summary_large_image","twitter_misc":{"Est. reading time":"1 minute"},"schema":{"@context":"https:\/\/schema.org","@graph":[{"@type":"WebPage","@id":"https:\/\/www.lightdesign.shop\/en\/shop\/indoor-lamps\/indoor-ceiling-lights\/wever-e-ducre-mirbi-ip44-1-0-white\/","url":"https:\/\/www.lightdesign.shop\/en\/shop\/indoor-lamps\/indoor-ceiling-lights\/wever-e-ducre-mirbi-ip44-1-0-white\/","name":"Wever e Ducr\u00e8 MIRBI IP44 1.0 - white - LiD Design","isPartOf":{"@id":"https:\/\/www.lightdesign.shop\/en\/#website"},"primaryImageOfPage":{"@id":"https:\/\/www.lightdesign.shop\/en\/shop\/indoor-lamps\/indoor-ceiling-lights\/wever-e-ducre-mirbi-ip44-1-0-white\/#primaryimage"},"image":{"@id":"https:\/\/www.lightdesign.shop\/en\/shop\/indoor-lamps\/indoor-ceiling-lights\/wever-e-ducre-mirbi-ip44-1-0-white\/#primaryimage"},"thumbnailUrl":"https:\/\/www.lightdesign.shop\/wp-content\/uploads\/2024\/04\/175688W5.jpg","datePublished":"2024-04-26T09:52:12+00:00","dateModified":"2025-12-02T00:55:14+00:00","breadcrumb":{"@id":"https:\/\/www.lightdesign.shop\/en\/shop\/indoor-lamps\/indoor-ceiling-lights\/wever-e-ducre-mirbi-ip44-1-0-white\/#breadcrumb"},"inLanguage":"en-US","potentialAction":[{"@type":"ReadAction","target":["https:\/\/www.lightdesign.shop\/en\/shop\/indoor-lamps\/indoor-ceiling-lights\/wever-e-ducre-mirbi-ip44-1-0-white\/"]}]},{"@type":"ImageObject","inLanguage":"en-US","@id":"https:\/\/www.lightdesign.shop\/en\/shop\/indoor-lamps\/indoor-ceiling-lights\/wever-e-ducre-mirbi-ip44-1-0-white\/#primaryimage","url":"https:\/\/www.lightdesign.shop\/wp-content\/uploads\/2024\/04\/175688W5.jpg","contentUrl":"https:\/\/www.lightdesign.shop\/wp-content\/uploads\/2024\/04\/175688W5.jpg","width":1000,"height":1000},{"@type":"BreadcrumbList","@id":"https:\/\/www.lightdesign.shop\/en\/shop\/indoor-lamps\/indoor-ceiling-lights\/wever-e-ducre-mirbi-ip44-1-0-white\/#breadcrumb","itemListElement":[{"@type":"ListItem","position":1,"name":"Home","item":"https:\/\/www.lightdesign.shop\/en\/"},{"@type":"ListItem","position":2,"name":"Shop","item":"https:\/\/www.lightdesign.shop\/en\/shop\/"},{"@type":"ListItem","position":3,"name":"Wever e Ducr\u00e8 MIRBI IP44 1.0 &#8211; white"}]},{"@type":"WebSite","@id":"https:\/\/www.lightdesign.shop\/en\/#website","url":"https:\/\/www.lightdesign.shop\/en\/","name":"LiD - illumina il tuo mondo","description":"Light Design Shop","publisher":{"@id":"https:\/\/www.lightdesign.shop\/en\/#organization"},"alternateName":"lightdesign.shop","potentialAction":[{"@type":"SearchAction","target":{"@type":"EntryPoint","urlTemplate":"https:\/\/www.lightdesign.shop\/en\/?s={search_term_string}"},"query-input":{"@type":"PropertyValueSpecification","valueRequired":true,"valueName":"search_term_string"}}],"inLanguage":"en-US"},{"@type":"Organization","@id":"https:\/\/www.lightdesign.shop\/en\/#organization","name":"LiD Srl","url":"https:\/\/www.lightdesign.shop\/en\/","logo":{"@type":"ImageObject","inLanguage":"en-US","@id":"https:\/\/www.lightdesign.shop\/en\/#\/schema\/logo\/image\/","url":"https:\/\/www.lightdesign.shop\/wp-content\/uploads\/2024\/06\/logo.png","contentUrl":"https:\/\/www.lightdesign.shop\/wp-content\/uploads\/2024\/06\/logo.png","width":1027,"height":759,"caption":"LiD Srl"},"image":{"@id":"https:\/\/www.lightdesign.shop\/en\/#\/schema\/logo\/image\/"},"sameAs":["https:\/\/www.facebook.com\/LID-Design-757324454392843\/","https:\/\/www.instagram.com\/lightdesign.shop\/","https:\/\/www.youtube.com\/channel\/UC-wfhs9IlrFGpIWzx24cMhA"]}]}},"_links":{"self":[{"href":"https:\/\/www.lightdesign.shop\/en\/wp-json\/wp\/v2\/product\/614997","targetHints":{"allow":["GET"]}}],"collection":[{"href":"https:\/\/www.lightdesign.shop\/en\/wp-json\/wp\/v2\/product"}],"about":[{"href":"https:\/\/www.lightdesign.shop\/en\/wp-json\/wp\/v2\/types\/product"}],"replies":[{"embeddable":true,"href":"https:\/\/www.lightdesign.shop\/en\/wp-json\/wp\/v2\/comments?post=614997"}],"wp:featuredmedia":[{"embeddable":true,"href":"https:\/\/www.lightdesign.shop\/en\/wp-json\/wp\/v2\/media\/614110"}],"wp:attachment":[{"href":"https:\/\/www.lightdesign.shop\/en\/wp-json\/wp\/v2\/media?parent=614997"}],"wp:term":[{"taxonomy":"product_brand","embeddable":true,"href":"https:\/\/www.lightdesign.shop\/en\/wp-json\/wp\/v2\/product_brand?post=614997"},{"taxonomy":"product_cat","embeddable":true,"href":"https:\/\/www.lightdesign.shop\/en\/wp-json\/wp\/v2\/product_cat?post=614997"},{"taxonomy":"product_tag","embeddable":true,"href":"https:\/\/www.lightdesign.shop\/en\/wp-json\/wp\/v2\/product_tag?post=614997"}],"curies":[{"name":"wp","href":"https:\/\/api.w.org\/{rel}","templated":true}]}}