{"id":588104,"date":"2024-04-18T10:57:14","date_gmt":"2024-04-18T08:57:14","guid":{"rendered":"https:\/\/www.lightdesign.shop\/negozio\/uncategorized\/wever-e-ducre-deep-adjust-petit-1-0-wide-flood-led-2700k-wire-springs-satin-black\/"},"modified":"2025-12-02T01:43:47","modified_gmt":"2025-12-02T00:43:47","slug":"wever-e-ducre-deep-adjust-petit-1-0-wide-flood-led-2700k-wire-springs-satin-black","status":"publish","type":"product","link":"https:\/\/www.lightdesign.shop\/en\/shop\/indoor-lamps\/indoor-recessed-ceiling-lights\/wever-e-ducre-deep-adjust-petit-1-0-wide-flood-led-2700k-wire-springs-satin-black\/","title":{"rendered":"Wever e Ducr\u00e8 DEEP ADJUST petit 1.0 Wide Flood &#8211; LED 2700K &#8211; wire springs &#8211; satin black"},"content":{"rendered":"<h2>DEEP ADJUST petit 1.0 Wide Flood &#8211; LED 2700K &#8211; wire springs &#8211; satin black<\/h2>\n<p>DEEP ADJUST \u00e8 un faretto tondo da incasso a soffitto realizzato in alluminio pressofuso, creato e prodotto dal marchio Wever e Ducr\u00e8. Disponibile in diversi colori. Non esiste un problema di illuminazione che non si possa risolvere con la DEEP Family di Wever e Ducr\u00e8. In generale gli apparecchi da incasso della DEEP Family preferiscono essere discreti. Per tale motivo amano nascondersi in profondit\u00e0. Lo rende possibile il bordo sottile che praticamente si fonde con il soffitto. L\u2019effetto &#8220;trimless&#8221; rende questi apparecchi salvaspazio particolarmente apprezzati. Essendo incassati in un\u2019apertura rotonda del soffitto, il supporto visibile scompare.\u00a0La storia di Wever e Ducr\u00e8 inizia nei primi anni \u201980, quando una manciata di giovani belgi ha deciso di avviare una societ\u00e0 di illuminazione.LED all\u2019avanguardia che si sentono ugualmente a casa in un accogliente attico o nel club pi\u00f9 alla moda della citt\u00e0. Perch\u00e9 risparmiano spazio, risparmiano risorse e offrono una maggiore qualit\u00e0 della vita. Ed \u00e8 esattamente ci\u00f2 che vogliamo da Wever e Ducr\u00e9.La collezione LUNA comprende una serie di faretti rotondi o squadrati,bianchi o neri ad incasso con diverse sorgenti luminose.<\/p>\n<p><em>Light source: LED 6W &#8211; 2700 K &#8211; 540 lumens &#8211; CRI \u2265 90 &#8211; 17 V 350 mA &#8211; IP20. Dimensions: H 60 mm \u00d8 79 mm<\/em><\/p>\n","protected":false},"excerpt":{"rendered":"<p>DEEP ADJUST is a round recessed ceiling spotlight made of die-cast aluminium, created and produced by the Wever and Ducr\u00e8 brand. Available in different colors. There is no lighting problem that cannot be solved with the DEEP Family by Wever and Ducr\u00e8. In general, DEEP Family built-in appliances prefer to be discreet. For this reason they love to hide in depth. The thin edge that practically merges with the ceiling makes this possible. The &#8220;trimless&#8221; effect makes these space-saving appliances particularly popular. Being recessed into a round opening in the ceiling, the visible support disappears.<\/p>\n","protected":false},"featured_media":587971,"comment_status":"open","ping_status":"open","template":"","meta":{"_exactmetrics_skip_tracking":false,"_exactmetrics_sitenote_active":false,"_exactmetrics_sitenote_note":"","_exactmetrics_sitenote_category":0,"_joinchat":[]},"product_brand":[],"product_cat":[410],"product_tag":[],"class_list":{"0":"post-588104","1":"product","2":"type-product","3":"status-publish","4":"has-post-thumbnail","6":"product_cat-indoor-recessed-ceiling-lights","7":"pa_ambiente-kitchen","8":"pa_brand-wever-e-ducre-en","9":"pa_colore-black","10":"pa_materiale-aluminum","11":"pa_stile-minimal-en","13":"first","14":"instock","15":"sale","16":"taxable","17":"shipping-taxable","18":"purchasable","19":"product-type-simple"},"yoast_head":"<!-- This site is optimized with the Yoast SEO plugin v27.5 - https:\/\/yoast.com\/product\/yoast-seo-wordpress\/ -->\n<title>Wever e Ducr\u00e8 DEEP ADJUST petit 1.0 Wide Flood - LED 2700K - wire springs - satin black - LiD Design<\/title>\n<meta name=\"robots\" content=\"index, follow, max-snippet:-1, max-image-preview:large, max-video-preview:-1\" \/>\n<link rel=\"canonical\" href=\"https:\/\/www.lightdesign.shop\/en\/shop\/indoor-lamps\/indoor-recessed-ceiling-lights\/wever-e-ducre-deep-adjust-petit-1-0-wide-flood-led-2700k-wire-springs-satin-black\/\" \/>\n<meta property=\"og:locale\" content=\"en_US\" \/>\n<meta property=\"og:type\" content=\"article\" \/>\n<meta property=\"og:title\" content=\"Wever e Ducr\u00e8 DEEP ADJUST petit 1.0 Wide Flood - LED 2700K - wire springs - satin black - LiD Design\" \/>\n<meta property=\"og:description\" content=\"DEEP ADJUST is a round recessed ceiling spotlight made of die-cast aluminium, created and produced by the Wever and Ducr\u00e8 brand. Available in different colors. There is no lighting problem that cannot be solved with the DEEP Family by Wever and Ducr\u00e8. In general, DEEP Family built-in appliances prefer to be discreet. For this reason they love to hide in depth. The thin edge that practically merges with the ceiling makes this possible. The &quot;trimless&quot; effect makes these space-saving appliances particularly popular. Being recessed into a round opening in the ceiling, the visible support disappears.\" \/>\n<meta property=\"og:url\" content=\"https:\/\/www.lightdesign.shop\/en\/shop\/indoor-lamps\/indoor-recessed-ceiling-lights\/wever-e-ducre-deep-adjust-petit-1-0-wide-flood-led-2700k-wire-springs-satin-black\/\" \/>\n<meta property=\"og:site_name\" content=\"LiD Design\" \/>\n<meta property=\"article:publisher\" content=\"https:\/\/www.facebook.com\/LID-Design-757324454392843\/\" \/>\n<meta property=\"article:modified_time\" content=\"2025-12-02T00:43:47+00:00\" \/>\n<meta property=\"og:image\" content=\"https:\/\/www.lightdesign.shop\/wp-content\/uploads\/2024\/04\/153671B3.jpg\" \/>\n\t<meta property=\"og:image:width\" content=\"1000\" \/>\n\t<meta property=\"og:image:height\" content=\"1000\" \/>\n\t<meta property=\"og:image:type\" content=\"image\/jpeg\" \/>\n<meta name=\"twitter:card\" content=\"summary_large_image\" \/>\n<meta name=\"twitter:label1\" content=\"Est. reading time\" \/>\n\t<meta name=\"twitter:data1\" content=\"1 minute\" \/>\n<script type=\"application\/ld+json\" class=\"yoast-schema-graph\">{\"@context\":\"https:\\\/\\\/schema.org\",\"@graph\":[{\"@type\":\"WebPage\",\"@id\":\"https:\\\/\\\/www.lightdesign.shop\\\/en\\\/shop\\\/indoor-lamps\\\/indoor-recessed-ceiling-lights\\\/wever-e-ducre-deep-adjust-petit-1-0-wide-flood-led-2700k-wire-springs-satin-black\\\/\",\"url\":\"https:\\\/\\\/www.lightdesign.shop\\\/en\\\/shop\\\/indoor-lamps\\\/indoor-recessed-ceiling-lights\\\/wever-e-ducre-deep-adjust-petit-1-0-wide-flood-led-2700k-wire-springs-satin-black\\\/\",\"name\":\"Wever e Ducr\u00e8 DEEP ADJUST petit 1.0 Wide Flood - LED 2700K - wire springs - satin black - LiD Design\",\"isPartOf\":{\"@id\":\"https:\\\/\\\/www.lightdesign.shop\\\/en\\\/#website\"},\"primaryImageOfPage\":{\"@id\":\"https:\\\/\\\/www.lightdesign.shop\\\/en\\\/shop\\\/indoor-lamps\\\/indoor-recessed-ceiling-lights\\\/wever-e-ducre-deep-adjust-petit-1-0-wide-flood-led-2700k-wire-springs-satin-black\\\/#primaryimage\"},\"image\":{\"@id\":\"https:\\\/\\\/www.lightdesign.shop\\\/en\\\/shop\\\/indoor-lamps\\\/indoor-recessed-ceiling-lights\\\/wever-e-ducre-deep-adjust-petit-1-0-wide-flood-led-2700k-wire-springs-satin-black\\\/#primaryimage\"},\"thumbnailUrl\":\"https:\\\/\\\/www.lightdesign.shop\\\/wp-content\\\/uploads\\\/2024\\\/04\\\/153671B3.jpg\",\"datePublished\":\"2024-04-18T08:57:14+00:00\",\"dateModified\":\"2025-12-02T00:43:47+00:00\",\"breadcrumb\":{\"@id\":\"https:\\\/\\\/www.lightdesign.shop\\\/en\\\/shop\\\/indoor-lamps\\\/indoor-recessed-ceiling-lights\\\/wever-e-ducre-deep-adjust-petit-1-0-wide-flood-led-2700k-wire-springs-satin-black\\\/#breadcrumb\"},\"inLanguage\":\"en-US\",\"potentialAction\":[{\"@type\":\"ReadAction\",\"target\":[\"https:\\\/\\\/www.lightdesign.shop\\\/en\\\/shop\\\/indoor-lamps\\\/indoor-recessed-ceiling-lights\\\/wever-e-ducre-deep-adjust-petit-1-0-wide-flood-led-2700k-wire-springs-satin-black\\\/\"]}]},{\"@type\":\"ImageObject\",\"inLanguage\":\"en-US\",\"@id\":\"https:\\\/\\\/www.lightdesign.shop\\\/en\\\/shop\\\/indoor-lamps\\\/indoor-recessed-ceiling-lights\\\/wever-e-ducre-deep-adjust-petit-1-0-wide-flood-led-2700k-wire-springs-satin-black\\\/#primaryimage\",\"url\":\"https:\\\/\\\/www.lightdesign.shop\\\/wp-content\\\/uploads\\\/2024\\\/04\\\/153671B3.jpg\",\"contentUrl\":\"https:\\\/\\\/www.lightdesign.shop\\\/wp-content\\\/uploads\\\/2024\\\/04\\\/153671B3.jpg\",\"width\":1000,\"height\":1000},{\"@type\":\"BreadcrumbList\",\"@id\":\"https:\\\/\\\/www.lightdesign.shop\\\/en\\\/shop\\\/indoor-lamps\\\/indoor-recessed-ceiling-lights\\\/wever-e-ducre-deep-adjust-petit-1-0-wide-flood-led-2700k-wire-springs-satin-black\\\/#breadcrumb\",\"itemListElement\":[{\"@type\":\"ListItem\",\"position\":1,\"name\":\"Home\",\"item\":\"https:\\\/\\\/www.lightdesign.shop\\\/en\\\/\"},{\"@type\":\"ListItem\",\"position\":2,\"name\":\"Shop\",\"item\":\"https:\\\/\\\/www.lightdesign.shop\\\/en\\\/shop\\\/\"},{\"@type\":\"ListItem\",\"position\":3,\"name\":\"Wever e Ducr\u00e8 DEEP ADJUST petit 1.0 Wide Flood &#8211; LED 2700K &#8211; wire springs &#8211; satin black\"}]},{\"@type\":\"WebSite\",\"@id\":\"https:\\\/\\\/www.lightdesign.shop\\\/en\\\/#website\",\"url\":\"https:\\\/\\\/www.lightdesign.shop\\\/en\\\/\",\"name\":\"LiD - illumina il tuo mondo\",\"description\":\"Light Design Shop\",\"publisher\":{\"@id\":\"https:\\\/\\\/www.lightdesign.shop\\\/en\\\/#organization\"},\"alternateName\":\"lightdesign.shop\",\"potentialAction\":[{\"@type\":\"SearchAction\",\"target\":{\"@type\":\"EntryPoint\",\"urlTemplate\":\"https:\\\/\\\/www.lightdesign.shop\\\/en\\\/?s={search_term_string}\"},\"query-input\":{\"@type\":\"PropertyValueSpecification\",\"valueRequired\":true,\"valueName\":\"search_term_string\"}}],\"inLanguage\":\"en-US\"},{\"@type\":\"Organization\",\"@id\":\"https:\\\/\\\/www.lightdesign.shop\\\/en\\\/#organization\",\"name\":\"LiD Srl\",\"url\":\"https:\\\/\\\/www.lightdesign.shop\\\/en\\\/\",\"logo\":{\"@type\":\"ImageObject\",\"inLanguage\":\"en-US\",\"@id\":\"https:\\\/\\\/www.lightdesign.shop\\\/en\\\/#\\\/schema\\\/logo\\\/image\\\/\",\"url\":\"https:\\\/\\\/www.lightdesign.shop\\\/wp-content\\\/uploads\\\/2024\\\/06\\\/logo.png\",\"contentUrl\":\"https:\\\/\\\/www.lightdesign.shop\\\/wp-content\\\/uploads\\\/2024\\\/06\\\/logo.png\",\"width\":1027,\"height\":759,\"caption\":\"LiD Srl\"},\"image\":{\"@id\":\"https:\\\/\\\/www.lightdesign.shop\\\/en\\\/#\\\/schema\\\/logo\\\/image\\\/\"},\"sameAs\":[\"https:\\\/\\\/www.facebook.com\\\/LID-Design-757324454392843\\\/\",\"https:\\\/\\\/www.instagram.com\\\/lightdesign.shop\\\/\",\"https:\\\/\\\/www.youtube.com\\\/channel\\\/UC-wfhs9IlrFGpIWzx24cMhA\"]}]}<\/script>\n<!-- \/ Yoast SEO plugin. -->","yoast_head_json":{"title":"Wever e Ducr\u00e8 DEEP ADJUST petit 1.0 Wide Flood - LED 2700K - wire springs - satin black - LiD Design","robots":{"index":"index","follow":"follow","max-snippet":"max-snippet:-1","max-image-preview":"max-image-preview:large","max-video-preview":"max-video-preview:-1"},"canonical":"https:\/\/www.lightdesign.shop\/en\/shop\/indoor-lamps\/indoor-recessed-ceiling-lights\/wever-e-ducre-deep-adjust-petit-1-0-wide-flood-led-2700k-wire-springs-satin-black\/","og_locale":"en_US","og_type":"article","og_title":"Wever e Ducr\u00e8 DEEP ADJUST petit 1.0 Wide Flood - LED 2700K - wire springs - satin black - LiD Design","og_description":"DEEP ADJUST is a round recessed ceiling spotlight made of die-cast aluminium, created and produced by the Wever and Ducr\u00e8 brand. Available in different colors. There is no lighting problem that cannot be solved with the DEEP Family by Wever and Ducr\u00e8. In general, DEEP Family built-in appliances prefer to be discreet. For this reason they love to hide in depth. The thin edge that practically merges with the ceiling makes this possible. The \"trimless\" effect makes these space-saving appliances particularly popular. Being recessed into a round opening in the ceiling, the visible support disappears.","og_url":"https:\/\/www.lightdesign.shop\/en\/shop\/indoor-lamps\/indoor-recessed-ceiling-lights\/wever-e-ducre-deep-adjust-petit-1-0-wide-flood-led-2700k-wire-springs-satin-black\/","og_site_name":"LiD Design","article_publisher":"https:\/\/www.facebook.com\/LID-Design-757324454392843\/","article_modified_time":"2025-12-02T00:43:47+00:00","og_image":[{"width":1000,"height":1000,"url":"https:\/\/www.lightdesign.shop\/wp-content\/uploads\/2024\/04\/153671B3.jpg","type":"image\/jpeg"}],"twitter_card":"summary_large_image","twitter_misc":{"Est. reading time":"1 minute"},"schema":{"@context":"https:\/\/schema.org","@graph":[{"@type":"WebPage","@id":"https:\/\/www.lightdesign.shop\/en\/shop\/indoor-lamps\/indoor-recessed-ceiling-lights\/wever-e-ducre-deep-adjust-petit-1-0-wide-flood-led-2700k-wire-springs-satin-black\/","url":"https:\/\/www.lightdesign.shop\/en\/shop\/indoor-lamps\/indoor-recessed-ceiling-lights\/wever-e-ducre-deep-adjust-petit-1-0-wide-flood-led-2700k-wire-springs-satin-black\/","name":"Wever e Ducr\u00e8 DEEP ADJUST petit 1.0 Wide Flood - LED 2700K - wire springs - satin black - LiD Design","isPartOf":{"@id":"https:\/\/www.lightdesign.shop\/en\/#website"},"primaryImageOfPage":{"@id":"https:\/\/www.lightdesign.shop\/en\/shop\/indoor-lamps\/indoor-recessed-ceiling-lights\/wever-e-ducre-deep-adjust-petit-1-0-wide-flood-led-2700k-wire-springs-satin-black\/#primaryimage"},"image":{"@id":"https:\/\/www.lightdesign.shop\/en\/shop\/indoor-lamps\/indoor-recessed-ceiling-lights\/wever-e-ducre-deep-adjust-petit-1-0-wide-flood-led-2700k-wire-springs-satin-black\/#primaryimage"},"thumbnailUrl":"https:\/\/www.lightdesign.shop\/wp-content\/uploads\/2024\/04\/153671B3.jpg","datePublished":"2024-04-18T08:57:14+00:00","dateModified":"2025-12-02T00:43:47+00:00","breadcrumb":{"@id":"https:\/\/www.lightdesign.shop\/en\/shop\/indoor-lamps\/indoor-recessed-ceiling-lights\/wever-e-ducre-deep-adjust-petit-1-0-wide-flood-led-2700k-wire-springs-satin-black\/#breadcrumb"},"inLanguage":"en-US","potentialAction":[{"@type":"ReadAction","target":["https:\/\/www.lightdesign.shop\/en\/shop\/indoor-lamps\/indoor-recessed-ceiling-lights\/wever-e-ducre-deep-adjust-petit-1-0-wide-flood-led-2700k-wire-springs-satin-black\/"]}]},{"@type":"ImageObject","inLanguage":"en-US","@id":"https:\/\/www.lightdesign.shop\/en\/shop\/indoor-lamps\/indoor-recessed-ceiling-lights\/wever-e-ducre-deep-adjust-petit-1-0-wide-flood-led-2700k-wire-springs-satin-black\/#primaryimage","url":"https:\/\/www.lightdesign.shop\/wp-content\/uploads\/2024\/04\/153671B3.jpg","contentUrl":"https:\/\/www.lightdesign.shop\/wp-content\/uploads\/2024\/04\/153671B3.jpg","width":1000,"height":1000},{"@type":"BreadcrumbList","@id":"https:\/\/www.lightdesign.shop\/en\/shop\/indoor-lamps\/indoor-recessed-ceiling-lights\/wever-e-ducre-deep-adjust-petit-1-0-wide-flood-led-2700k-wire-springs-satin-black\/#breadcrumb","itemListElement":[{"@type":"ListItem","position":1,"name":"Home","item":"https:\/\/www.lightdesign.shop\/en\/"},{"@type":"ListItem","position":2,"name":"Shop","item":"https:\/\/www.lightdesign.shop\/en\/shop\/"},{"@type":"ListItem","position":3,"name":"Wever e Ducr\u00e8 DEEP ADJUST petit 1.0 Wide Flood &#8211; LED 2700K &#8211; wire springs &#8211; satin black"}]},{"@type":"WebSite","@id":"https:\/\/www.lightdesign.shop\/en\/#website","url":"https:\/\/www.lightdesign.shop\/en\/","name":"LiD - illumina il tuo mondo","description":"Light Design Shop","publisher":{"@id":"https:\/\/www.lightdesign.shop\/en\/#organization"},"alternateName":"lightdesign.shop","potentialAction":[{"@type":"SearchAction","target":{"@type":"EntryPoint","urlTemplate":"https:\/\/www.lightdesign.shop\/en\/?s={search_term_string}"},"query-input":{"@type":"PropertyValueSpecification","valueRequired":true,"valueName":"search_term_string"}}],"inLanguage":"en-US"},{"@type":"Organization","@id":"https:\/\/www.lightdesign.shop\/en\/#organization","name":"LiD Srl","url":"https:\/\/www.lightdesign.shop\/en\/","logo":{"@type":"ImageObject","inLanguage":"en-US","@id":"https:\/\/www.lightdesign.shop\/en\/#\/schema\/logo\/image\/","url":"https:\/\/www.lightdesign.shop\/wp-content\/uploads\/2024\/06\/logo.png","contentUrl":"https:\/\/www.lightdesign.shop\/wp-content\/uploads\/2024\/06\/logo.png","width":1027,"height":759,"caption":"LiD Srl"},"image":{"@id":"https:\/\/www.lightdesign.shop\/en\/#\/schema\/logo\/image\/"},"sameAs":["https:\/\/www.facebook.com\/LID-Design-757324454392843\/","https:\/\/www.instagram.com\/lightdesign.shop\/","https:\/\/www.youtube.com\/channel\/UC-wfhs9IlrFGpIWzx24cMhA"]}]}},"_links":{"self":[{"href":"https:\/\/www.lightdesign.shop\/en\/wp-json\/wp\/v2\/product\/588104","targetHints":{"allow":["GET"]}}],"collection":[{"href":"https:\/\/www.lightdesign.shop\/en\/wp-json\/wp\/v2\/product"}],"about":[{"href":"https:\/\/www.lightdesign.shop\/en\/wp-json\/wp\/v2\/types\/product"}],"replies":[{"embeddable":true,"href":"https:\/\/www.lightdesign.shop\/en\/wp-json\/wp\/v2\/comments?post=588104"}],"wp:featuredmedia":[{"embeddable":true,"href":"https:\/\/www.lightdesign.shop\/en\/wp-json\/wp\/v2\/media\/587971"}],"wp:attachment":[{"href":"https:\/\/www.lightdesign.shop\/en\/wp-json\/wp\/v2\/media?parent=588104"}],"wp:term":[{"taxonomy":"product_brand","embeddable":true,"href":"https:\/\/www.lightdesign.shop\/en\/wp-json\/wp\/v2\/product_brand?post=588104"},{"taxonomy":"product_cat","embeddable":true,"href":"https:\/\/www.lightdesign.shop\/en\/wp-json\/wp\/v2\/product_cat?post=588104"},{"taxonomy":"product_tag","embeddable":true,"href":"https:\/\/www.lightdesign.shop\/en\/wp-json\/wp\/v2\/product_tag?post=588104"}],"curies":[{"name":"wp","href":"https:\/\/api.w.org\/{rel}","templated":true}]}}