{"id":540954,"date":"2024-04-04T10:43:53","date_gmt":"2024-04-04T08:43:53","guid":{"rendered":"https:\/\/www.lightdesign.shop\/negozio\/uncategorized\/flos-ic-t3-brushed-brass\/"},"modified":"2025-12-02T03:12:33","modified_gmt":"2025-12-02T02:12:33","slug":"flos-ic-t3-brushed-brass","status":"publish","type":"product","link":"https:\/\/www.lightdesign.shop\/en\/shop\/home-accessories\/gift-ideas\/flos-ic-t3-brushed-brass\/","title":{"rendered":"Flos IC T3 &#8211; brushed brass"},"content":{"rendered":"<h2>IC T3 &#8211; brushed brass<\/h2>\n<p>Con l&#8217;avvicinarsi del suo 10\u00b0anniversario, Flos ha deciso di celebrare IC e la collaborazione con Michael Anastassiades con un&#8217;Edizione Speciale e un&#8217;estensione di famiglia. Ispirati dall&#8217;idea degli antichi ornamenti che ammiriamo come testimonianze culturali, abbiamo scelto una finitura dorata per l&#8217;edizione speciale insieme a Michael come simbolo di eternit\u00e0 piuttosto che di lusso. L&#8217;edizione numerata in oro comprender\u00e0 tre modelli della collezione gi\u00e0 esistente: il T1 Low (tavolo piccolo), l&#8217;F1, l&#8217;S2 insieme a tre nuovissimi modelli in dimensioni eccezionali. L&#8217;edizione speciale IC10 Anniversary celebra il fascino archetipico della collezione: la sua capacit\u00e0 \u2013 come quella di gioielli preziosi o pezzi d&#8217;arte \u2013 di resistere alla prova del tempo. L&#8217;edizione numerata in oro comprender\u00e0 tre modelli della collezione gi\u00e0 esistente: il T1 Low (tavolo piccolo), l&#8217;F1, l&#8217;S2 insieme a tre nuovissimi modelli in dimensioni eccezionali.<\/p>\n<p><em>Light source: LED 25W E27 &#8211; 3700 lumens &#8211; dimmable. Dimensions: H 524 mm \u00d8 450 mm<\/em><\/p>\n","protected":false},"excerpt":{"rendered":"<p>As its 10th anniversary approaches, Flos has decided to celebrate IC and the collaboration with Michael Anastassiades with a Special Edition and a family extension. Inspired by the idea of \u200b\u200bancient ornaments that we admire as cultural testimonies, we chose a gold finish for the special edition together with Michael as a symbol of eternity rather than luxury. The gold numbered edition will include three models from the existing collection: the T1 Low (small table), the F1, the S2 together with three brand new models in exceptional dimensions.<\/p>\n","protected":false},"featured_media":540856,"comment_status":"open","ping_status":"closed","template":"","meta":{"_exactmetrics_skip_tracking":false,"_exactmetrics_sitenote_active":false,"_exactmetrics_sitenote_note":"","_exactmetrics_sitenote_category":0,"_joinchat":[]},"product_brand":[],"product_cat":[5004,408,3369,1889],"product_tag":[4115,4109,4110,391],"class_list":{"0":"post-540954","1":"product","2":"type-product","3":"status-publish","4":"has-post-thumbnail","6":"product_cat-best-buy-en","7":"product_cat-indoor-floor-lights","8":"product_cat-gift-ideas","9":"product_cat-quick-delivery-en","10":"product_tag-diffused","11":"product_tag-home-en","12":"product_tag-indoor-en","13":"product_tag-modern-en","14":"pa_ambiente-studio-en","15":"pa_brand-flos-en","16":"pa_colore-brass","17":"pa_materiale-brass","18":"pa_stile-iconic-lamps","20":"first","21":"instock","22":"sale","23":"taxable","24":"shipping-taxable","25":"purchasable","26":"product-type-simple"},"yoast_head":"<!-- This site is optimized with the Yoast SEO plugin v27.4 - https:\/\/yoast.com\/product\/yoast-seo-wordpress\/ -->\n<title>Flos IC T3 - brushed brass - LiD Design<\/title>\n<meta name=\"robots\" content=\"index, follow, max-snippet:-1, max-image-preview:large, max-video-preview:-1\" \/>\n<link rel=\"canonical\" href=\"https:\/\/www.lightdesign.shop\/en\/shop\/home-accessories\/gift-ideas\/flos-ic-t3-brushed-brass\/\" \/>\n<meta property=\"og:locale\" content=\"en_US\" \/>\n<meta property=\"og:type\" content=\"article\" \/>\n<meta property=\"og:title\" content=\"Flos IC T3 - brushed brass - LiD Design\" \/>\n<meta property=\"og:description\" content=\"As its 10th anniversary approaches, Flos has decided to celebrate IC and the collaboration with Michael Anastassiades with a Special Edition and a family extension. Inspired by the idea of \u200b\u200bancient ornaments that we admire as cultural testimonies, we chose a gold finish for the special edition together with Michael as a symbol of eternity rather than luxury. The gold numbered edition will include three models from the existing collection: the T1 Low (small table), the F1, the S2 together with three brand new models in exceptional dimensions.\" \/>\n<meta property=\"og:url\" content=\"https:\/\/www.lightdesign.shop\/en\/shop\/home-accessories\/gift-ideas\/flos-ic-t3-brushed-brass\/\" \/>\n<meta property=\"og:site_name\" content=\"LiD Design\" \/>\n<meta property=\"article:publisher\" content=\"https:\/\/www.facebook.com\/LID-Design-757324454392843\/\" \/>\n<meta property=\"article:modified_time\" content=\"2025-12-02T02:12:33+00:00\" \/>\n<meta property=\"og:image\" content=\"https:\/\/www.lightdesign.shop\/wp-content\/uploads\/2024\/04\/F3154059.jpg\" \/>\n\t<meta property=\"og:image:width\" content=\"800\" \/>\n\t<meta property=\"og:image:height\" content=\"800\" \/>\n\t<meta property=\"og:image:type\" content=\"image\/jpeg\" \/>\n<meta name=\"twitter:card\" content=\"summary_large_image\" \/>\n<meta name=\"twitter:label1\" content=\"Est. reading time\" \/>\n\t<meta name=\"twitter:data1\" content=\"1 minute\" \/>\n<script type=\"application\/ld+json\" class=\"yoast-schema-graph\">{\"@context\":\"https:\\\/\\\/schema.org\",\"@graph\":[{\"@type\":\"WebPage\",\"@id\":\"https:\\\/\\\/www.lightdesign.shop\\\/en\\\/shop\\\/home-accessories\\\/gift-ideas\\\/flos-ic-t3-brushed-brass\\\/\",\"url\":\"https:\\\/\\\/www.lightdesign.shop\\\/en\\\/shop\\\/home-accessories\\\/gift-ideas\\\/flos-ic-t3-brushed-brass\\\/\",\"name\":\"Flos IC T3 - brushed brass - LiD Design\",\"isPartOf\":{\"@id\":\"https:\\\/\\\/www.lightdesign.shop\\\/en\\\/#website\"},\"primaryImageOfPage\":{\"@id\":\"https:\\\/\\\/www.lightdesign.shop\\\/en\\\/shop\\\/home-accessories\\\/gift-ideas\\\/flos-ic-t3-brushed-brass\\\/#primaryimage\"},\"image\":{\"@id\":\"https:\\\/\\\/www.lightdesign.shop\\\/en\\\/shop\\\/home-accessories\\\/gift-ideas\\\/flos-ic-t3-brushed-brass\\\/#primaryimage\"},\"thumbnailUrl\":\"https:\\\/\\\/www.lightdesign.shop\\\/wp-content\\\/uploads\\\/2024\\\/04\\\/F3154059.jpg\",\"datePublished\":\"2024-04-04T08:43:53+00:00\",\"dateModified\":\"2025-12-02T02:12:33+00:00\",\"breadcrumb\":{\"@id\":\"https:\\\/\\\/www.lightdesign.shop\\\/en\\\/shop\\\/home-accessories\\\/gift-ideas\\\/flos-ic-t3-brushed-brass\\\/#breadcrumb\"},\"inLanguage\":\"en-US\",\"potentialAction\":[{\"@type\":\"ReadAction\",\"target\":[\"https:\\\/\\\/www.lightdesign.shop\\\/en\\\/shop\\\/home-accessories\\\/gift-ideas\\\/flos-ic-t3-brushed-brass\\\/\"]}]},{\"@type\":\"ImageObject\",\"inLanguage\":\"en-US\",\"@id\":\"https:\\\/\\\/www.lightdesign.shop\\\/en\\\/shop\\\/home-accessories\\\/gift-ideas\\\/flos-ic-t3-brushed-brass\\\/#primaryimage\",\"url\":\"https:\\\/\\\/www.lightdesign.shop\\\/wp-content\\\/uploads\\\/2024\\\/04\\\/F3154059.jpg\",\"contentUrl\":\"https:\\\/\\\/www.lightdesign.shop\\\/wp-content\\\/uploads\\\/2024\\\/04\\\/F3154059.jpg\",\"width\":800,\"height\":800},{\"@type\":\"BreadcrumbList\",\"@id\":\"https:\\\/\\\/www.lightdesign.shop\\\/en\\\/shop\\\/home-accessories\\\/gift-ideas\\\/flos-ic-t3-brushed-brass\\\/#breadcrumb\",\"itemListElement\":[{\"@type\":\"ListItem\",\"position\":1,\"name\":\"Home\",\"item\":\"https:\\\/\\\/www.lightdesign.shop\\\/en\\\/\"},{\"@type\":\"ListItem\",\"position\":2,\"name\":\"Shop\",\"item\":\"https:\\\/\\\/www.lightdesign.shop\\\/en\\\/shop\\\/\"},{\"@type\":\"ListItem\",\"position\":3,\"name\":\"Flos IC T3 &#8211; brushed brass\"}]},{\"@type\":\"WebSite\",\"@id\":\"https:\\\/\\\/www.lightdesign.shop\\\/en\\\/#website\",\"url\":\"https:\\\/\\\/www.lightdesign.shop\\\/en\\\/\",\"name\":\"LiD - illumina il tuo mondo\",\"description\":\"Light Design Shop\",\"publisher\":{\"@id\":\"https:\\\/\\\/www.lightdesign.shop\\\/en\\\/#organization\"},\"alternateName\":\"lightdesign.shop\",\"potentialAction\":[{\"@type\":\"SearchAction\",\"target\":{\"@type\":\"EntryPoint\",\"urlTemplate\":\"https:\\\/\\\/www.lightdesign.shop\\\/en\\\/?s={search_term_string}\"},\"query-input\":{\"@type\":\"PropertyValueSpecification\",\"valueRequired\":true,\"valueName\":\"search_term_string\"}}],\"inLanguage\":\"en-US\"},{\"@type\":\"Organization\",\"@id\":\"https:\\\/\\\/www.lightdesign.shop\\\/en\\\/#organization\",\"name\":\"LiD Srl\",\"url\":\"https:\\\/\\\/www.lightdesign.shop\\\/en\\\/\",\"logo\":{\"@type\":\"ImageObject\",\"inLanguage\":\"en-US\",\"@id\":\"https:\\\/\\\/www.lightdesign.shop\\\/en\\\/#\\\/schema\\\/logo\\\/image\\\/\",\"url\":\"https:\\\/\\\/www.lightdesign.shop\\\/wp-content\\\/uploads\\\/2024\\\/06\\\/logo.png\",\"contentUrl\":\"https:\\\/\\\/www.lightdesign.shop\\\/wp-content\\\/uploads\\\/2024\\\/06\\\/logo.png\",\"width\":1027,\"height\":759,\"caption\":\"LiD Srl\"},\"image\":{\"@id\":\"https:\\\/\\\/www.lightdesign.shop\\\/en\\\/#\\\/schema\\\/logo\\\/image\\\/\"},\"sameAs\":[\"https:\\\/\\\/www.facebook.com\\\/LID-Design-757324454392843\\\/\",\"https:\\\/\\\/www.instagram.com\\\/lightdesign.shop\\\/\",\"https:\\\/\\\/www.youtube.com\\\/channel\\\/UC-wfhs9IlrFGpIWzx24cMhA\"]}]}<\/script>\n<!-- \/ Yoast SEO plugin. -->","yoast_head_json":{"title":"Flos IC T3 - brushed brass - LiD Design","robots":{"index":"index","follow":"follow","max-snippet":"max-snippet:-1","max-image-preview":"max-image-preview:large","max-video-preview":"max-video-preview:-1"},"canonical":"https:\/\/www.lightdesign.shop\/en\/shop\/home-accessories\/gift-ideas\/flos-ic-t3-brushed-brass\/","og_locale":"en_US","og_type":"article","og_title":"Flos IC T3 - brushed brass - LiD Design","og_description":"As its 10th anniversary approaches, Flos has decided to celebrate IC and the collaboration with Michael Anastassiades with a Special Edition and a family extension. Inspired by the idea of \u200b\u200bancient ornaments that we admire as cultural testimonies, we chose a gold finish for the special edition together with Michael as a symbol of eternity rather than luxury. The gold numbered edition will include three models from the existing collection: the T1 Low (small table), the F1, the S2 together with three brand new models in exceptional dimensions.","og_url":"https:\/\/www.lightdesign.shop\/en\/shop\/home-accessories\/gift-ideas\/flos-ic-t3-brushed-brass\/","og_site_name":"LiD Design","article_publisher":"https:\/\/www.facebook.com\/LID-Design-757324454392843\/","article_modified_time":"2025-12-02T02:12:33+00:00","og_image":[{"width":800,"height":800,"url":"https:\/\/www.lightdesign.shop\/wp-content\/uploads\/2024\/04\/F3154059.jpg","type":"image\/jpeg"}],"twitter_card":"summary_large_image","twitter_misc":{"Est. reading time":"1 minute"},"schema":{"@context":"https:\/\/schema.org","@graph":[{"@type":"WebPage","@id":"https:\/\/www.lightdesign.shop\/en\/shop\/home-accessories\/gift-ideas\/flos-ic-t3-brushed-brass\/","url":"https:\/\/www.lightdesign.shop\/en\/shop\/home-accessories\/gift-ideas\/flos-ic-t3-brushed-brass\/","name":"Flos IC T3 - brushed brass - LiD Design","isPartOf":{"@id":"https:\/\/www.lightdesign.shop\/en\/#website"},"primaryImageOfPage":{"@id":"https:\/\/www.lightdesign.shop\/en\/shop\/home-accessories\/gift-ideas\/flos-ic-t3-brushed-brass\/#primaryimage"},"image":{"@id":"https:\/\/www.lightdesign.shop\/en\/shop\/home-accessories\/gift-ideas\/flos-ic-t3-brushed-brass\/#primaryimage"},"thumbnailUrl":"https:\/\/www.lightdesign.shop\/wp-content\/uploads\/2024\/04\/F3154059.jpg","datePublished":"2024-04-04T08:43:53+00:00","dateModified":"2025-12-02T02:12:33+00:00","breadcrumb":{"@id":"https:\/\/www.lightdesign.shop\/en\/shop\/home-accessories\/gift-ideas\/flos-ic-t3-brushed-brass\/#breadcrumb"},"inLanguage":"en-US","potentialAction":[{"@type":"ReadAction","target":["https:\/\/www.lightdesign.shop\/en\/shop\/home-accessories\/gift-ideas\/flos-ic-t3-brushed-brass\/"]}]},{"@type":"ImageObject","inLanguage":"en-US","@id":"https:\/\/www.lightdesign.shop\/en\/shop\/home-accessories\/gift-ideas\/flos-ic-t3-brushed-brass\/#primaryimage","url":"https:\/\/www.lightdesign.shop\/wp-content\/uploads\/2024\/04\/F3154059.jpg","contentUrl":"https:\/\/www.lightdesign.shop\/wp-content\/uploads\/2024\/04\/F3154059.jpg","width":800,"height":800},{"@type":"BreadcrumbList","@id":"https:\/\/www.lightdesign.shop\/en\/shop\/home-accessories\/gift-ideas\/flos-ic-t3-brushed-brass\/#breadcrumb","itemListElement":[{"@type":"ListItem","position":1,"name":"Home","item":"https:\/\/www.lightdesign.shop\/en\/"},{"@type":"ListItem","position":2,"name":"Shop","item":"https:\/\/www.lightdesign.shop\/en\/shop\/"},{"@type":"ListItem","position":3,"name":"Flos IC T3 &#8211; brushed brass"}]},{"@type":"WebSite","@id":"https:\/\/www.lightdesign.shop\/en\/#website","url":"https:\/\/www.lightdesign.shop\/en\/","name":"LiD - illumina il tuo mondo","description":"Light Design Shop","publisher":{"@id":"https:\/\/www.lightdesign.shop\/en\/#organization"},"alternateName":"lightdesign.shop","potentialAction":[{"@type":"SearchAction","target":{"@type":"EntryPoint","urlTemplate":"https:\/\/www.lightdesign.shop\/en\/?s={search_term_string}"},"query-input":{"@type":"PropertyValueSpecification","valueRequired":true,"valueName":"search_term_string"}}],"inLanguage":"en-US"},{"@type":"Organization","@id":"https:\/\/www.lightdesign.shop\/en\/#organization","name":"LiD Srl","url":"https:\/\/www.lightdesign.shop\/en\/","logo":{"@type":"ImageObject","inLanguage":"en-US","@id":"https:\/\/www.lightdesign.shop\/en\/#\/schema\/logo\/image\/","url":"https:\/\/www.lightdesign.shop\/wp-content\/uploads\/2024\/06\/logo.png","contentUrl":"https:\/\/www.lightdesign.shop\/wp-content\/uploads\/2024\/06\/logo.png","width":1027,"height":759,"caption":"LiD Srl"},"image":{"@id":"https:\/\/www.lightdesign.shop\/en\/#\/schema\/logo\/image\/"},"sameAs":["https:\/\/www.facebook.com\/LID-Design-757324454392843\/","https:\/\/www.instagram.com\/lightdesign.shop\/","https:\/\/www.youtube.com\/channel\/UC-wfhs9IlrFGpIWzx24cMhA"]}]}},"_links":{"self":[{"href":"https:\/\/www.lightdesign.shop\/en\/wp-json\/wp\/v2\/product\/540954","targetHints":{"allow":["GET"]}}],"collection":[{"href":"https:\/\/www.lightdesign.shop\/en\/wp-json\/wp\/v2\/product"}],"about":[{"href":"https:\/\/www.lightdesign.shop\/en\/wp-json\/wp\/v2\/types\/product"}],"replies":[{"embeddable":true,"href":"https:\/\/www.lightdesign.shop\/en\/wp-json\/wp\/v2\/comments?post=540954"}],"wp:featuredmedia":[{"embeddable":true,"href":"https:\/\/www.lightdesign.shop\/en\/wp-json\/wp\/v2\/media\/540856"}],"wp:attachment":[{"href":"https:\/\/www.lightdesign.shop\/en\/wp-json\/wp\/v2\/media?parent=540954"}],"wp:term":[{"taxonomy":"product_brand","embeddable":true,"href":"https:\/\/www.lightdesign.shop\/en\/wp-json\/wp\/v2\/product_brand?post=540954"},{"taxonomy":"product_cat","embeddable":true,"href":"https:\/\/www.lightdesign.shop\/en\/wp-json\/wp\/v2\/product_cat?post=540954"},{"taxonomy":"product_tag","embeddable":true,"href":"https:\/\/www.lightdesign.shop\/en\/wp-json\/wp\/v2\/product_tag?post=540954"}],"curies":[{"name":"wp","href":"https:\/\/api.w.org\/{rel}","templated":true}]}}