{"id":157338,"date":"2023-11-23T13:11:59","date_gmt":"2023-11-23T12:11:59","guid":{"rendered":"https:\/\/www.lightdesign.shop\/negozio\/uncategorized\/wastberg-w153-ile-traffic-white\/"},"modified":"2025-12-02T02:04:46","modified_gmt":"2025-12-02T01:04:46","slug":"wastberg-w153-ile-traffic-white","status":"publish","type":"product","link":"https:\/\/www.lightdesign.shop\/en\/shop\/home-accessories\/gift-ideas\/wastberg-w153-ile-traffic-white\/","title":{"rendered":"Wastberg w153 \u00cele &#8211; traffic white"},"content":{"rendered":"<h2>w153 \u00cele &#8211; traffic white<\/h2>\n<p>With w153 \u00cele by W\u00e4stberg, designer Inga Semp\u00e9 revisits the simple but intelligent clamp lamps of her childhood, enhancing their status and adding stability, personality and multifunctionality. Available in seven colors. w153 \u00cele illuminates enough to be your bedside reading companion, as well as willingly fulfilling a more decorative role, adding a touch of light and color where needed. Its flat base allows it to stand alone or be mounted on a wall. And of course, a clamp allows you to attach the lamp wherever you want.<\/p>\n<p><em>Light source: COB LED (included) 7,5 W \/ 100-240 V \/ 2700K \/ 110 lumen \/ IP 20 \/ CRI=97. Dimensions: H 190 mm L 200 mm<\/em><\/p>\n","protected":false},"excerpt":{"rendered":"<p>With w153 \u00cele by W\u00e4stberg, designer Inga Semp\u00e9 revisits the simple but intelligent clamp lamps of her childhood, enhancing their status and adding stability, personality and multifunctionality. Available in seven colors.<\/p>\n","protected":false},"featured_media":156310,"comment_status":"open","ping_status":"open","template":"","meta":{"_exactmetrics_skip_tracking":false,"_exactmetrics_sitenote_active":false,"_exactmetrics_sitenote_note":"","_exactmetrics_sitenote_category":0,"_joinchat":[]},"product_brand":[],"product_cat":[3369,407],"product_tag":[4205,4109,4110],"class_list":{"0":"post-157338","1":"product","2":"type-product","3":"status-publish","4":"has-post-thumbnail","6":"product_cat-gift-ideas","7":"product_cat-indoor-table-lamps","8":"product_tag-coloured-en","9":"product_tag-home-en","10":"product_tag-indoor-en","11":"pa_ambiente-studio-en","12":"pa_brand-wastberg-en","13":"pa_colore-white","14":"pa_materiale-aluminum","15":"pa_stile-modern-en","17":"first","18":"instock","19":"sale","20":"taxable","21":"shipping-taxable","22":"purchasable","23":"product-type-simple"},"yoast_head":"<!-- This site is optimized with the Yoast SEO plugin v27.4 - https:\/\/yoast.com\/product\/yoast-seo-wordpress\/ -->\n<title>Wastberg w153 \u00cele - traffic white - LiD Design<\/title>\n<meta name=\"robots\" content=\"index, follow, max-snippet:-1, max-image-preview:large, max-video-preview:-1\" \/>\n<link rel=\"canonical\" href=\"https:\/\/www.lightdesign.shop\/en\/shop\/home-accessories\/gift-ideas\/wastberg-w153-ile-traffic-white\/\" \/>\n<meta property=\"og:locale\" content=\"en_US\" \/>\n<meta property=\"og:type\" content=\"article\" \/>\n<meta property=\"og:title\" content=\"Wastberg w153 \u00cele - traffic white - LiD Design\" \/>\n<meta property=\"og:description\" content=\"With w153 \u00cele by W\u00e4stberg, designer Inga Semp\u00e9 revisits the simple but intelligent clamp lamps of her childhood, enhancing their status and adding stability, personality and multifunctionality. Available in seven colors.\" \/>\n<meta property=\"og:url\" content=\"https:\/\/www.lightdesign.shop\/en\/shop\/home-accessories\/gift-ideas\/wastberg-w153-ile-traffic-white\/\" \/>\n<meta property=\"og:site_name\" content=\"LiD Design\" \/>\n<meta property=\"article:publisher\" content=\"https:\/\/www.facebook.com\/LID-Design-757324454392843\/\" \/>\n<meta property=\"article:modified_time\" content=\"2025-12-02T01:04:46+00:00\" \/>\n<meta property=\"og:image\" content=\"https:\/\/www.lightdesign.shop\/wp-content\/uploads\/2023\/11\/153M19016.jpg\" \/>\n\t<meta property=\"og:image:width\" content=\"1000\" \/>\n\t<meta property=\"og:image:height\" content=\"1000\" \/>\n\t<meta property=\"og:image:type\" content=\"image\/jpeg\" \/>\n<meta name=\"twitter:card\" content=\"summary_large_image\" \/>\n<meta name=\"twitter:label1\" content=\"Est. reading time\" \/>\n\t<meta name=\"twitter:data1\" content=\"1 minute\" \/>\n<script type=\"application\/ld+json\" class=\"yoast-schema-graph\">{\"@context\":\"https:\\\/\\\/schema.org\",\"@graph\":[{\"@type\":\"WebPage\",\"@id\":\"https:\\\/\\\/www.lightdesign.shop\\\/en\\\/shop\\\/home-accessories\\\/gift-ideas\\\/wastberg-w153-ile-traffic-white\\\/\",\"url\":\"https:\\\/\\\/www.lightdesign.shop\\\/en\\\/shop\\\/home-accessories\\\/gift-ideas\\\/wastberg-w153-ile-traffic-white\\\/\",\"name\":\"Wastberg w153 \u00cele - traffic white - LiD Design\",\"isPartOf\":{\"@id\":\"https:\\\/\\\/www.lightdesign.shop\\\/en\\\/#website\"},\"primaryImageOfPage\":{\"@id\":\"https:\\\/\\\/www.lightdesign.shop\\\/en\\\/shop\\\/home-accessories\\\/gift-ideas\\\/wastberg-w153-ile-traffic-white\\\/#primaryimage\"},\"image\":{\"@id\":\"https:\\\/\\\/www.lightdesign.shop\\\/en\\\/shop\\\/home-accessories\\\/gift-ideas\\\/wastberg-w153-ile-traffic-white\\\/#primaryimage\"},\"thumbnailUrl\":\"https:\\\/\\\/www.lightdesign.shop\\\/wp-content\\\/uploads\\\/2023\\\/11\\\/153M19016.jpg\",\"datePublished\":\"2023-11-23T12:11:59+00:00\",\"dateModified\":\"2025-12-02T01:04:46+00:00\",\"breadcrumb\":{\"@id\":\"https:\\\/\\\/www.lightdesign.shop\\\/en\\\/shop\\\/home-accessories\\\/gift-ideas\\\/wastberg-w153-ile-traffic-white\\\/#breadcrumb\"},\"inLanguage\":\"en-US\",\"potentialAction\":[{\"@type\":\"ReadAction\",\"target\":[\"https:\\\/\\\/www.lightdesign.shop\\\/en\\\/shop\\\/home-accessories\\\/gift-ideas\\\/wastberg-w153-ile-traffic-white\\\/\"]}]},{\"@type\":\"ImageObject\",\"inLanguage\":\"en-US\",\"@id\":\"https:\\\/\\\/www.lightdesign.shop\\\/en\\\/shop\\\/home-accessories\\\/gift-ideas\\\/wastberg-w153-ile-traffic-white\\\/#primaryimage\",\"url\":\"https:\\\/\\\/www.lightdesign.shop\\\/wp-content\\\/uploads\\\/2023\\\/11\\\/153M19016.jpg\",\"contentUrl\":\"https:\\\/\\\/www.lightdesign.shop\\\/wp-content\\\/uploads\\\/2023\\\/11\\\/153M19016.jpg\",\"width\":1000,\"height\":1000},{\"@type\":\"BreadcrumbList\",\"@id\":\"https:\\\/\\\/www.lightdesign.shop\\\/en\\\/shop\\\/home-accessories\\\/gift-ideas\\\/wastberg-w153-ile-traffic-white\\\/#breadcrumb\",\"itemListElement\":[{\"@type\":\"ListItem\",\"position\":1,\"name\":\"Home\",\"item\":\"https:\\\/\\\/www.lightdesign.shop\\\/en\\\/\"},{\"@type\":\"ListItem\",\"position\":2,\"name\":\"Shop\",\"item\":\"https:\\\/\\\/www.lightdesign.shop\\\/en\\\/shop\\\/\"},{\"@type\":\"ListItem\",\"position\":3,\"name\":\"Wastberg w153 \u00cele &#8211; traffic white\"}]},{\"@type\":\"WebSite\",\"@id\":\"https:\\\/\\\/www.lightdesign.shop\\\/en\\\/#website\",\"url\":\"https:\\\/\\\/www.lightdesign.shop\\\/en\\\/\",\"name\":\"LiD - illumina il tuo mondo\",\"description\":\"Light Design Shop\",\"publisher\":{\"@id\":\"https:\\\/\\\/www.lightdesign.shop\\\/en\\\/#organization\"},\"alternateName\":\"lightdesign.shop\",\"potentialAction\":[{\"@type\":\"SearchAction\",\"target\":{\"@type\":\"EntryPoint\",\"urlTemplate\":\"https:\\\/\\\/www.lightdesign.shop\\\/en\\\/?s={search_term_string}\"},\"query-input\":{\"@type\":\"PropertyValueSpecification\",\"valueRequired\":true,\"valueName\":\"search_term_string\"}}],\"inLanguage\":\"en-US\"},{\"@type\":\"Organization\",\"@id\":\"https:\\\/\\\/www.lightdesign.shop\\\/en\\\/#organization\",\"name\":\"LiD Srl\",\"url\":\"https:\\\/\\\/www.lightdesign.shop\\\/en\\\/\",\"logo\":{\"@type\":\"ImageObject\",\"inLanguage\":\"en-US\",\"@id\":\"https:\\\/\\\/www.lightdesign.shop\\\/en\\\/#\\\/schema\\\/logo\\\/image\\\/\",\"url\":\"https:\\\/\\\/www.lightdesign.shop\\\/wp-content\\\/uploads\\\/2024\\\/06\\\/logo.png\",\"contentUrl\":\"https:\\\/\\\/www.lightdesign.shop\\\/wp-content\\\/uploads\\\/2024\\\/06\\\/logo.png\",\"width\":1027,\"height\":759,\"caption\":\"LiD Srl\"},\"image\":{\"@id\":\"https:\\\/\\\/www.lightdesign.shop\\\/en\\\/#\\\/schema\\\/logo\\\/image\\\/\"},\"sameAs\":[\"https:\\\/\\\/www.facebook.com\\\/LID-Design-757324454392843\\\/\",\"https:\\\/\\\/www.instagram.com\\\/lightdesign.shop\\\/\",\"https:\\\/\\\/www.youtube.com\\\/channel\\\/UC-wfhs9IlrFGpIWzx24cMhA\"]}]}<\/script>\n<!-- \/ Yoast SEO plugin. -->","yoast_head_json":{"title":"Wastberg w153 \u00cele - traffic white - LiD Design","robots":{"index":"index","follow":"follow","max-snippet":"max-snippet:-1","max-image-preview":"max-image-preview:large","max-video-preview":"max-video-preview:-1"},"canonical":"https:\/\/www.lightdesign.shop\/en\/shop\/home-accessories\/gift-ideas\/wastberg-w153-ile-traffic-white\/","og_locale":"en_US","og_type":"article","og_title":"Wastberg w153 \u00cele - traffic white - LiD Design","og_description":"With w153 \u00cele by W\u00e4stberg, designer Inga Semp\u00e9 revisits the simple but intelligent clamp lamps of her childhood, enhancing their status and adding stability, personality and multifunctionality. Available in seven colors.","og_url":"https:\/\/www.lightdesign.shop\/en\/shop\/home-accessories\/gift-ideas\/wastberg-w153-ile-traffic-white\/","og_site_name":"LiD Design","article_publisher":"https:\/\/www.facebook.com\/LID-Design-757324454392843\/","article_modified_time":"2025-12-02T01:04:46+00:00","og_image":[{"width":1000,"height":1000,"url":"https:\/\/www.lightdesign.shop\/wp-content\/uploads\/2023\/11\/153M19016.jpg","type":"image\/jpeg"}],"twitter_card":"summary_large_image","twitter_misc":{"Est. reading time":"1 minute"},"schema":{"@context":"https:\/\/schema.org","@graph":[{"@type":"WebPage","@id":"https:\/\/www.lightdesign.shop\/en\/shop\/home-accessories\/gift-ideas\/wastberg-w153-ile-traffic-white\/","url":"https:\/\/www.lightdesign.shop\/en\/shop\/home-accessories\/gift-ideas\/wastberg-w153-ile-traffic-white\/","name":"Wastberg w153 \u00cele - traffic white - LiD Design","isPartOf":{"@id":"https:\/\/www.lightdesign.shop\/en\/#website"},"primaryImageOfPage":{"@id":"https:\/\/www.lightdesign.shop\/en\/shop\/home-accessories\/gift-ideas\/wastberg-w153-ile-traffic-white\/#primaryimage"},"image":{"@id":"https:\/\/www.lightdesign.shop\/en\/shop\/home-accessories\/gift-ideas\/wastberg-w153-ile-traffic-white\/#primaryimage"},"thumbnailUrl":"https:\/\/www.lightdesign.shop\/wp-content\/uploads\/2023\/11\/153M19016.jpg","datePublished":"2023-11-23T12:11:59+00:00","dateModified":"2025-12-02T01:04:46+00:00","breadcrumb":{"@id":"https:\/\/www.lightdesign.shop\/en\/shop\/home-accessories\/gift-ideas\/wastberg-w153-ile-traffic-white\/#breadcrumb"},"inLanguage":"en-US","potentialAction":[{"@type":"ReadAction","target":["https:\/\/www.lightdesign.shop\/en\/shop\/home-accessories\/gift-ideas\/wastberg-w153-ile-traffic-white\/"]}]},{"@type":"ImageObject","inLanguage":"en-US","@id":"https:\/\/www.lightdesign.shop\/en\/shop\/home-accessories\/gift-ideas\/wastberg-w153-ile-traffic-white\/#primaryimage","url":"https:\/\/www.lightdesign.shop\/wp-content\/uploads\/2023\/11\/153M19016.jpg","contentUrl":"https:\/\/www.lightdesign.shop\/wp-content\/uploads\/2023\/11\/153M19016.jpg","width":1000,"height":1000},{"@type":"BreadcrumbList","@id":"https:\/\/www.lightdesign.shop\/en\/shop\/home-accessories\/gift-ideas\/wastberg-w153-ile-traffic-white\/#breadcrumb","itemListElement":[{"@type":"ListItem","position":1,"name":"Home","item":"https:\/\/www.lightdesign.shop\/en\/"},{"@type":"ListItem","position":2,"name":"Shop","item":"https:\/\/www.lightdesign.shop\/en\/shop\/"},{"@type":"ListItem","position":3,"name":"Wastberg w153 \u00cele &#8211; traffic white"}]},{"@type":"WebSite","@id":"https:\/\/www.lightdesign.shop\/en\/#website","url":"https:\/\/www.lightdesign.shop\/en\/","name":"LiD - illumina il tuo mondo","description":"Light Design Shop","publisher":{"@id":"https:\/\/www.lightdesign.shop\/en\/#organization"},"alternateName":"lightdesign.shop","potentialAction":[{"@type":"SearchAction","target":{"@type":"EntryPoint","urlTemplate":"https:\/\/www.lightdesign.shop\/en\/?s={search_term_string}"},"query-input":{"@type":"PropertyValueSpecification","valueRequired":true,"valueName":"search_term_string"}}],"inLanguage":"en-US"},{"@type":"Organization","@id":"https:\/\/www.lightdesign.shop\/en\/#organization","name":"LiD Srl","url":"https:\/\/www.lightdesign.shop\/en\/","logo":{"@type":"ImageObject","inLanguage":"en-US","@id":"https:\/\/www.lightdesign.shop\/en\/#\/schema\/logo\/image\/","url":"https:\/\/www.lightdesign.shop\/wp-content\/uploads\/2024\/06\/logo.png","contentUrl":"https:\/\/www.lightdesign.shop\/wp-content\/uploads\/2024\/06\/logo.png","width":1027,"height":759,"caption":"LiD Srl"},"image":{"@id":"https:\/\/www.lightdesign.shop\/en\/#\/schema\/logo\/image\/"},"sameAs":["https:\/\/www.facebook.com\/LID-Design-757324454392843\/","https:\/\/www.instagram.com\/lightdesign.shop\/","https:\/\/www.youtube.com\/channel\/UC-wfhs9IlrFGpIWzx24cMhA"]}]}},"_links":{"self":[{"href":"https:\/\/www.lightdesign.shop\/en\/wp-json\/wp\/v2\/product\/157338","targetHints":{"allow":["GET"]}}],"collection":[{"href":"https:\/\/www.lightdesign.shop\/en\/wp-json\/wp\/v2\/product"}],"about":[{"href":"https:\/\/www.lightdesign.shop\/en\/wp-json\/wp\/v2\/types\/product"}],"replies":[{"embeddable":true,"href":"https:\/\/www.lightdesign.shop\/en\/wp-json\/wp\/v2\/comments?post=157338"}],"wp:featuredmedia":[{"embeddable":true,"href":"https:\/\/www.lightdesign.shop\/en\/wp-json\/wp\/v2\/media\/156310"}],"wp:attachment":[{"href":"https:\/\/www.lightdesign.shop\/en\/wp-json\/wp\/v2\/media?parent=157338"}],"wp:term":[{"taxonomy":"product_brand","embeddable":true,"href":"https:\/\/www.lightdesign.shop\/en\/wp-json\/wp\/v2\/product_brand?post=157338"},{"taxonomy":"product_cat","embeddable":true,"href":"https:\/\/www.lightdesign.shop\/en\/wp-json\/wp\/v2\/product_cat?post=157338"},{"taxonomy":"product_tag","embeddable":true,"href":"https:\/\/www.lightdesign.shop\/en\/wp-json\/wp\/v2\/product_tag?post=157338"}],"curies":[{"name":"wp","href":"https:\/\/api.w.org\/{rel}","templated":true}]}}