{"id":145112,"date":"2023-03-30T16:57:21","date_gmt":"2023-03-30T14:57:21","guid":{"rendered":"https:\/\/www.lightdesign.shop\/negozio\/uncategorized\/marset-diping-light-portable-green-brass\/"},"modified":"2026-05-07T16:17:54","modified_gmt":"2026-05-07T14:17:54","slug":"marset-diping-light-portable-green-brass","status":"publish","type":"product","link":"https:\/\/www.lightdesign.shop\/en\/shop\/outdoor-lamps\/outdoor-table-lamps\/marset-diping-light-portable-green-brass\/","title":{"rendered":"Marset DIPING LIGHT PORTABLE green  brass"},"content":{"rendered":"<p>Marset DIPING LIGHT PORTABLE<\/p>\n<p>Jordi Canudas\u00a0, 2019<\/p>\n<p>&nbsp;<\/p>\n<p>La storia di Dipping Light \u00e8 appena cominciata. Marset non era disposto ad accontentarsi solo delle due dimensioni della lampada da tavolo in cui \u00e8 arrivata finora. La sua luce pi\u00f9 poetica amplia i suoi usi e viene ora proposta come lampada portatile, lampada a sospensione, lampada da parete e lampada da tavolo di dimensioni \u2013\u00f820 cm\u2013 per colmare il divario tra le dimensioni piccole e grandi. I colori sono gli stessi, con una gamma di modelli ampliata.<\/p>\n<p>La Dipping Light portatile si basa su una batteria per rinunciare al cavo. Ha un interruttore alla base e, come le altre lampade portatili Marset, dispone di un dimmer per impostare l&#8217;emissione luminosa su una delle tre intensit\u00e0. Piccole ma importanti modifiche per renderlo completamente mobile. Pu\u00f2 anche essere acquistato con una base in metallo in modo che la lampada possa essere posizionata su un tavolo.<\/p>\n","protected":false},"excerpt":{"rendered":"<p>Light source LED SMD 1A 3,5W 2700K 216lm<\/p>\n<p>Dimensions\u00a0 D. 12cm H. 22cm<\/p>\n<p>&nbsp;<\/p>\n","protected":false},"featured_media":144282,"comment_status":"open","ping_status":"closed","template":"","meta":{"_exactmetrics_skip_tracking":false,"_exactmetrics_sitenote_active":false,"_exactmetrics_sitenote_note":"","_exactmetrics_sitenote_category":0,"_joinchat":[]},"product_brand":[],"product_cat":[3744,398],"product_tag":[],"class_list":{"0":"post-145112","1":"product","2":"type-product","3":"status-publish","4":"has-post-thumbnail","6":"product_cat-rechargeable-lamps","7":"product_cat-outdoor-table-lamps","8":"pa_ambiente-studio-en","9":"pa_brand-marset-en","10":"pa_colore-green","11":"pa_stile-contemporary","13":"first","14":"instock","15":"sale","16":"taxable","17":"shipping-taxable","18":"purchasable","19":"product-type-simple"},"yoast_head":"<!-- This site is optimized with the Yoast SEO plugin v27.5 - https:\/\/yoast.com\/product\/yoast-seo-wordpress\/ -->\n<title>Marset DIPING LIGHT PORTABLE green brass - LiD Design<\/title>\n<meta name=\"robots\" content=\"index, follow, max-snippet:-1, max-image-preview:large, max-video-preview:-1\" \/>\n<link rel=\"canonical\" href=\"https:\/\/www.lightdesign.shop\/en\/shop\/outdoor-lamps\/outdoor-table-lamps\/marset-diping-light-portable-green-brass\/\" \/>\n<meta property=\"og:locale\" content=\"en_US\" \/>\n<meta property=\"og:type\" content=\"article\" \/>\n<meta property=\"og:title\" content=\"Marset DIPING LIGHT PORTABLE green brass - LiD Design\" \/>\n<meta property=\"og:description\" content=\"Light source LED SMD 1A 3,5W 2700K 216lm  Dimensions\u00a0 D. 12cm H. 22cm  &nbsp;\" \/>\n<meta property=\"og:url\" content=\"https:\/\/www.lightdesign.shop\/en\/shop\/outdoor-lamps\/outdoor-table-lamps\/marset-diping-light-portable-green-brass\/\" \/>\n<meta property=\"og:site_name\" content=\"LiD Design\" \/>\n<meta property=\"article:publisher\" content=\"https:\/\/www.facebook.com\/LID-Design-757324454392843\/\" \/>\n<meta property=\"article:modified_time\" content=\"2026-05-07T14:17:54+00:00\" \/>\n<meta property=\"og:image\" content=\"https:\/\/www.lightdesign.shop\/wp-content\/uploads\/2023\/03\/8435516845623dipping-light-portable-green1.jpg\" \/>\n\t<meta property=\"og:image:width\" content=\"760\" \/>\n\t<meta property=\"og:image:height\" content=\"760\" \/>\n\t<meta property=\"og:image:type\" content=\"image\/jpeg\" \/>\n<meta name=\"twitter:card\" content=\"summary_large_image\" \/>\n<meta name=\"twitter:label1\" content=\"Est. reading time\" \/>\n\t<meta name=\"twitter:data1\" content=\"1 minute\" \/>\n<script type=\"application\/ld+json\" class=\"yoast-schema-graph\">{\"@context\":\"https:\\\/\\\/schema.org\",\"@graph\":[{\"@type\":\"WebPage\",\"@id\":\"https:\\\/\\\/www.lightdesign.shop\\\/en\\\/shop\\\/outdoor-lamps\\\/outdoor-table-lamps\\\/marset-diping-light-portable-green-brass\\\/\",\"url\":\"https:\\\/\\\/www.lightdesign.shop\\\/en\\\/shop\\\/outdoor-lamps\\\/outdoor-table-lamps\\\/marset-diping-light-portable-green-brass\\\/\",\"name\":\"Marset DIPING LIGHT PORTABLE green brass - LiD Design\",\"isPartOf\":{\"@id\":\"https:\\\/\\\/www.lightdesign.shop\\\/en\\\/#website\"},\"primaryImageOfPage\":{\"@id\":\"https:\\\/\\\/www.lightdesign.shop\\\/en\\\/shop\\\/outdoor-lamps\\\/outdoor-table-lamps\\\/marset-diping-light-portable-green-brass\\\/#primaryimage\"},\"image\":{\"@id\":\"https:\\\/\\\/www.lightdesign.shop\\\/en\\\/shop\\\/outdoor-lamps\\\/outdoor-table-lamps\\\/marset-diping-light-portable-green-brass\\\/#primaryimage\"},\"thumbnailUrl\":\"https:\\\/\\\/www.lightdesign.shop\\\/wp-content\\\/uploads\\\/2023\\\/03\\\/8435516845623dipping-light-portable-green1.jpg\",\"datePublished\":\"2023-03-30T14:57:21+00:00\",\"dateModified\":\"2026-05-07T14:17:54+00:00\",\"breadcrumb\":{\"@id\":\"https:\\\/\\\/www.lightdesign.shop\\\/en\\\/shop\\\/outdoor-lamps\\\/outdoor-table-lamps\\\/marset-diping-light-portable-green-brass\\\/#breadcrumb\"},\"inLanguage\":\"en-US\",\"potentialAction\":[{\"@type\":\"ReadAction\",\"target\":[\"https:\\\/\\\/www.lightdesign.shop\\\/en\\\/shop\\\/outdoor-lamps\\\/outdoor-table-lamps\\\/marset-diping-light-portable-green-brass\\\/\"]}]},{\"@type\":\"ImageObject\",\"inLanguage\":\"en-US\",\"@id\":\"https:\\\/\\\/www.lightdesign.shop\\\/en\\\/shop\\\/outdoor-lamps\\\/outdoor-table-lamps\\\/marset-diping-light-portable-green-brass\\\/#primaryimage\",\"url\":\"https:\\\/\\\/www.lightdesign.shop\\\/wp-content\\\/uploads\\\/2023\\\/03\\\/8435516845623dipping-light-portable-green1.jpg\",\"contentUrl\":\"https:\\\/\\\/www.lightdesign.shop\\\/wp-content\\\/uploads\\\/2023\\\/03\\\/8435516845623dipping-light-portable-green1.jpg\",\"width\":760,\"height\":760,\"caption\":\"Marset DIPING LIGHT PORTABLE\"},{\"@type\":\"BreadcrumbList\",\"@id\":\"https:\\\/\\\/www.lightdesign.shop\\\/en\\\/shop\\\/outdoor-lamps\\\/outdoor-table-lamps\\\/marset-diping-light-portable-green-brass\\\/#breadcrumb\",\"itemListElement\":[{\"@type\":\"ListItem\",\"position\":1,\"name\":\"Home\",\"item\":\"https:\\\/\\\/www.lightdesign.shop\\\/en\\\/\"},{\"@type\":\"ListItem\",\"position\":2,\"name\":\"Shop\",\"item\":\"https:\\\/\\\/www.lightdesign.shop\\\/en\\\/shop\\\/\"},{\"@type\":\"ListItem\",\"position\":3,\"name\":\"Marset DIPING LIGHT PORTABLE green brass\"}]},{\"@type\":\"WebSite\",\"@id\":\"https:\\\/\\\/www.lightdesign.shop\\\/en\\\/#website\",\"url\":\"https:\\\/\\\/www.lightdesign.shop\\\/en\\\/\",\"name\":\"LiD - illumina il tuo mondo\",\"description\":\"Light Design Shop\",\"publisher\":{\"@id\":\"https:\\\/\\\/www.lightdesign.shop\\\/en\\\/#organization\"},\"alternateName\":\"lightdesign.shop\",\"potentialAction\":[{\"@type\":\"SearchAction\",\"target\":{\"@type\":\"EntryPoint\",\"urlTemplate\":\"https:\\\/\\\/www.lightdesign.shop\\\/en\\\/?s={search_term_string}\"},\"query-input\":{\"@type\":\"PropertyValueSpecification\",\"valueRequired\":true,\"valueName\":\"search_term_string\"}}],\"inLanguage\":\"en-US\"},{\"@type\":\"Organization\",\"@id\":\"https:\\\/\\\/www.lightdesign.shop\\\/en\\\/#organization\",\"name\":\"LiD Srl\",\"url\":\"https:\\\/\\\/www.lightdesign.shop\\\/en\\\/\",\"logo\":{\"@type\":\"ImageObject\",\"inLanguage\":\"en-US\",\"@id\":\"https:\\\/\\\/www.lightdesign.shop\\\/en\\\/#\\\/schema\\\/logo\\\/image\\\/\",\"url\":\"https:\\\/\\\/www.lightdesign.shop\\\/wp-content\\\/uploads\\\/2024\\\/06\\\/logo.png\",\"contentUrl\":\"https:\\\/\\\/www.lightdesign.shop\\\/wp-content\\\/uploads\\\/2024\\\/06\\\/logo.png\",\"width\":1027,\"height\":759,\"caption\":\"LiD Srl\"},\"image\":{\"@id\":\"https:\\\/\\\/www.lightdesign.shop\\\/en\\\/#\\\/schema\\\/logo\\\/image\\\/\"},\"sameAs\":[\"https:\\\/\\\/www.facebook.com\\\/LID-Design-757324454392843\\\/\",\"https:\\\/\\\/www.instagram.com\\\/lightdesign.shop\\\/\",\"https:\\\/\\\/www.youtube.com\\\/channel\\\/UC-wfhs9IlrFGpIWzx24cMhA\"]}]}<\/script>\n<!-- \/ Yoast SEO plugin. -->","yoast_head_json":{"title":"Marset DIPING LIGHT PORTABLE green brass - LiD Design","robots":{"index":"index","follow":"follow","max-snippet":"max-snippet:-1","max-image-preview":"max-image-preview:large","max-video-preview":"max-video-preview:-1"},"canonical":"https:\/\/www.lightdesign.shop\/en\/shop\/outdoor-lamps\/outdoor-table-lamps\/marset-diping-light-portable-green-brass\/","og_locale":"en_US","og_type":"article","og_title":"Marset DIPING LIGHT PORTABLE green brass - LiD Design","og_description":"Light source LED SMD 1A 3,5W 2700K 216lm  Dimensions\u00a0 D. 12cm H. 22cm  &nbsp;","og_url":"https:\/\/www.lightdesign.shop\/en\/shop\/outdoor-lamps\/outdoor-table-lamps\/marset-diping-light-portable-green-brass\/","og_site_name":"LiD Design","article_publisher":"https:\/\/www.facebook.com\/LID-Design-757324454392843\/","article_modified_time":"2026-05-07T14:17:54+00:00","og_image":[{"width":760,"height":760,"url":"https:\/\/www.lightdesign.shop\/wp-content\/uploads\/2023\/03\/8435516845623dipping-light-portable-green1.jpg","type":"image\/jpeg"}],"twitter_card":"summary_large_image","twitter_misc":{"Est. reading time":"1 minute"},"schema":{"@context":"https:\/\/schema.org","@graph":[{"@type":"WebPage","@id":"https:\/\/www.lightdesign.shop\/en\/shop\/outdoor-lamps\/outdoor-table-lamps\/marset-diping-light-portable-green-brass\/","url":"https:\/\/www.lightdesign.shop\/en\/shop\/outdoor-lamps\/outdoor-table-lamps\/marset-diping-light-portable-green-brass\/","name":"Marset DIPING LIGHT PORTABLE green brass - LiD Design","isPartOf":{"@id":"https:\/\/www.lightdesign.shop\/en\/#website"},"primaryImageOfPage":{"@id":"https:\/\/www.lightdesign.shop\/en\/shop\/outdoor-lamps\/outdoor-table-lamps\/marset-diping-light-portable-green-brass\/#primaryimage"},"image":{"@id":"https:\/\/www.lightdesign.shop\/en\/shop\/outdoor-lamps\/outdoor-table-lamps\/marset-diping-light-portable-green-brass\/#primaryimage"},"thumbnailUrl":"https:\/\/www.lightdesign.shop\/wp-content\/uploads\/2023\/03\/8435516845623dipping-light-portable-green1.jpg","datePublished":"2023-03-30T14:57:21+00:00","dateModified":"2026-05-07T14:17:54+00:00","breadcrumb":{"@id":"https:\/\/www.lightdesign.shop\/en\/shop\/outdoor-lamps\/outdoor-table-lamps\/marset-diping-light-portable-green-brass\/#breadcrumb"},"inLanguage":"en-US","potentialAction":[{"@type":"ReadAction","target":["https:\/\/www.lightdesign.shop\/en\/shop\/outdoor-lamps\/outdoor-table-lamps\/marset-diping-light-portable-green-brass\/"]}]},{"@type":"ImageObject","inLanguage":"en-US","@id":"https:\/\/www.lightdesign.shop\/en\/shop\/outdoor-lamps\/outdoor-table-lamps\/marset-diping-light-portable-green-brass\/#primaryimage","url":"https:\/\/www.lightdesign.shop\/wp-content\/uploads\/2023\/03\/8435516845623dipping-light-portable-green1.jpg","contentUrl":"https:\/\/www.lightdesign.shop\/wp-content\/uploads\/2023\/03\/8435516845623dipping-light-portable-green1.jpg","width":760,"height":760,"caption":"Marset DIPING LIGHT PORTABLE"},{"@type":"BreadcrumbList","@id":"https:\/\/www.lightdesign.shop\/en\/shop\/outdoor-lamps\/outdoor-table-lamps\/marset-diping-light-portable-green-brass\/#breadcrumb","itemListElement":[{"@type":"ListItem","position":1,"name":"Home","item":"https:\/\/www.lightdesign.shop\/en\/"},{"@type":"ListItem","position":2,"name":"Shop","item":"https:\/\/www.lightdesign.shop\/en\/shop\/"},{"@type":"ListItem","position":3,"name":"Marset DIPING LIGHT PORTABLE green brass"}]},{"@type":"WebSite","@id":"https:\/\/www.lightdesign.shop\/en\/#website","url":"https:\/\/www.lightdesign.shop\/en\/","name":"LiD - illumina il tuo mondo","description":"Light Design Shop","publisher":{"@id":"https:\/\/www.lightdesign.shop\/en\/#organization"},"alternateName":"lightdesign.shop","potentialAction":[{"@type":"SearchAction","target":{"@type":"EntryPoint","urlTemplate":"https:\/\/www.lightdesign.shop\/en\/?s={search_term_string}"},"query-input":{"@type":"PropertyValueSpecification","valueRequired":true,"valueName":"search_term_string"}}],"inLanguage":"en-US"},{"@type":"Organization","@id":"https:\/\/www.lightdesign.shop\/en\/#organization","name":"LiD Srl","url":"https:\/\/www.lightdesign.shop\/en\/","logo":{"@type":"ImageObject","inLanguage":"en-US","@id":"https:\/\/www.lightdesign.shop\/en\/#\/schema\/logo\/image\/","url":"https:\/\/www.lightdesign.shop\/wp-content\/uploads\/2024\/06\/logo.png","contentUrl":"https:\/\/www.lightdesign.shop\/wp-content\/uploads\/2024\/06\/logo.png","width":1027,"height":759,"caption":"LiD Srl"},"image":{"@id":"https:\/\/www.lightdesign.shop\/en\/#\/schema\/logo\/image\/"},"sameAs":["https:\/\/www.facebook.com\/LID-Design-757324454392843\/","https:\/\/www.instagram.com\/lightdesign.shop\/","https:\/\/www.youtube.com\/channel\/UC-wfhs9IlrFGpIWzx24cMhA"]}]}},"_links":{"self":[{"href":"https:\/\/www.lightdesign.shop\/en\/wp-json\/wp\/v2\/product\/145112","targetHints":{"allow":["GET"]}}],"collection":[{"href":"https:\/\/www.lightdesign.shop\/en\/wp-json\/wp\/v2\/product"}],"about":[{"href":"https:\/\/www.lightdesign.shop\/en\/wp-json\/wp\/v2\/types\/product"}],"replies":[{"embeddable":true,"href":"https:\/\/www.lightdesign.shop\/en\/wp-json\/wp\/v2\/comments?post=145112"}],"wp:featuredmedia":[{"embeddable":true,"href":"https:\/\/www.lightdesign.shop\/en\/wp-json\/wp\/v2\/media\/144282"}],"wp:attachment":[{"href":"https:\/\/www.lightdesign.shop\/en\/wp-json\/wp\/v2\/media?parent=145112"}],"wp:term":[{"taxonomy":"product_brand","embeddable":true,"href":"https:\/\/www.lightdesign.shop\/en\/wp-json\/wp\/v2\/product_brand?post=145112"},{"taxonomy":"product_cat","embeddable":true,"href":"https:\/\/www.lightdesign.shop\/en\/wp-json\/wp\/v2\/product_cat?post=145112"},{"taxonomy":"product_tag","embeddable":true,"href":"https:\/\/www.lightdesign.shop\/en\/wp-json\/wp\/v2\/product_tag?post=145112"}],"curies":[{"name":"wp","href":"https:\/\/api.w.org\/{rel}","templated":true}]}}