{"id":141660,"date":"2023-04-13T17:40:20","date_gmt":"2023-04-13T15:40:20","guid":{"rendered":"https:\/\/www.lightdesign.shop\/negozio\/uncategorized\/catellani-smith-macchina-della-luce-mod-c-suspension-silver-coloured-leaf\/"},"modified":"2025-12-02T03:23:59","modified_gmt":"2025-12-02T02:23:59","slug":"catellani-smith-macchina-della-luce-mod-c-suspension-silver-coloured-leaf","status":"publish","type":"product","link":"https:\/\/www.lightdesign.shop\/en\/shop\/indoor-lamps\/indoor-suspension-lamps\/catellani-smith-macchina-della-luce-mod-c-suspension-silver-coloured-leaf\/","title":{"rendered":"Catellani &#038; Smith MACCHINA DELLA LUCE MOD. C &#8211; suspension &#8211; silver coloured leaf"},"content":{"rendered":"<h2>MACCHINA DELLA LUCE MOD. C &#8211; suspension &#8211; silver coloured leaf<\/h2>\n<p>Macchina della Luce is a suspension lamp designed and produced by the Catellani&#038;Smith brand, emerging from the Luci d&#8217;Oro collection and also born as a reflection on the color of light: the golden light of the sun, of fire; warm lights where the concept of refraction begins to take shape in the mind of Enzo Catellani and which he will later often bring with him and within his creations.<\/p>\n<p><em>Light source: LED 24V DC, 7x6W, K 2700 &#8211; lumens 4410 &#8211; CRI 80 -220-240V &#8211; Dimmable triac &#8211; Dimensions: base \u00d8 21\u00d710,5 H cm, rod H 145 cm cuttable to size, discs \u00d8 120 &#8211; 80- 50 cm<\/em><\/p>\n","protected":false},"excerpt":{"rendered":"<p>&#8220;Macchina della Luce&#8221; is a suspension lamp designed and produced by the Catellani&#038;Smith brand, emerging from the Luci d&#8217;Oro collection and also born as a reflection on the color of light<\/p>\n","protected":false},"featured_media":141257,"comment_status":"open","ping_status":"open","template":"","meta":{"_exactmetrics_skip_tracking":false,"_exactmetrics_sitenote_active":false,"_exactmetrics_sitenote_note":"","_exactmetrics_sitenote_category":0,"_joinchat":[]},"product_brand":[],"product_cat":[405],"product_tag":[4173,4176,4198,4166],"class_list":{"0":"post-141660","1":"product","2":"type-product","3":"status-publish","4":"has-post-thumbnail","6":"product_cat-indoor-suspension-lamps","7":"product_tag-hospitality-en","8":"product_tag-painted-aluminum","9":"product_tag-stylish-en","10":"product_tag-suspension-en","11":"pa_brand-catellani-smith-en","13":"first","14":"instock","15":"sale","16":"taxable","17":"shipping-taxable","18":"purchasable","19":"product-type-simple"},"yoast_head":"<!-- This site is optimized with the Yoast SEO plugin v27.4 - https:\/\/yoast.com\/product\/yoast-seo-wordpress\/ -->\n<title>Catellani &amp; Smith MACCHINA DELLA LUCE MOD. C - suspension - silver coloured leaf - LiD Design<\/title>\n<meta name=\"robots\" content=\"index, follow, max-snippet:-1, max-image-preview:large, max-video-preview:-1\" \/>\n<link rel=\"canonical\" href=\"https:\/\/www.lightdesign.shop\/en\/shop\/indoor-lamps\/indoor-suspension-lamps\/catellani-smith-macchina-della-luce-mod-c-suspension-silver-coloured-leaf\/\" \/>\n<meta property=\"og:locale\" content=\"en_US\" \/>\n<meta property=\"og:type\" content=\"article\" \/>\n<meta property=\"og:title\" content=\"Catellani &amp; Smith MACCHINA DELLA LUCE MOD. C - suspension - silver coloured leaf - LiD Design\" \/>\n<meta property=\"og:description\" content=\"&quot;Macchina della Luce&quot; is a suspension lamp designed and produced by the Catellani&amp;Smith brand, emerging from the Luci d&#039;Oro collection and also born as a reflection on the color of light\" \/>\n<meta property=\"og:url\" content=\"https:\/\/www.lightdesign.shop\/en\/shop\/indoor-lamps\/indoor-suspension-lamps\/catellani-smith-macchina-della-luce-mod-c-suspension-silver-coloured-leaf\/\" \/>\n<meta property=\"og:site_name\" content=\"LiD Design\" \/>\n<meta property=\"article:publisher\" content=\"https:\/\/www.facebook.com\/LID-Design-757324454392843\/\" \/>\n<meta property=\"article:modified_time\" content=\"2025-12-02T02:23:59+00:00\" \/>\n<meta property=\"og:image\" content=\"https:\/\/www.lightdesign.shop\/wp-content\/uploads\/2023\/04\/MCLS.webp\" \/>\n\t<meta property=\"og:image:width\" content=\"786\" \/>\n\t<meta property=\"og:image:height\" content=\"789\" \/>\n\t<meta property=\"og:image:type\" content=\"image\/webp\" \/>\n<meta name=\"twitter:card\" content=\"summary_large_image\" \/>\n<meta name=\"twitter:label1\" content=\"Est. reading time\" \/>\n\t<meta name=\"twitter:data1\" content=\"1 minute\" \/>\n<script type=\"application\/ld+json\" class=\"yoast-schema-graph\">{\"@context\":\"https:\\\/\\\/schema.org\",\"@graph\":[{\"@type\":\"WebPage\",\"@id\":\"https:\\\/\\\/www.lightdesign.shop\\\/en\\\/shop\\\/indoor-lamps\\\/indoor-suspension-lamps\\\/catellani-smith-macchina-della-luce-mod-c-suspension-silver-coloured-leaf\\\/\",\"url\":\"https:\\\/\\\/www.lightdesign.shop\\\/en\\\/shop\\\/indoor-lamps\\\/indoor-suspension-lamps\\\/catellani-smith-macchina-della-luce-mod-c-suspension-silver-coloured-leaf\\\/\",\"name\":\"Catellani & Smith MACCHINA DELLA LUCE MOD. C - suspension - silver coloured leaf - LiD Design\",\"isPartOf\":{\"@id\":\"https:\\\/\\\/www.lightdesign.shop\\\/en\\\/#website\"},\"primaryImageOfPage\":{\"@id\":\"https:\\\/\\\/www.lightdesign.shop\\\/en\\\/shop\\\/indoor-lamps\\\/indoor-suspension-lamps\\\/catellani-smith-macchina-della-luce-mod-c-suspension-silver-coloured-leaf\\\/#primaryimage\"},\"image\":{\"@id\":\"https:\\\/\\\/www.lightdesign.shop\\\/en\\\/shop\\\/indoor-lamps\\\/indoor-suspension-lamps\\\/catellani-smith-macchina-della-luce-mod-c-suspension-silver-coloured-leaf\\\/#primaryimage\"},\"thumbnailUrl\":\"https:\\\/\\\/www.lightdesign.shop\\\/wp-content\\\/uploads\\\/2023\\\/04\\\/MCLS.webp\",\"datePublished\":\"2023-04-13T15:40:20+00:00\",\"dateModified\":\"2025-12-02T02:23:59+00:00\",\"breadcrumb\":{\"@id\":\"https:\\\/\\\/www.lightdesign.shop\\\/en\\\/shop\\\/indoor-lamps\\\/indoor-suspension-lamps\\\/catellani-smith-macchina-della-luce-mod-c-suspension-silver-coloured-leaf\\\/#breadcrumb\"},\"inLanguage\":\"en-US\",\"potentialAction\":[{\"@type\":\"ReadAction\",\"target\":[\"https:\\\/\\\/www.lightdesign.shop\\\/en\\\/shop\\\/indoor-lamps\\\/indoor-suspension-lamps\\\/catellani-smith-macchina-della-luce-mod-c-suspension-silver-coloured-leaf\\\/\"]}]},{\"@type\":\"ImageObject\",\"inLanguage\":\"en-US\",\"@id\":\"https:\\\/\\\/www.lightdesign.shop\\\/en\\\/shop\\\/indoor-lamps\\\/indoor-suspension-lamps\\\/catellani-smith-macchina-della-luce-mod-c-suspension-silver-coloured-leaf\\\/#primaryimage\",\"url\":\"https:\\\/\\\/www.lightdesign.shop\\\/wp-content\\\/uploads\\\/2023\\\/04\\\/MCLS.webp\",\"contentUrl\":\"https:\\\/\\\/www.lightdesign.shop\\\/wp-content\\\/uploads\\\/2023\\\/04\\\/MCLS.webp\",\"width\":786,\"height\":789},{\"@type\":\"BreadcrumbList\",\"@id\":\"https:\\\/\\\/www.lightdesign.shop\\\/en\\\/shop\\\/indoor-lamps\\\/indoor-suspension-lamps\\\/catellani-smith-macchina-della-luce-mod-c-suspension-silver-coloured-leaf\\\/#breadcrumb\",\"itemListElement\":[{\"@type\":\"ListItem\",\"position\":1,\"name\":\"Home\",\"item\":\"https:\\\/\\\/www.lightdesign.shop\\\/en\\\/\"},{\"@type\":\"ListItem\",\"position\":2,\"name\":\"Shop\",\"item\":\"https:\\\/\\\/www.lightdesign.shop\\\/en\\\/shop\\\/\"},{\"@type\":\"ListItem\",\"position\":3,\"name\":\"Catellani &#038; Smith MACCHINA DELLA LUCE MOD. C &#8211; suspension &#8211; silver coloured leaf\"}]},{\"@type\":\"WebSite\",\"@id\":\"https:\\\/\\\/www.lightdesign.shop\\\/en\\\/#website\",\"url\":\"https:\\\/\\\/www.lightdesign.shop\\\/en\\\/\",\"name\":\"LiD - illumina il tuo mondo\",\"description\":\"Light Design Shop\",\"publisher\":{\"@id\":\"https:\\\/\\\/www.lightdesign.shop\\\/en\\\/#organization\"},\"alternateName\":\"lightdesign.shop\",\"potentialAction\":[{\"@type\":\"SearchAction\",\"target\":{\"@type\":\"EntryPoint\",\"urlTemplate\":\"https:\\\/\\\/www.lightdesign.shop\\\/en\\\/?s={search_term_string}\"},\"query-input\":{\"@type\":\"PropertyValueSpecification\",\"valueRequired\":true,\"valueName\":\"search_term_string\"}}],\"inLanguage\":\"en-US\"},{\"@type\":\"Organization\",\"@id\":\"https:\\\/\\\/www.lightdesign.shop\\\/en\\\/#organization\",\"name\":\"LiD Srl\",\"url\":\"https:\\\/\\\/www.lightdesign.shop\\\/en\\\/\",\"logo\":{\"@type\":\"ImageObject\",\"inLanguage\":\"en-US\",\"@id\":\"https:\\\/\\\/www.lightdesign.shop\\\/en\\\/#\\\/schema\\\/logo\\\/image\\\/\",\"url\":\"https:\\\/\\\/www.lightdesign.shop\\\/wp-content\\\/uploads\\\/2024\\\/06\\\/logo.png\",\"contentUrl\":\"https:\\\/\\\/www.lightdesign.shop\\\/wp-content\\\/uploads\\\/2024\\\/06\\\/logo.png\",\"width\":1027,\"height\":759,\"caption\":\"LiD Srl\"},\"image\":{\"@id\":\"https:\\\/\\\/www.lightdesign.shop\\\/en\\\/#\\\/schema\\\/logo\\\/image\\\/\"},\"sameAs\":[\"https:\\\/\\\/www.facebook.com\\\/LID-Design-757324454392843\\\/\",\"https:\\\/\\\/www.instagram.com\\\/lightdesign.shop\\\/\",\"https:\\\/\\\/www.youtube.com\\\/channel\\\/UC-wfhs9IlrFGpIWzx24cMhA\"]}]}<\/script>\n<!-- \/ Yoast SEO plugin. -->","yoast_head_json":{"title":"Catellani & Smith MACCHINA DELLA LUCE MOD. C - suspension - silver coloured leaf - LiD Design","robots":{"index":"index","follow":"follow","max-snippet":"max-snippet:-1","max-image-preview":"max-image-preview:large","max-video-preview":"max-video-preview:-1"},"canonical":"https:\/\/www.lightdesign.shop\/en\/shop\/indoor-lamps\/indoor-suspension-lamps\/catellani-smith-macchina-della-luce-mod-c-suspension-silver-coloured-leaf\/","og_locale":"en_US","og_type":"article","og_title":"Catellani & Smith MACCHINA DELLA LUCE MOD. C - suspension - silver coloured leaf - LiD Design","og_description":"\"Macchina della Luce\" is a suspension lamp designed and produced by the Catellani&Smith brand, emerging from the Luci d'Oro collection and also born as a reflection on the color of light","og_url":"https:\/\/www.lightdesign.shop\/en\/shop\/indoor-lamps\/indoor-suspension-lamps\/catellani-smith-macchina-della-luce-mod-c-suspension-silver-coloured-leaf\/","og_site_name":"LiD Design","article_publisher":"https:\/\/www.facebook.com\/LID-Design-757324454392843\/","article_modified_time":"2025-12-02T02:23:59+00:00","og_image":[{"width":786,"height":789,"url":"https:\/\/www.lightdesign.shop\/wp-content\/uploads\/2023\/04\/MCLS.webp","type":"image\/webp"}],"twitter_card":"summary_large_image","twitter_misc":{"Est. reading time":"1 minute"},"schema":{"@context":"https:\/\/schema.org","@graph":[{"@type":"WebPage","@id":"https:\/\/www.lightdesign.shop\/en\/shop\/indoor-lamps\/indoor-suspension-lamps\/catellani-smith-macchina-della-luce-mod-c-suspension-silver-coloured-leaf\/","url":"https:\/\/www.lightdesign.shop\/en\/shop\/indoor-lamps\/indoor-suspension-lamps\/catellani-smith-macchina-della-luce-mod-c-suspension-silver-coloured-leaf\/","name":"Catellani & Smith MACCHINA DELLA LUCE MOD. C - suspension - silver coloured leaf - LiD Design","isPartOf":{"@id":"https:\/\/www.lightdesign.shop\/en\/#website"},"primaryImageOfPage":{"@id":"https:\/\/www.lightdesign.shop\/en\/shop\/indoor-lamps\/indoor-suspension-lamps\/catellani-smith-macchina-della-luce-mod-c-suspension-silver-coloured-leaf\/#primaryimage"},"image":{"@id":"https:\/\/www.lightdesign.shop\/en\/shop\/indoor-lamps\/indoor-suspension-lamps\/catellani-smith-macchina-della-luce-mod-c-suspension-silver-coloured-leaf\/#primaryimage"},"thumbnailUrl":"https:\/\/www.lightdesign.shop\/wp-content\/uploads\/2023\/04\/MCLS.webp","datePublished":"2023-04-13T15:40:20+00:00","dateModified":"2025-12-02T02:23:59+00:00","breadcrumb":{"@id":"https:\/\/www.lightdesign.shop\/en\/shop\/indoor-lamps\/indoor-suspension-lamps\/catellani-smith-macchina-della-luce-mod-c-suspension-silver-coloured-leaf\/#breadcrumb"},"inLanguage":"en-US","potentialAction":[{"@type":"ReadAction","target":["https:\/\/www.lightdesign.shop\/en\/shop\/indoor-lamps\/indoor-suspension-lamps\/catellani-smith-macchina-della-luce-mod-c-suspension-silver-coloured-leaf\/"]}]},{"@type":"ImageObject","inLanguage":"en-US","@id":"https:\/\/www.lightdesign.shop\/en\/shop\/indoor-lamps\/indoor-suspension-lamps\/catellani-smith-macchina-della-luce-mod-c-suspension-silver-coloured-leaf\/#primaryimage","url":"https:\/\/www.lightdesign.shop\/wp-content\/uploads\/2023\/04\/MCLS.webp","contentUrl":"https:\/\/www.lightdesign.shop\/wp-content\/uploads\/2023\/04\/MCLS.webp","width":786,"height":789},{"@type":"BreadcrumbList","@id":"https:\/\/www.lightdesign.shop\/en\/shop\/indoor-lamps\/indoor-suspension-lamps\/catellani-smith-macchina-della-luce-mod-c-suspension-silver-coloured-leaf\/#breadcrumb","itemListElement":[{"@type":"ListItem","position":1,"name":"Home","item":"https:\/\/www.lightdesign.shop\/en\/"},{"@type":"ListItem","position":2,"name":"Shop","item":"https:\/\/www.lightdesign.shop\/en\/shop\/"},{"@type":"ListItem","position":3,"name":"Catellani &#038; Smith MACCHINA DELLA LUCE MOD. C &#8211; suspension &#8211; silver coloured leaf"}]},{"@type":"WebSite","@id":"https:\/\/www.lightdesign.shop\/en\/#website","url":"https:\/\/www.lightdesign.shop\/en\/","name":"LiD - illumina il tuo mondo","description":"Light Design Shop","publisher":{"@id":"https:\/\/www.lightdesign.shop\/en\/#organization"},"alternateName":"lightdesign.shop","potentialAction":[{"@type":"SearchAction","target":{"@type":"EntryPoint","urlTemplate":"https:\/\/www.lightdesign.shop\/en\/?s={search_term_string}"},"query-input":{"@type":"PropertyValueSpecification","valueRequired":true,"valueName":"search_term_string"}}],"inLanguage":"en-US"},{"@type":"Organization","@id":"https:\/\/www.lightdesign.shop\/en\/#organization","name":"LiD Srl","url":"https:\/\/www.lightdesign.shop\/en\/","logo":{"@type":"ImageObject","inLanguage":"en-US","@id":"https:\/\/www.lightdesign.shop\/en\/#\/schema\/logo\/image\/","url":"https:\/\/www.lightdesign.shop\/wp-content\/uploads\/2024\/06\/logo.png","contentUrl":"https:\/\/www.lightdesign.shop\/wp-content\/uploads\/2024\/06\/logo.png","width":1027,"height":759,"caption":"LiD Srl"},"image":{"@id":"https:\/\/www.lightdesign.shop\/en\/#\/schema\/logo\/image\/"},"sameAs":["https:\/\/www.facebook.com\/LID-Design-757324454392843\/","https:\/\/www.instagram.com\/lightdesign.shop\/","https:\/\/www.youtube.com\/channel\/UC-wfhs9IlrFGpIWzx24cMhA"]}]}},"_links":{"self":[{"href":"https:\/\/www.lightdesign.shop\/en\/wp-json\/wp\/v2\/product\/141660","targetHints":{"allow":["GET"]}}],"collection":[{"href":"https:\/\/www.lightdesign.shop\/en\/wp-json\/wp\/v2\/product"}],"about":[{"href":"https:\/\/www.lightdesign.shop\/en\/wp-json\/wp\/v2\/types\/product"}],"replies":[{"embeddable":true,"href":"https:\/\/www.lightdesign.shop\/en\/wp-json\/wp\/v2\/comments?post=141660"}],"wp:featuredmedia":[{"embeddable":true,"href":"https:\/\/www.lightdesign.shop\/en\/wp-json\/wp\/v2\/media\/141257"}],"wp:attachment":[{"href":"https:\/\/www.lightdesign.shop\/en\/wp-json\/wp\/v2\/media?parent=141660"}],"wp:term":[{"taxonomy":"product_brand","embeddable":true,"href":"https:\/\/www.lightdesign.shop\/en\/wp-json\/wp\/v2\/product_brand?post=141660"},{"taxonomy":"product_cat","embeddable":true,"href":"https:\/\/www.lightdesign.shop\/en\/wp-json\/wp\/v2\/product_cat?post=141660"},{"taxonomy":"product_tag","embeddable":true,"href":"https:\/\/www.lightdesign.shop\/en\/wp-json\/wp\/v2\/product_tag?post=141660"}],"curies":[{"name":"wp","href":"https:\/\/api.w.org\/{rel}","templated":true}]}}