{"id":140754,"date":"2023-04-05T12:50:45","date_gmt":"2023-04-05T10:50:45","guid":{"rendered":"https:\/\/www.lightdesign.shop\/negozio\/uncategorized\/catellani-smith-postkrisi-49-o-60-suspension-gold-leaf-white-exterior\/"},"modified":"2025-12-02T03:03:45","modified_gmt":"2025-12-02T02:03:45","slug":"catellani-smith-postkrisi-49-o-60-suspension-gold-leaf-white-exterior","status":"publish","type":"product","link":"https:\/\/www.lightdesign.shop\/en\/shop\/indoor-lamps\/indoor-suspension-lamps\/catellani-smith-postkrisi-49-o-60-suspension-gold-leaf-white-exterior\/","title":{"rendered":"Catellani &#038; Smith POSTKRISI 49 \u00d8 60 &#8211; suspension &#8211; gold leaf, white exterior"},"content":{"rendered":"<h2>POSTKRISI 49 \u00d8 60 &#8211; suspension &#8211; gold leaf, white exterior<\/h2>\n<p>Postkrisi is a collection of lamps created by the famous brand Catellani&#038;Smith. With PostKrisi Enzo Catellani begins to work and shape fiberglass. This material fascinates him for its incredible versatility and its resistance but above all for the play of shadows it creates once in contact with light.<\/p>\n<p><em>Light source: E27, 110V (bulbs not supplied)-240V, AC 1x8W, 2700k &#8211; lumens 900 &#8211; CRI >80 Dimmable triac &#8211; Dimensions: hemisphere \u00d8 60 cm, base \u00d8 8\u00d74 cm, susp. cable 170 cm cuttable to size<\/em><\/p>\n","protected":false},"excerpt":{"rendered":"<p>Postkrisi is a collection of lamps created by the famous brand Catellani&#038;Smith.<\/p>\n","protected":false},"featured_media":140503,"comment_status":"open","ping_status":"open","template":"","meta":{"_exactmetrics_skip_tracking":false,"_exactmetrics_sitenote_active":false,"_exactmetrics_sitenote_note":"","_exactmetrics_sitenote_category":0,"_joinchat":[]},"product_brand":[],"product_cat":[405],"product_tag":[4168,4109,4177,4198,4166],"class_list":{"0":"post-140754","1":"product","2":"type-product","3":"status-publish","4":"has-post-thumbnail","6":"product_cat-indoor-suspension-lamps","7":"product_tag-dimmable-en","8":"product_tag-home-en","9":"product_tag-living-en","10":"product_tag-stylish-en","11":"product_tag-suspension-en","12":"pa_ambiente-living","13":"pa_brand-catellani-smith-en","14":"pa_colore-gold","15":"pa_colore-white","16":"pa_stile-modern-en","18":"first","19":"instock","20":"sale","21":"taxable","22":"shipping-taxable","23":"purchasable","24":"product-type-simple"},"yoast_head":"<!-- This site is optimized with the Yoast SEO plugin v27.4 - https:\/\/yoast.com\/product\/yoast-seo-wordpress\/ -->\n<title>Catellani &amp; Smith POSTKRISI 49 \u00d8 60 - suspension - gold leaf, white exterior - LiD Design<\/title>\n<meta name=\"robots\" content=\"index, follow, max-snippet:-1, max-image-preview:large, max-video-preview:-1\" \/>\n<link rel=\"canonical\" href=\"https:\/\/www.lightdesign.shop\/en\/shop\/indoor-lamps\/indoor-suspension-lamps\/catellani-smith-postkrisi-49-o-60-suspension-gold-leaf-white-exterior\/\" \/>\n<meta property=\"og:locale\" content=\"en_US\" \/>\n<meta property=\"og:type\" content=\"article\" \/>\n<meta property=\"og:title\" content=\"Catellani &amp; Smith POSTKRISI 49 \u00d8 60 - suspension - gold leaf, white exterior - LiD Design\" \/>\n<meta property=\"og:description\" content=\"Postkrisi is a collection of lamps created by the famous brand Catellani&amp;Smith.\" \/>\n<meta property=\"og:url\" content=\"https:\/\/www.lightdesign.shop\/en\/shop\/indoor-lamps\/indoor-suspension-lamps\/catellani-smith-postkrisi-49-o-60-suspension-gold-leaf-white-exterior\/\" \/>\n<meta property=\"og:site_name\" content=\"LiD Design\" \/>\n<meta property=\"article:publisher\" content=\"https:\/\/www.facebook.com\/LID-Design-757324454392843\/\" \/>\n<meta property=\"article:modified_time\" content=\"2025-12-02T02:03:45+00:00\" \/>\n<meta property=\"og:image\" content=\"https:\/\/www.lightdesign.shop\/wp-content\/uploads\/2023\/04\/PK496LWG.webp\" \/>\n\t<meta property=\"og:image:width\" content=\"700\" \/>\n\t<meta property=\"og:image:height\" content=\"700\" \/>\n\t<meta property=\"og:image:type\" content=\"image\/webp\" \/>\n<meta name=\"twitter:card\" content=\"summary_large_image\" \/>\n<script type=\"application\/ld+json\" class=\"yoast-schema-graph\">{\"@context\":\"https:\\\/\\\/schema.org\",\"@graph\":[{\"@type\":\"WebPage\",\"@id\":\"https:\\\/\\\/www.lightdesign.shop\\\/en\\\/shop\\\/indoor-lamps\\\/indoor-suspension-lamps\\\/catellani-smith-postkrisi-49-o-60-suspension-gold-leaf-white-exterior\\\/\",\"url\":\"https:\\\/\\\/www.lightdesign.shop\\\/en\\\/shop\\\/indoor-lamps\\\/indoor-suspension-lamps\\\/catellani-smith-postkrisi-49-o-60-suspension-gold-leaf-white-exterior\\\/\",\"name\":\"Catellani & Smith POSTKRISI 49 \u00d8 60 - suspension - gold leaf, white exterior - LiD Design\",\"isPartOf\":{\"@id\":\"https:\\\/\\\/www.lightdesign.shop\\\/en\\\/#website\"},\"primaryImageOfPage\":{\"@id\":\"https:\\\/\\\/www.lightdesign.shop\\\/en\\\/shop\\\/indoor-lamps\\\/indoor-suspension-lamps\\\/catellani-smith-postkrisi-49-o-60-suspension-gold-leaf-white-exterior\\\/#primaryimage\"},\"image\":{\"@id\":\"https:\\\/\\\/www.lightdesign.shop\\\/en\\\/shop\\\/indoor-lamps\\\/indoor-suspension-lamps\\\/catellani-smith-postkrisi-49-o-60-suspension-gold-leaf-white-exterior\\\/#primaryimage\"},\"thumbnailUrl\":\"https:\\\/\\\/www.lightdesign.shop\\\/wp-content\\\/uploads\\\/2023\\\/04\\\/PK496LWG.webp\",\"datePublished\":\"2023-04-05T10:50:45+00:00\",\"dateModified\":\"2025-12-02T02:03:45+00:00\",\"breadcrumb\":{\"@id\":\"https:\\\/\\\/www.lightdesign.shop\\\/en\\\/shop\\\/indoor-lamps\\\/indoor-suspension-lamps\\\/catellani-smith-postkrisi-49-o-60-suspension-gold-leaf-white-exterior\\\/#breadcrumb\"},\"inLanguage\":\"en-US\",\"potentialAction\":[{\"@type\":\"ReadAction\",\"target\":[\"https:\\\/\\\/www.lightdesign.shop\\\/en\\\/shop\\\/indoor-lamps\\\/indoor-suspension-lamps\\\/catellani-smith-postkrisi-49-o-60-suspension-gold-leaf-white-exterior\\\/\"]}]},{\"@type\":\"ImageObject\",\"inLanguage\":\"en-US\",\"@id\":\"https:\\\/\\\/www.lightdesign.shop\\\/en\\\/shop\\\/indoor-lamps\\\/indoor-suspension-lamps\\\/catellani-smith-postkrisi-49-o-60-suspension-gold-leaf-white-exterior\\\/#primaryimage\",\"url\":\"https:\\\/\\\/www.lightdesign.shop\\\/wp-content\\\/uploads\\\/2023\\\/04\\\/PK496LWG.webp\",\"contentUrl\":\"https:\\\/\\\/www.lightdesign.shop\\\/wp-content\\\/uploads\\\/2023\\\/04\\\/PK496LWG.webp\",\"width\":700,\"height\":700},{\"@type\":\"BreadcrumbList\",\"@id\":\"https:\\\/\\\/www.lightdesign.shop\\\/en\\\/shop\\\/indoor-lamps\\\/indoor-suspension-lamps\\\/catellani-smith-postkrisi-49-o-60-suspension-gold-leaf-white-exterior\\\/#breadcrumb\",\"itemListElement\":[{\"@type\":\"ListItem\",\"position\":1,\"name\":\"Home\",\"item\":\"https:\\\/\\\/www.lightdesign.shop\\\/en\\\/\"},{\"@type\":\"ListItem\",\"position\":2,\"name\":\"Shop\",\"item\":\"https:\\\/\\\/www.lightdesign.shop\\\/en\\\/shop\\\/\"},{\"@type\":\"ListItem\",\"position\":3,\"name\":\"Catellani &#038; Smith POSTKRISI 49 \u00d8 60 &#8211; suspension &#8211; gold leaf, white exterior\"}]},{\"@type\":\"WebSite\",\"@id\":\"https:\\\/\\\/www.lightdesign.shop\\\/en\\\/#website\",\"url\":\"https:\\\/\\\/www.lightdesign.shop\\\/en\\\/\",\"name\":\"LiD - illumina il tuo mondo\",\"description\":\"Light Design Shop\",\"publisher\":{\"@id\":\"https:\\\/\\\/www.lightdesign.shop\\\/en\\\/#organization\"},\"alternateName\":\"lightdesign.shop\",\"potentialAction\":[{\"@type\":\"SearchAction\",\"target\":{\"@type\":\"EntryPoint\",\"urlTemplate\":\"https:\\\/\\\/www.lightdesign.shop\\\/en\\\/?s={search_term_string}\"},\"query-input\":{\"@type\":\"PropertyValueSpecification\",\"valueRequired\":true,\"valueName\":\"search_term_string\"}}],\"inLanguage\":\"en-US\"},{\"@type\":\"Organization\",\"@id\":\"https:\\\/\\\/www.lightdesign.shop\\\/en\\\/#organization\",\"name\":\"LiD Srl\",\"url\":\"https:\\\/\\\/www.lightdesign.shop\\\/en\\\/\",\"logo\":{\"@type\":\"ImageObject\",\"inLanguage\":\"en-US\",\"@id\":\"https:\\\/\\\/www.lightdesign.shop\\\/en\\\/#\\\/schema\\\/logo\\\/image\\\/\",\"url\":\"https:\\\/\\\/www.lightdesign.shop\\\/wp-content\\\/uploads\\\/2024\\\/06\\\/logo.png\",\"contentUrl\":\"https:\\\/\\\/www.lightdesign.shop\\\/wp-content\\\/uploads\\\/2024\\\/06\\\/logo.png\",\"width\":1027,\"height\":759,\"caption\":\"LiD Srl\"},\"image\":{\"@id\":\"https:\\\/\\\/www.lightdesign.shop\\\/en\\\/#\\\/schema\\\/logo\\\/image\\\/\"},\"sameAs\":[\"https:\\\/\\\/www.facebook.com\\\/LID-Design-757324454392843\\\/\",\"https:\\\/\\\/www.instagram.com\\\/lightdesign.shop\\\/\",\"https:\\\/\\\/www.youtube.com\\\/channel\\\/UC-wfhs9IlrFGpIWzx24cMhA\"]}]}<\/script>\n<!-- \/ Yoast SEO plugin. -->","yoast_head_json":{"title":"Catellani & Smith POSTKRISI 49 \u00d8 60 - suspension - gold leaf, white exterior - LiD Design","robots":{"index":"index","follow":"follow","max-snippet":"max-snippet:-1","max-image-preview":"max-image-preview:large","max-video-preview":"max-video-preview:-1"},"canonical":"https:\/\/www.lightdesign.shop\/en\/shop\/indoor-lamps\/indoor-suspension-lamps\/catellani-smith-postkrisi-49-o-60-suspension-gold-leaf-white-exterior\/","og_locale":"en_US","og_type":"article","og_title":"Catellani & Smith POSTKRISI 49 \u00d8 60 - suspension - gold leaf, white exterior - LiD Design","og_description":"Postkrisi is a collection of lamps created by the famous brand Catellani&Smith.","og_url":"https:\/\/www.lightdesign.shop\/en\/shop\/indoor-lamps\/indoor-suspension-lamps\/catellani-smith-postkrisi-49-o-60-suspension-gold-leaf-white-exterior\/","og_site_name":"LiD Design","article_publisher":"https:\/\/www.facebook.com\/LID-Design-757324454392843\/","article_modified_time":"2025-12-02T02:03:45+00:00","og_image":[{"width":700,"height":700,"url":"https:\/\/www.lightdesign.shop\/wp-content\/uploads\/2023\/04\/PK496LWG.webp","type":"image\/webp"}],"twitter_card":"summary_large_image","schema":{"@context":"https:\/\/schema.org","@graph":[{"@type":"WebPage","@id":"https:\/\/www.lightdesign.shop\/en\/shop\/indoor-lamps\/indoor-suspension-lamps\/catellani-smith-postkrisi-49-o-60-suspension-gold-leaf-white-exterior\/","url":"https:\/\/www.lightdesign.shop\/en\/shop\/indoor-lamps\/indoor-suspension-lamps\/catellani-smith-postkrisi-49-o-60-suspension-gold-leaf-white-exterior\/","name":"Catellani & Smith POSTKRISI 49 \u00d8 60 - suspension - gold leaf, white exterior - LiD Design","isPartOf":{"@id":"https:\/\/www.lightdesign.shop\/en\/#website"},"primaryImageOfPage":{"@id":"https:\/\/www.lightdesign.shop\/en\/shop\/indoor-lamps\/indoor-suspension-lamps\/catellani-smith-postkrisi-49-o-60-suspension-gold-leaf-white-exterior\/#primaryimage"},"image":{"@id":"https:\/\/www.lightdesign.shop\/en\/shop\/indoor-lamps\/indoor-suspension-lamps\/catellani-smith-postkrisi-49-o-60-suspension-gold-leaf-white-exterior\/#primaryimage"},"thumbnailUrl":"https:\/\/www.lightdesign.shop\/wp-content\/uploads\/2023\/04\/PK496LWG.webp","datePublished":"2023-04-05T10:50:45+00:00","dateModified":"2025-12-02T02:03:45+00:00","breadcrumb":{"@id":"https:\/\/www.lightdesign.shop\/en\/shop\/indoor-lamps\/indoor-suspension-lamps\/catellani-smith-postkrisi-49-o-60-suspension-gold-leaf-white-exterior\/#breadcrumb"},"inLanguage":"en-US","potentialAction":[{"@type":"ReadAction","target":["https:\/\/www.lightdesign.shop\/en\/shop\/indoor-lamps\/indoor-suspension-lamps\/catellani-smith-postkrisi-49-o-60-suspension-gold-leaf-white-exterior\/"]}]},{"@type":"ImageObject","inLanguage":"en-US","@id":"https:\/\/www.lightdesign.shop\/en\/shop\/indoor-lamps\/indoor-suspension-lamps\/catellani-smith-postkrisi-49-o-60-suspension-gold-leaf-white-exterior\/#primaryimage","url":"https:\/\/www.lightdesign.shop\/wp-content\/uploads\/2023\/04\/PK496LWG.webp","contentUrl":"https:\/\/www.lightdesign.shop\/wp-content\/uploads\/2023\/04\/PK496LWG.webp","width":700,"height":700},{"@type":"BreadcrumbList","@id":"https:\/\/www.lightdesign.shop\/en\/shop\/indoor-lamps\/indoor-suspension-lamps\/catellani-smith-postkrisi-49-o-60-suspension-gold-leaf-white-exterior\/#breadcrumb","itemListElement":[{"@type":"ListItem","position":1,"name":"Home","item":"https:\/\/www.lightdesign.shop\/en\/"},{"@type":"ListItem","position":2,"name":"Shop","item":"https:\/\/www.lightdesign.shop\/en\/shop\/"},{"@type":"ListItem","position":3,"name":"Catellani &#038; Smith POSTKRISI 49 \u00d8 60 &#8211; suspension &#8211; gold leaf, white exterior"}]},{"@type":"WebSite","@id":"https:\/\/www.lightdesign.shop\/en\/#website","url":"https:\/\/www.lightdesign.shop\/en\/","name":"LiD - illumina il tuo mondo","description":"Light Design Shop","publisher":{"@id":"https:\/\/www.lightdesign.shop\/en\/#organization"},"alternateName":"lightdesign.shop","potentialAction":[{"@type":"SearchAction","target":{"@type":"EntryPoint","urlTemplate":"https:\/\/www.lightdesign.shop\/en\/?s={search_term_string}"},"query-input":{"@type":"PropertyValueSpecification","valueRequired":true,"valueName":"search_term_string"}}],"inLanguage":"en-US"},{"@type":"Organization","@id":"https:\/\/www.lightdesign.shop\/en\/#organization","name":"LiD Srl","url":"https:\/\/www.lightdesign.shop\/en\/","logo":{"@type":"ImageObject","inLanguage":"en-US","@id":"https:\/\/www.lightdesign.shop\/en\/#\/schema\/logo\/image\/","url":"https:\/\/www.lightdesign.shop\/wp-content\/uploads\/2024\/06\/logo.png","contentUrl":"https:\/\/www.lightdesign.shop\/wp-content\/uploads\/2024\/06\/logo.png","width":1027,"height":759,"caption":"LiD Srl"},"image":{"@id":"https:\/\/www.lightdesign.shop\/en\/#\/schema\/logo\/image\/"},"sameAs":["https:\/\/www.facebook.com\/LID-Design-757324454392843\/","https:\/\/www.instagram.com\/lightdesign.shop\/","https:\/\/www.youtube.com\/channel\/UC-wfhs9IlrFGpIWzx24cMhA"]}]}},"_links":{"self":[{"href":"https:\/\/www.lightdesign.shop\/en\/wp-json\/wp\/v2\/product\/140754","targetHints":{"allow":["GET"]}}],"collection":[{"href":"https:\/\/www.lightdesign.shop\/en\/wp-json\/wp\/v2\/product"}],"about":[{"href":"https:\/\/www.lightdesign.shop\/en\/wp-json\/wp\/v2\/types\/product"}],"replies":[{"embeddable":true,"href":"https:\/\/www.lightdesign.shop\/en\/wp-json\/wp\/v2\/comments?post=140754"}],"wp:featuredmedia":[{"embeddable":true,"href":"https:\/\/www.lightdesign.shop\/en\/wp-json\/wp\/v2\/media\/140503"}],"wp:attachment":[{"href":"https:\/\/www.lightdesign.shop\/en\/wp-json\/wp\/v2\/media?parent=140754"}],"wp:term":[{"taxonomy":"product_brand","embeddable":true,"href":"https:\/\/www.lightdesign.shop\/en\/wp-json\/wp\/v2\/product_brand?post=140754"},{"taxonomy":"product_cat","embeddable":true,"href":"https:\/\/www.lightdesign.shop\/en\/wp-json\/wp\/v2\/product_cat?post=140754"},{"taxonomy":"product_tag","embeddable":true,"href":"https:\/\/www.lightdesign.shop\/en\/wp-json\/wp\/v2\/product_tag?post=140754"}],"curies":[{"name":"wp","href":"https:\/\/api.w.org\/{rel}","templated":true}]}}