{"id":1328378,"date":"2025-03-13T13:25:49","date_gmt":"2025-03-13T12:25:49","guid":{"rendered":"https:\/\/www.lightdesign.shop\/negozio\/uncategorized\/oluce-mini-coupe-mustard-yellow\/"},"modified":"2025-12-02T02:27:26","modified_gmt":"2025-12-02T01:27:26","slug":"oluce-mini-coupe-mustard-yellow","status":"publish","type":"product","link":"https:\/\/www.lightdesign.shop\/en\/shop\/home-accessories\/gift-ideas\/oluce-mini-coupe-mustard-yellow\/","title":{"rendered":"Oluce MINI COUP\u00c9 &#8211; mustard yellow"},"content":{"rendered":"<h2>MINI COUP\u00c9 &#8211; mustard yellow<\/h2>\n<p>Mini Coup\u00e9 is the compact version of the iconic Coup\u00e9 table lamp, designed by Joe Colombo for Oluce in 1967. Standing 34 cm tall, it retains the distinctive chrome stem and semi-cylindrical adjustable shade, preserving the timeless elegance and functionality of the original model. Now available in a range of contemporary colors, Mini Coup\u00e9 embodies Joe Colombo\u2019s visionary approach, blending aesthetic innovation, material experimentation, and dynamic movement. A winner of the International Design Award, Coup\u00e9 is also featured in the permanent collections of MoMA New York and the Neue Sammlung Museum in Munich. This design classic is ideal for modern interiors, adding a touch of elegance and versatility to any space. A timeless masterpiece, now in a more compact form.<\/p>\n<p><em>Light source: LED 1 x max 5W G9 (bulb included) &#8211; 3000 K &#8211; 300 lumens &#8211; CRI>85. Dimensions: L 15 cm  H 34 cm<\/em><\/p>\n","protected":false},"excerpt":{"rendered":"<p>Mini Coup\u00e9 is the compact version of the iconic Coup\u00e9 table lamp, designed by Joe Colombo for Oluce in 1967. Standing 34 cm tall, it retains the distinctive chrome stem and semi-cylindrical adjustable shade, preserving the timeless elegance and functionality of the original model.<\/p>\n","protected":false},"featured_media":1327890,"comment_status":"open","ping_status":"open","template":"","meta":{"_exactmetrics_skip_tracking":false,"_exactmetrics_sitenote_active":false,"_exactmetrics_sitenote_note":"","_exactmetrics_sitenote_category":0,"_joinchat":[]},"product_brand":[],"product_cat":[3369,407],"product_tag":[4209,4109,4110,391],"class_list":{"0":"post-1328378","1":"product","2":"type-product","3":"status-publish","4":"has-post-thumbnail","6":"product_cat-gift-ideas","7":"product_cat-indoor-table-lamps","8":"product_tag-a2810011wt","9":"product_tag-home-en","10":"product_tag-indoor-en","11":"product_tag-modern-en","12":"pa_ambiente-bedroom","13":"pa_brand-oluce-en","14":"pa_colore-yellow","15":"pa_designer-joe-colombo","16":"pa_materiale-aluminum","17":"pa_stile-modern-en","19":"first","20":"instock","21":"sale","22":"taxable","23":"shipping-taxable","24":"purchasable","25":"product-type-simple"},"yoast_head":"<!-- This site is optimized with the Yoast SEO plugin v27.4 - https:\/\/yoast.com\/product\/yoast-seo-wordpress\/ -->\n<title>Oluce MINI COUP\u00c9 - mustard yellow - LiD Design<\/title>\n<meta name=\"robots\" content=\"index, follow, max-snippet:-1, max-image-preview:large, max-video-preview:-1\" \/>\n<link rel=\"canonical\" href=\"https:\/\/www.lightdesign.shop\/en\/shop\/home-accessories\/gift-ideas\/oluce-mini-coupe-mustard-yellow\/\" \/>\n<meta property=\"og:locale\" content=\"en_US\" \/>\n<meta property=\"og:type\" content=\"article\" \/>\n<meta property=\"og:title\" content=\"Oluce MINI COUP\u00c9 - mustard yellow - LiD Design\" \/>\n<meta property=\"og:description\" content=\"Mini Coup\u00e9 is the compact version of the iconic Coup\u00e9 table lamp, designed by Joe Colombo for Oluce in 1967. Standing 34 cm tall, it retains the distinctive chrome stem and semi-cylindrical adjustable shade, preserving the timeless elegance and functionality of the original model.\" \/>\n<meta property=\"og:url\" content=\"https:\/\/www.lightdesign.shop\/en\/shop\/home-accessories\/gift-ideas\/oluce-mini-coupe-mustard-yellow\/\" \/>\n<meta property=\"og:site_name\" content=\"LiD Design\" \/>\n<meta property=\"article:publisher\" content=\"https:\/\/www.facebook.com\/LID-Design-757324454392843\/\" \/>\n<meta property=\"article:modified_time\" content=\"2025-12-02T01:27:26+00:00\" \/>\n<meta property=\"og:image\" content=\"https:\/\/www.lightdesign.shop\/wp-content\/uploads\/2025\/03\/2201_GI.jpg\" \/>\n\t<meta property=\"og:image:width\" content=\"1000\" \/>\n\t<meta property=\"og:image:height\" content=\"1000\" \/>\n\t<meta property=\"og:image:type\" content=\"image\/jpeg\" \/>\n<meta name=\"twitter:card\" content=\"summary_large_image\" \/>\n<meta name=\"twitter:label1\" content=\"Est. reading time\" \/>\n\t<meta name=\"twitter:data1\" content=\"1 minute\" \/>\n<script type=\"application\/ld+json\" class=\"yoast-schema-graph\">{\"@context\":\"https:\\\/\\\/schema.org\",\"@graph\":[{\"@type\":\"WebPage\",\"@id\":\"https:\\\/\\\/www.lightdesign.shop\\\/en\\\/shop\\\/home-accessories\\\/gift-ideas\\\/oluce-mini-coupe-mustard-yellow\\\/\",\"url\":\"https:\\\/\\\/www.lightdesign.shop\\\/en\\\/shop\\\/home-accessories\\\/gift-ideas\\\/oluce-mini-coupe-mustard-yellow\\\/\",\"name\":\"Oluce MINI COUP\u00c9 - mustard yellow - LiD Design\",\"isPartOf\":{\"@id\":\"https:\\\/\\\/www.lightdesign.shop\\\/en\\\/#website\"},\"primaryImageOfPage\":{\"@id\":\"https:\\\/\\\/www.lightdesign.shop\\\/en\\\/shop\\\/home-accessories\\\/gift-ideas\\\/oluce-mini-coupe-mustard-yellow\\\/#primaryimage\"},\"image\":{\"@id\":\"https:\\\/\\\/www.lightdesign.shop\\\/en\\\/shop\\\/home-accessories\\\/gift-ideas\\\/oluce-mini-coupe-mustard-yellow\\\/#primaryimage\"},\"thumbnailUrl\":\"https:\\\/\\\/www.lightdesign.shop\\\/wp-content\\\/uploads\\\/2025\\\/03\\\/2201_GI.jpg\",\"datePublished\":\"2025-03-13T12:25:49+00:00\",\"dateModified\":\"2025-12-02T01:27:26+00:00\",\"breadcrumb\":{\"@id\":\"https:\\\/\\\/www.lightdesign.shop\\\/en\\\/shop\\\/home-accessories\\\/gift-ideas\\\/oluce-mini-coupe-mustard-yellow\\\/#breadcrumb\"},\"inLanguage\":\"en-US\",\"potentialAction\":[{\"@type\":\"ReadAction\",\"target\":[\"https:\\\/\\\/www.lightdesign.shop\\\/en\\\/shop\\\/home-accessories\\\/gift-ideas\\\/oluce-mini-coupe-mustard-yellow\\\/\"]}]},{\"@type\":\"ImageObject\",\"inLanguage\":\"en-US\",\"@id\":\"https:\\\/\\\/www.lightdesign.shop\\\/en\\\/shop\\\/home-accessories\\\/gift-ideas\\\/oluce-mini-coupe-mustard-yellow\\\/#primaryimage\",\"url\":\"https:\\\/\\\/www.lightdesign.shop\\\/wp-content\\\/uploads\\\/2025\\\/03\\\/2201_GI.jpg\",\"contentUrl\":\"https:\\\/\\\/www.lightdesign.shop\\\/wp-content\\\/uploads\\\/2025\\\/03\\\/2201_GI.jpg\",\"width\":1000,\"height\":1000},{\"@type\":\"BreadcrumbList\",\"@id\":\"https:\\\/\\\/www.lightdesign.shop\\\/en\\\/shop\\\/home-accessories\\\/gift-ideas\\\/oluce-mini-coupe-mustard-yellow\\\/#breadcrumb\",\"itemListElement\":[{\"@type\":\"ListItem\",\"position\":1,\"name\":\"Home\",\"item\":\"https:\\\/\\\/www.lightdesign.shop\\\/en\\\/\"},{\"@type\":\"ListItem\",\"position\":2,\"name\":\"Shop\",\"item\":\"https:\\\/\\\/www.lightdesign.shop\\\/en\\\/shop\\\/\"},{\"@type\":\"ListItem\",\"position\":3,\"name\":\"Oluce MINI COUP\u00c9 &#8211; mustard yellow\"}]},{\"@type\":\"WebSite\",\"@id\":\"https:\\\/\\\/www.lightdesign.shop\\\/en\\\/#website\",\"url\":\"https:\\\/\\\/www.lightdesign.shop\\\/en\\\/\",\"name\":\"LiD - illumina il tuo mondo\",\"description\":\"Light Design Shop\",\"publisher\":{\"@id\":\"https:\\\/\\\/www.lightdesign.shop\\\/en\\\/#organization\"},\"alternateName\":\"lightdesign.shop\",\"potentialAction\":[{\"@type\":\"SearchAction\",\"target\":{\"@type\":\"EntryPoint\",\"urlTemplate\":\"https:\\\/\\\/www.lightdesign.shop\\\/en\\\/?s={search_term_string}\"},\"query-input\":{\"@type\":\"PropertyValueSpecification\",\"valueRequired\":true,\"valueName\":\"search_term_string\"}}],\"inLanguage\":\"en-US\"},{\"@type\":\"Organization\",\"@id\":\"https:\\\/\\\/www.lightdesign.shop\\\/en\\\/#organization\",\"name\":\"LiD Srl\",\"url\":\"https:\\\/\\\/www.lightdesign.shop\\\/en\\\/\",\"logo\":{\"@type\":\"ImageObject\",\"inLanguage\":\"en-US\",\"@id\":\"https:\\\/\\\/www.lightdesign.shop\\\/en\\\/#\\\/schema\\\/logo\\\/image\\\/\",\"url\":\"https:\\\/\\\/www.lightdesign.shop\\\/wp-content\\\/uploads\\\/2024\\\/06\\\/logo.png\",\"contentUrl\":\"https:\\\/\\\/www.lightdesign.shop\\\/wp-content\\\/uploads\\\/2024\\\/06\\\/logo.png\",\"width\":1027,\"height\":759,\"caption\":\"LiD Srl\"},\"image\":{\"@id\":\"https:\\\/\\\/www.lightdesign.shop\\\/en\\\/#\\\/schema\\\/logo\\\/image\\\/\"},\"sameAs\":[\"https:\\\/\\\/www.facebook.com\\\/LID-Design-757324454392843\\\/\",\"https:\\\/\\\/www.instagram.com\\\/lightdesign.shop\\\/\",\"https:\\\/\\\/www.youtube.com\\\/channel\\\/UC-wfhs9IlrFGpIWzx24cMhA\"]}]}<\/script>\n<!-- \/ Yoast SEO plugin. -->","yoast_head_json":{"title":"Oluce MINI COUP\u00c9 - mustard yellow - LiD Design","robots":{"index":"index","follow":"follow","max-snippet":"max-snippet:-1","max-image-preview":"max-image-preview:large","max-video-preview":"max-video-preview:-1"},"canonical":"https:\/\/www.lightdesign.shop\/en\/shop\/home-accessories\/gift-ideas\/oluce-mini-coupe-mustard-yellow\/","og_locale":"en_US","og_type":"article","og_title":"Oluce MINI COUP\u00c9 - mustard yellow - LiD Design","og_description":"Mini Coup\u00e9 is the compact version of the iconic Coup\u00e9 table lamp, designed by Joe Colombo for Oluce in 1967. Standing 34 cm tall, it retains the distinctive chrome stem and semi-cylindrical adjustable shade, preserving the timeless elegance and functionality of the original model.","og_url":"https:\/\/www.lightdesign.shop\/en\/shop\/home-accessories\/gift-ideas\/oluce-mini-coupe-mustard-yellow\/","og_site_name":"LiD Design","article_publisher":"https:\/\/www.facebook.com\/LID-Design-757324454392843\/","article_modified_time":"2025-12-02T01:27:26+00:00","og_image":[{"width":1000,"height":1000,"url":"https:\/\/www.lightdesign.shop\/wp-content\/uploads\/2025\/03\/2201_GI.jpg","type":"image\/jpeg"}],"twitter_card":"summary_large_image","twitter_misc":{"Est. reading time":"1 minute"},"schema":{"@context":"https:\/\/schema.org","@graph":[{"@type":"WebPage","@id":"https:\/\/www.lightdesign.shop\/en\/shop\/home-accessories\/gift-ideas\/oluce-mini-coupe-mustard-yellow\/","url":"https:\/\/www.lightdesign.shop\/en\/shop\/home-accessories\/gift-ideas\/oluce-mini-coupe-mustard-yellow\/","name":"Oluce MINI COUP\u00c9 - mustard yellow - LiD Design","isPartOf":{"@id":"https:\/\/www.lightdesign.shop\/en\/#website"},"primaryImageOfPage":{"@id":"https:\/\/www.lightdesign.shop\/en\/shop\/home-accessories\/gift-ideas\/oluce-mini-coupe-mustard-yellow\/#primaryimage"},"image":{"@id":"https:\/\/www.lightdesign.shop\/en\/shop\/home-accessories\/gift-ideas\/oluce-mini-coupe-mustard-yellow\/#primaryimage"},"thumbnailUrl":"https:\/\/www.lightdesign.shop\/wp-content\/uploads\/2025\/03\/2201_GI.jpg","datePublished":"2025-03-13T12:25:49+00:00","dateModified":"2025-12-02T01:27:26+00:00","breadcrumb":{"@id":"https:\/\/www.lightdesign.shop\/en\/shop\/home-accessories\/gift-ideas\/oluce-mini-coupe-mustard-yellow\/#breadcrumb"},"inLanguage":"en-US","potentialAction":[{"@type":"ReadAction","target":["https:\/\/www.lightdesign.shop\/en\/shop\/home-accessories\/gift-ideas\/oluce-mini-coupe-mustard-yellow\/"]}]},{"@type":"ImageObject","inLanguage":"en-US","@id":"https:\/\/www.lightdesign.shop\/en\/shop\/home-accessories\/gift-ideas\/oluce-mini-coupe-mustard-yellow\/#primaryimage","url":"https:\/\/www.lightdesign.shop\/wp-content\/uploads\/2025\/03\/2201_GI.jpg","contentUrl":"https:\/\/www.lightdesign.shop\/wp-content\/uploads\/2025\/03\/2201_GI.jpg","width":1000,"height":1000},{"@type":"BreadcrumbList","@id":"https:\/\/www.lightdesign.shop\/en\/shop\/home-accessories\/gift-ideas\/oluce-mini-coupe-mustard-yellow\/#breadcrumb","itemListElement":[{"@type":"ListItem","position":1,"name":"Home","item":"https:\/\/www.lightdesign.shop\/en\/"},{"@type":"ListItem","position":2,"name":"Shop","item":"https:\/\/www.lightdesign.shop\/en\/shop\/"},{"@type":"ListItem","position":3,"name":"Oluce MINI COUP\u00c9 &#8211; mustard yellow"}]},{"@type":"WebSite","@id":"https:\/\/www.lightdesign.shop\/en\/#website","url":"https:\/\/www.lightdesign.shop\/en\/","name":"LiD - illumina il tuo mondo","description":"Light Design Shop","publisher":{"@id":"https:\/\/www.lightdesign.shop\/en\/#organization"},"alternateName":"lightdesign.shop","potentialAction":[{"@type":"SearchAction","target":{"@type":"EntryPoint","urlTemplate":"https:\/\/www.lightdesign.shop\/en\/?s={search_term_string}"},"query-input":{"@type":"PropertyValueSpecification","valueRequired":true,"valueName":"search_term_string"}}],"inLanguage":"en-US"},{"@type":"Organization","@id":"https:\/\/www.lightdesign.shop\/en\/#organization","name":"LiD Srl","url":"https:\/\/www.lightdesign.shop\/en\/","logo":{"@type":"ImageObject","inLanguage":"en-US","@id":"https:\/\/www.lightdesign.shop\/en\/#\/schema\/logo\/image\/","url":"https:\/\/www.lightdesign.shop\/wp-content\/uploads\/2024\/06\/logo.png","contentUrl":"https:\/\/www.lightdesign.shop\/wp-content\/uploads\/2024\/06\/logo.png","width":1027,"height":759,"caption":"LiD Srl"},"image":{"@id":"https:\/\/www.lightdesign.shop\/en\/#\/schema\/logo\/image\/"},"sameAs":["https:\/\/www.facebook.com\/LID-Design-757324454392843\/","https:\/\/www.instagram.com\/lightdesign.shop\/","https:\/\/www.youtube.com\/channel\/UC-wfhs9IlrFGpIWzx24cMhA"]}]}},"_links":{"self":[{"href":"https:\/\/www.lightdesign.shop\/en\/wp-json\/wp\/v2\/product\/1328378","targetHints":{"allow":["GET"]}}],"collection":[{"href":"https:\/\/www.lightdesign.shop\/en\/wp-json\/wp\/v2\/product"}],"about":[{"href":"https:\/\/www.lightdesign.shop\/en\/wp-json\/wp\/v2\/types\/product"}],"replies":[{"embeddable":true,"href":"https:\/\/www.lightdesign.shop\/en\/wp-json\/wp\/v2\/comments?post=1328378"}],"wp:featuredmedia":[{"embeddable":true,"href":"https:\/\/www.lightdesign.shop\/en\/wp-json\/wp\/v2\/media\/1327890"}],"wp:attachment":[{"href":"https:\/\/www.lightdesign.shop\/en\/wp-json\/wp\/v2\/media?parent=1328378"}],"wp:term":[{"taxonomy":"product_brand","embeddable":true,"href":"https:\/\/www.lightdesign.shop\/en\/wp-json\/wp\/v2\/product_brand?post=1328378"},{"taxonomy":"product_cat","embeddable":true,"href":"https:\/\/www.lightdesign.shop\/en\/wp-json\/wp\/v2\/product_cat?post=1328378"},{"taxonomy":"product_tag","embeddable":true,"href":"https:\/\/www.lightdesign.shop\/en\/wp-json\/wp\/v2\/product_tag?post=1328378"}],"curies":[{"name":"wp","href":"https:\/\/api.w.org\/{rel}","templated":true}]}}