{"id":1316307,"date":"2024-12-12T10:55:52","date_gmt":"2024-12-12T09:55:52","guid":{"rendered":"https:\/\/www.lightdesign.shop\/negozio\/uncategorized\/luceplan-fortebraccio-spot-o16-balck-soft-touch\/"},"modified":"2025-12-02T02:06:24","modified_gmt":"2025-12-02T01:06:24","slug":"luceplan-fortebraccio-spot-o16-balck-soft-touch","status":"publish","type":"product","link":"https:\/\/www.lightdesign.shop\/en\/shop\/indoor-lamps\/indoor-wall-lamps\/luceplan-fortebraccio-spot-o16-balck-soft-touch\/","title":{"rendered":"Luceplan FORTEBRACCIO Spot \u00d816 &#8211; balck soft touch"},"content":{"rendered":"<h2>FORTEBRACCIO Spot \u00d816 &#8211; balck soft touch<\/h2>\n<p>Fortebraccio Spot \u00d811 and \u00d816, a wall or ceiling lamp by Luceplan, designed by Alberto Meda and Paolo Rizzatto, has been completely updated in its joints to provide exceptional freedom in directing light. For installation, the universal metal joint D33N\/3 is required and sold separately (not included). Its iconic handle, a hallmark of the design, offers both charisma and practicality, allowing effortless adjustment of the light direction. Made of polycarbonate, the handle incorporates a switch for easy operation and maneuverability.  Available in aluminum, white, and soft-touch black finishes, Fortebraccio Spot combines innovation and versatility, making it an excellent choice for both residential and professional settings.<\/p>\n<p><em>Light source: LED filament E27, max 70W HSGSA E27 &#8211; 220-240 V ~ 50\/60 Hz. Dimensions: L 360mm, head \u00d8 160mm<\/em><\/p>\n","protected":false},"excerpt":{"rendered":"<p>Fortebraccio Spot \u00d811 and \u00d816, a wall or ceiling lamp by Luceplan, designed by Alberto Meda and Paolo Rizzatto, has been completely updated in its joints to provide exceptional freedom in directing light. For installation, the universal metal joint D33N\/3 is required and sold separately (not included). Its iconic handle, a hallmark of the design, offers both charisma and practicality, allowing effortless adjustment of the light direction.<\/p>\n","protected":false},"featured_media":1315523,"comment_status":"open","ping_status":"open","template":"","meta":{"_exactmetrics_skip_tracking":false,"_exactmetrics_sitenote_active":false,"_exactmetrics_sitenote_note":"","_exactmetrics_sitenote_category":0,"_joinchat":[]},"product_brand":[],"product_cat":[406],"product_tag":[4209,3270,4109,4110,391],"class_list":{"0":"post-1316307","1":"product","2":"type-product","3":"status-publish","4":"has-post-thumbnail","6":"product_cat-indoor-wall-lamps","7":"product_tag-a2810011wt","8":"product_tag-alberto-meda-paolo-rizzatto-en","9":"product_tag-home-en","10":"product_tag-indoor-en","11":"product_tag-modern-en","12":"pa_ambiente-kitchen","13":"pa_brand-luceplan-en","14":"pa_colore-black","15":"pa_materiale-polycarbonate","16":"pa_stile-modern-en","18":"first","19":"instock","20":"sale","21":"taxable","22":"shipping-taxable","23":"purchasable","24":"product-type-simple"},"yoast_head":"<!-- This site is optimized with the Yoast SEO plugin v27.4 - https:\/\/yoast.com\/product\/yoast-seo-wordpress\/ -->\n<title>Luceplan FORTEBRACCIO Spot \u00d816 - balck soft touch - LiD Design<\/title>\n<meta name=\"robots\" content=\"index, follow, max-snippet:-1, max-image-preview:large, max-video-preview:-1\" \/>\n<link rel=\"canonical\" href=\"https:\/\/www.lightdesign.shop\/en\/shop\/indoor-lamps\/indoor-wall-lamps\/luceplan-fortebraccio-spot-o16-balck-soft-touch\/\" \/>\n<meta property=\"og:locale\" content=\"en_US\" \/>\n<meta property=\"og:type\" content=\"article\" \/>\n<meta property=\"og:title\" content=\"Luceplan FORTEBRACCIO Spot \u00d816 - balck soft touch - LiD Design\" \/>\n<meta property=\"og:description\" content=\"Fortebraccio Spot \u00d811 and \u00d816, a wall or ceiling lamp by Luceplan, designed by Alberto Meda and Paolo Rizzatto, has been completely updated in its joints to provide exceptional freedom in directing light. For installation, the universal metal joint D33N\/3 is required and sold separately (not included). Its iconic handle, a hallmark of the design, offers both charisma and practicality, allowing effortless adjustment of the light direction.\" \/>\n<meta property=\"og:url\" content=\"https:\/\/www.lightdesign.shop\/en\/shop\/indoor-lamps\/indoor-wall-lamps\/luceplan-fortebraccio-spot-o16-balck-soft-touch\/\" \/>\n<meta property=\"og:site_name\" content=\"LiD Design\" \/>\n<meta property=\"article:publisher\" content=\"https:\/\/www.facebook.com\/LID-Design-757324454392843\/\" \/>\n<meta property=\"article:modified_time\" content=\"2025-12-02T01:06:24+00:00\" \/>\n<meta property=\"og:image\" content=\"https:\/\/www.lightdesign.shop\/wp-content\/uploads\/2024\/12\/1D33NSGI0001.jpg\" \/>\n\t<meta property=\"og:image:width\" content=\"800\" \/>\n\t<meta property=\"og:image:height\" content=\"800\" \/>\n\t<meta property=\"og:image:type\" content=\"image\/jpeg\" \/>\n<meta name=\"twitter:card\" content=\"summary_large_image\" \/>\n<meta name=\"twitter:label1\" content=\"Est. reading time\" \/>\n\t<meta name=\"twitter:data1\" content=\"1 minute\" \/>\n<script type=\"application\/ld+json\" class=\"yoast-schema-graph\">{\"@context\":\"https:\\\/\\\/schema.org\",\"@graph\":[{\"@type\":\"WebPage\",\"@id\":\"https:\\\/\\\/www.lightdesign.shop\\\/en\\\/shop\\\/indoor-lamps\\\/indoor-wall-lamps\\\/luceplan-fortebraccio-spot-o16-balck-soft-touch\\\/\",\"url\":\"https:\\\/\\\/www.lightdesign.shop\\\/en\\\/shop\\\/indoor-lamps\\\/indoor-wall-lamps\\\/luceplan-fortebraccio-spot-o16-balck-soft-touch\\\/\",\"name\":\"Luceplan FORTEBRACCIO Spot \u00d816 - balck soft touch - LiD Design\",\"isPartOf\":{\"@id\":\"https:\\\/\\\/www.lightdesign.shop\\\/en\\\/#website\"},\"primaryImageOfPage\":{\"@id\":\"https:\\\/\\\/www.lightdesign.shop\\\/en\\\/shop\\\/indoor-lamps\\\/indoor-wall-lamps\\\/luceplan-fortebraccio-spot-o16-balck-soft-touch\\\/#primaryimage\"},\"image\":{\"@id\":\"https:\\\/\\\/www.lightdesign.shop\\\/en\\\/shop\\\/indoor-lamps\\\/indoor-wall-lamps\\\/luceplan-fortebraccio-spot-o16-balck-soft-touch\\\/#primaryimage\"},\"thumbnailUrl\":\"https:\\\/\\\/www.lightdesign.shop\\\/wp-content\\\/uploads\\\/2024\\\/12\\\/1D33NSGI0001.jpg\",\"datePublished\":\"2024-12-12T09:55:52+00:00\",\"dateModified\":\"2025-12-02T01:06:24+00:00\",\"breadcrumb\":{\"@id\":\"https:\\\/\\\/www.lightdesign.shop\\\/en\\\/shop\\\/indoor-lamps\\\/indoor-wall-lamps\\\/luceplan-fortebraccio-spot-o16-balck-soft-touch\\\/#breadcrumb\"},\"inLanguage\":\"en-US\",\"potentialAction\":[{\"@type\":\"ReadAction\",\"target\":[\"https:\\\/\\\/www.lightdesign.shop\\\/en\\\/shop\\\/indoor-lamps\\\/indoor-wall-lamps\\\/luceplan-fortebraccio-spot-o16-balck-soft-touch\\\/\"]}]},{\"@type\":\"ImageObject\",\"inLanguage\":\"en-US\",\"@id\":\"https:\\\/\\\/www.lightdesign.shop\\\/en\\\/shop\\\/indoor-lamps\\\/indoor-wall-lamps\\\/luceplan-fortebraccio-spot-o16-balck-soft-touch\\\/#primaryimage\",\"url\":\"https:\\\/\\\/www.lightdesign.shop\\\/wp-content\\\/uploads\\\/2024\\\/12\\\/1D33NSGI0001.jpg\",\"contentUrl\":\"https:\\\/\\\/www.lightdesign.shop\\\/wp-content\\\/uploads\\\/2024\\\/12\\\/1D33NSGI0001.jpg\",\"width\":800,\"height\":800},{\"@type\":\"BreadcrumbList\",\"@id\":\"https:\\\/\\\/www.lightdesign.shop\\\/en\\\/shop\\\/indoor-lamps\\\/indoor-wall-lamps\\\/luceplan-fortebraccio-spot-o16-balck-soft-touch\\\/#breadcrumb\",\"itemListElement\":[{\"@type\":\"ListItem\",\"position\":1,\"name\":\"Home\",\"item\":\"https:\\\/\\\/www.lightdesign.shop\\\/en\\\/\"},{\"@type\":\"ListItem\",\"position\":2,\"name\":\"Shop\",\"item\":\"https:\\\/\\\/www.lightdesign.shop\\\/en\\\/shop\\\/\"},{\"@type\":\"ListItem\",\"position\":3,\"name\":\"Luceplan FORTEBRACCIO Spot \u00d816 &#8211; balck soft touch\"}]},{\"@type\":\"WebSite\",\"@id\":\"https:\\\/\\\/www.lightdesign.shop\\\/en\\\/#website\",\"url\":\"https:\\\/\\\/www.lightdesign.shop\\\/en\\\/\",\"name\":\"LiD - illumina il tuo mondo\",\"description\":\"Light Design Shop\",\"publisher\":{\"@id\":\"https:\\\/\\\/www.lightdesign.shop\\\/en\\\/#organization\"},\"alternateName\":\"lightdesign.shop\",\"potentialAction\":[{\"@type\":\"SearchAction\",\"target\":{\"@type\":\"EntryPoint\",\"urlTemplate\":\"https:\\\/\\\/www.lightdesign.shop\\\/en\\\/?s={search_term_string}\"},\"query-input\":{\"@type\":\"PropertyValueSpecification\",\"valueRequired\":true,\"valueName\":\"search_term_string\"}}],\"inLanguage\":\"en-US\"},{\"@type\":\"Organization\",\"@id\":\"https:\\\/\\\/www.lightdesign.shop\\\/en\\\/#organization\",\"name\":\"LiD Srl\",\"url\":\"https:\\\/\\\/www.lightdesign.shop\\\/en\\\/\",\"logo\":{\"@type\":\"ImageObject\",\"inLanguage\":\"en-US\",\"@id\":\"https:\\\/\\\/www.lightdesign.shop\\\/en\\\/#\\\/schema\\\/logo\\\/image\\\/\",\"url\":\"https:\\\/\\\/www.lightdesign.shop\\\/wp-content\\\/uploads\\\/2024\\\/06\\\/logo.png\",\"contentUrl\":\"https:\\\/\\\/www.lightdesign.shop\\\/wp-content\\\/uploads\\\/2024\\\/06\\\/logo.png\",\"width\":1027,\"height\":759,\"caption\":\"LiD Srl\"},\"image\":{\"@id\":\"https:\\\/\\\/www.lightdesign.shop\\\/en\\\/#\\\/schema\\\/logo\\\/image\\\/\"},\"sameAs\":[\"https:\\\/\\\/www.facebook.com\\\/LID-Design-757324454392843\\\/\",\"https:\\\/\\\/www.instagram.com\\\/lightdesign.shop\\\/\",\"https:\\\/\\\/www.youtube.com\\\/channel\\\/UC-wfhs9IlrFGpIWzx24cMhA\"]}]}<\/script>\n<!-- \/ Yoast SEO plugin. -->","yoast_head_json":{"title":"Luceplan FORTEBRACCIO Spot \u00d816 - balck soft touch - LiD Design","robots":{"index":"index","follow":"follow","max-snippet":"max-snippet:-1","max-image-preview":"max-image-preview:large","max-video-preview":"max-video-preview:-1"},"canonical":"https:\/\/www.lightdesign.shop\/en\/shop\/indoor-lamps\/indoor-wall-lamps\/luceplan-fortebraccio-spot-o16-balck-soft-touch\/","og_locale":"en_US","og_type":"article","og_title":"Luceplan FORTEBRACCIO Spot \u00d816 - balck soft touch - LiD Design","og_description":"Fortebraccio Spot \u00d811 and \u00d816, a wall or ceiling lamp by Luceplan, designed by Alberto Meda and Paolo Rizzatto, has been completely updated in its joints to provide exceptional freedom in directing light. For installation, the universal metal joint D33N\/3 is required and sold separately (not included). Its iconic handle, a hallmark of the design, offers both charisma and practicality, allowing effortless adjustment of the light direction.","og_url":"https:\/\/www.lightdesign.shop\/en\/shop\/indoor-lamps\/indoor-wall-lamps\/luceplan-fortebraccio-spot-o16-balck-soft-touch\/","og_site_name":"LiD Design","article_publisher":"https:\/\/www.facebook.com\/LID-Design-757324454392843\/","article_modified_time":"2025-12-02T01:06:24+00:00","og_image":[{"width":800,"height":800,"url":"https:\/\/www.lightdesign.shop\/wp-content\/uploads\/2024\/12\/1D33NSGI0001.jpg","type":"image\/jpeg"}],"twitter_card":"summary_large_image","twitter_misc":{"Est. reading time":"1 minute"},"schema":{"@context":"https:\/\/schema.org","@graph":[{"@type":"WebPage","@id":"https:\/\/www.lightdesign.shop\/en\/shop\/indoor-lamps\/indoor-wall-lamps\/luceplan-fortebraccio-spot-o16-balck-soft-touch\/","url":"https:\/\/www.lightdesign.shop\/en\/shop\/indoor-lamps\/indoor-wall-lamps\/luceplan-fortebraccio-spot-o16-balck-soft-touch\/","name":"Luceplan FORTEBRACCIO Spot \u00d816 - balck soft touch - LiD Design","isPartOf":{"@id":"https:\/\/www.lightdesign.shop\/en\/#website"},"primaryImageOfPage":{"@id":"https:\/\/www.lightdesign.shop\/en\/shop\/indoor-lamps\/indoor-wall-lamps\/luceplan-fortebraccio-spot-o16-balck-soft-touch\/#primaryimage"},"image":{"@id":"https:\/\/www.lightdesign.shop\/en\/shop\/indoor-lamps\/indoor-wall-lamps\/luceplan-fortebraccio-spot-o16-balck-soft-touch\/#primaryimage"},"thumbnailUrl":"https:\/\/www.lightdesign.shop\/wp-content\/uploads\/2024\/12\/1D33NSGI0001.jpg","datePublished":"2024-12-12T09:55:52+00:00","dateModified":"2025-12-02T01:06:24+00:00","breadcrumb":{"@id":"https:\/\/www.lightdesign.shop\/en\/shop\/indoor-lamps\/indoor-wall-lamps\/luceplan-fortebraccio-spot-o16-balck-soft-touch\/#breadcrumb"},"inLanguage":"en-US","potentialAction":[{"@type":"ReadAction","target":["https:\/\/www.lightdesign.shop\/en\/shop\/indoor-lamps\/indoor-wall-lamps\/luceplan-fortebraccio-spot-o16-balck-soft-touch\/"]}]},{"@type":"ImageObject","inLanguage":"en-US","@id":"https:\/\/www.lightdesign.shop\/en\/shop\/indoor-lamps\/indoor-wall-lamps\/luceplan-fortebraccio-spot-o16-balck-soft-touch\/#primaryimage","url":"https:\/\/www.lightdesign.shop\/wp-content\/uploads\/2024\/12\/1D33NSGI0001.jpg","contentUrl":"https:\/\/www.lightdesign.shop\/wp-content\/uploads\/2024\/12\/1D33NSGI0001.jpg","width":800,"height":800},{"@type":"BreadcrumbList","@id":"https:\/\/www.lightdesign.shop\/en\/shop\/indoor-lamps\/indoor-wall-lamps\/luceplan-fortebraccio-spot-o16-balck-soft-touch\/#breadcrumb","itemListElement":[{"@type":"ListItem","position":1,"name":"Home","item":"https:\/\/www.lightdesign.shop\/en\/"},{"@type":"ListItem","position":2,"name":"Shop","item":"https:\/\/www.lightdesign.shop\/en\/shop\/"},{"@type":"ListItem","position":3,"name":"Luceplan FORTEBRACCIO Spot \u00d816 &#8211; balck soft touch"}]},{"@type":"WebSite","@id":"https:\/\/www.lightdesign.shop\/en\/#website","url":"https:\/\/www.lightdesign.shop\/en\/","name":"LiD - illumina il tuo mondo","description":"Light Design Shop","publisher":{"@id":"https:\/\/www.lightdesign.shop\/en\/#organization"},"alternateName":"lightdesign.shop","potentialAction":[{"@type":"SearchAction","target":{"@type":"EntryPoint","urlTemplate":"https:\/\/www.lightdesign.shop\/en\/?s={search_term_string}"},"query-input":{"@type":"PropertyValueSpecification","valueRequired":true,"valueName":"search_term_string"}}],"inLanguage":"en-US"},{"@type":"Organization","@id":"https:\/\/www.lightdesign.shop\/en\/#organization","name":"LiD Srl","url":"https:\/\/www.lightdesign.shop\/en\/","logo":{"@type":"ImageObject","inLanguage":"en-US","@id":"https:\/\/www.lightdesign.shop\/en\/#\/schema\/logo\/image\/","url":"https:\/\/www.lightdesign.shop\/wp-content\/uploads\/2024\/06\/logo.png","contentUrl":"https:\/\/www.lightdesign.shop\/wp-content\/uploads\/2024\/06\/logo.png","width":1027,"height":759,"caption":"LiD Srl"},"image":{"@id":"https:\/\/www.lightdesign.shop\/en\/#\/schema\/logo\/image\/"},"sameAs":["https:\/\/www.facebook.com\/LID-Design-757324454392843\/","https:\/\/www.instagram.com\/lightdesign.shop\/","https:\/\/www.youtube.com\/channel\/UC-wfhs9IlrFGpIWzx24cMhA"]}]}},"_links":{"self":[{"href":"https:\/\/www.lightdesign.shop\/en\/wp-json\/wp\/v2\/product\/1316307","targetHints":{"allow":["GET"]}}],"collection":[{"href":"https:\/\/www.lightdesign.shop\/en\/wp-json\/wp\/v2\/product"}],"about":[{"href":"https:\/\/www.lightdesign.shop\/en\/wp-json\/wp\/v2\/types\/product"}],"replies":[{"embeddable":true,"href":"https:\/\/www.lightdesign.shop\/en\/wp-json\/wp\/v2\/comments?post=1316307"}],"wp:featuredmedia":[{"embeddable":true,"href":"https:\/\/www.lightdesign.shop\/en\/wp-json\/wp\/v2\/media\/1315523"}],"wp:attachment":[{"href":"https:\/\/www.lightdesign.shop\/en\/wp-json\/wp\/v2\/media?parent=1316307"}],"wp:term":[{"taxonomy":"product_brand","embeddable":true,"href":"https:\/\/www.lightdesign.shop\/en\/wp-json\/wp\/v2\/product_brand?post=1316307"},{"taxonomy":"product_cat","embeddable":true,"href":"https:\/\/www.lightdesign.shop\/en\/wp-json\/wp\/v2\/product_cat?post=1316307"},{"taxonomy":"product_tag","embeddable":true,"href":"https:\/\/www.lightdesign.shop\/en\/wp-json\/wp\/v2\/product_tag?post=1316307"}],"curies":[{"name":"wp","href":"https:\/\/api.w.org\/{rel}","templated":true}]}}