{"id":1310191,"date":"2024-11-07T12:55:14","date_gmt":"2024-11-07T11:55:14","guid":{"rendered":"https:\/\/www.lightdesign.shop\/negozio\/uncategorized\/lumen-center-take-plus-s3-matt-white\/"},"modified":"2025-12-02T02:56:25","modified_gmt":"2025-12-02T01:56:25","slug":"lumen-center-take-plus-s3-matt-white","status":"publish","type":"product","link":"https:\/\/www.lightdesign.shop\/en\/shop\/indoor-lamps\/indoor-suspension-lamps\/lumen-center-take-plus-s3-matt-white\/","title":{"rendered":"Lumen Center TAK\u00c9 PLUS S3 &#8211; matt white"},"content":{"rendered":"<h2>TAK\u00c9 PLUS S3 &#8211; matt white<\/h2>\n<p>TAK\u00c9 PLUS S3 by Lumen Center, designed by Villatosca, is part of the Tak\u00e9 Family, an ecosystem of light aimed at providing versatility and customization. This pendant lamp, available in 3, 4, 5, and 6 modules, is crafted from white opal polyethylene, offering uniform and refined lighting. The adjustable mounts allow you to tilt the lamp, achieving the ideal light setup for any space. Featuring an integrated LED source and power supply options in both ON-OFF and Bluetooth-dimmable versions, TAK\u00c9 PLUS provides full lighting control. The details, available in matte white or chrome, offer a modern, sleek look, making TAK\u00c9 PLUS an elegant and functional choice for both residential and commercial settings.<\/p>\n<p><em>Sorgente luminosa:  LED SMD &#8211; 48W &#8211; 3000K &#8211; 3300 lumen &#8211; CRI>90 &#8211; Driver elettronico:  ON-OFF &#8211; IP 20. Dimensioni: L 134 cm  \u00d8 12,5 cm  H 200 cm<\/em><\/p>\n","protected":false},"excerpt":{"rendered":"<p>TAK\u00c9 PLUS S3 by Lumen Center, designed by Villatosca, is part of the Tak\u00e9 Family, an ecosystem of light aimed at providing versatility and customization. This pendant lamp, available in 3, 4, 5, and 6 modules, is crafted from white opal polyethylene, offering uniform and refined lighting. The adjustable mounts allow you to tilt the lamp, achieving the ideal light setup for any space.<\/p>\n","protected":false},"featured_media":1310005,"comment_status":"open","ping_status":"open","template":"","meta":{"_exactmetrics_skip_tracking":false,"_exactmetrics_sitenote_active":false,"_exactmetrics_sitenote_note":"","_exactmetrics_sitenote_category":0,"_joinchat":[]},"product_brand":[],"product_cat":[405],"product_tag":[4115,4173,4110,4114],"class_list":{"0":"post-1310191","1":"product","2":"type-product","3":"status-publish","4":"has-post-thumbnail","6":"product_cat-indoor-suspension-lamps","7":"product_tag-diffused","8":"product_tag-hospitality-en","9":"product_tag-indoor-en","10":"product_tag-rounded","11":"pa_ambiente-living","12":"pa_brand-lumen-center-en","13":"pa_colore-white","14":"pa_materiale-polyethylene","15":"pa_stile-modern-en","17":"first","18":"instock","19":"sale","20":"taxable","21":"shipping-taxable","22":"purchasable","23":"product-type-simple"},"yoast_head":"<!-- This site is optimized with the Yoast SEO plugin v27.4 - https:\/\/yoast.com\/product\/yoast-seo-wordpress\/ -->\n<title>Lumen Center TAK\u00c9 PLUS S3 - matt white - LiD Design<\/title>\n<meta name=\"robots\" content=\"index, follow, max-snippet:-1, max-image-preview:large, max-video-preview:-1\" \/>\n<link rel=\"canonical\" href=\"https:\/\/www.lightdesign.shop\/en\/shop\/indoor-lamps\/indoor-suspension-lamps\/lumen-center-take-plus-s3-matt-white\/\" \/>\n<meta property=\"og:locale\" content=\"en_US\" \/>\n<meta property=\"og:type\" content=\"article\" \/>\n<meta property=\"og:title\" content=\"Lumen Center TAK\u00c9 PLUS S3 - matt white - LiD Design\" \/>\n<meta property=\"og:description\" content=\"TAK\u00c9 PLUS S3 by Lumen Center, designed by Villatosca, is part of the Tak\u00e9 Family, an ecosystem of light aimed at providing versatility and customization. This pendant lamp, available in 3, 4, 5, and 6 modules, is crafted from white opal polyethylene, offering uniform and refined lighting. The adjustable mounts allow you to tilt the lamp, achieving the ideal light setup for any space.\" \/>\n<meta property=\"og:url\" content=\"https:\/\/www.lightdesign.shop\/en\/shop\/indoor-lamps\/indoor-suspension-lamps\/lumen-center-take-plus-s3-matt-white\/\" \/>\n<meta property=\"og:site_name\" content=\"LiD Design\" \/>\n<meta property=\"article:publisher\" content=\"https:\/\/www.facebook.com\/LID-Design-757324454392843\/\" \/>\n<meta property=\"article:modified_time\" content=\"2025-12-02T01:56:25+00:00\" \/>\n<meta property=\"og:image\" content=\"https:\/\/www.lightdesign.shop\/wp-content\/uploads\/2024\/11\/TAK333106.jpg\" \/>\n\t<meta property=\"og:image:width\" content=\"1000\" \/>\n\t<meta property=\"og:image:height\" content=\"1000\" \/>\n\t<meta property=\"og:image:type\" content=\"image\/jpeg\" \/>\n<meta name=\"twitter:card\" content=\"summary_large_image\" \/>\n<meta name=\"twitter:label1\" content=\"Est. reading time\" \/>\n\t<meta name=\"twitter:data1\" content=\"1 minute\" \/>\n<script type=\"application\/ld+json\" class=\"yoast-schema-graph\">{\"@context\":\"https:\\\/\\\/schema.org\",\"@graph\":[{\"@type\":\"WebPage\",\"@id\":\"https:\\\/\\\/www.lightdesign.shop\\\/en\\\/shop\\\/indoor-lamps\\\/indoor-suspension-lamps\\\/lumen-center-take-plus-s3-matt-white\\\/\",\"url\":\"https:\\\/\\\/www.lightdesign.shop\\\/en\\\/shop\\\/indoor-lamps\\\/indoor-suspension-lamps\\\/lumen-center-take-plus-s3-matt-white\\\/\",\"name\":\"Lumen Center TAK\u00c9 PLUS S3 - matt white - LiD Design\",\"isPartOf\":{\"@id\":\"https:\\\/\\\/www.lightdesign.shop\\\/en\\\/#website\"},\"primaryImageOfPage\":{\"@id\":\"https:\\\/\\\/www.lightdesign.shop\\\/en\\\/shop\\\/indoor-lamps\\\/indoor-suspension-lamps\\\/lumen-center-take-plus-s3-matt-white\\\/#primaryimage\"},\"image\":{\"@id\":\"https:\\\/\\\/www.lightdesign.shop\\\/en\\\/shop\\\/indoor-lamps\\\/indoor-suspension-lamps\\\/lumen-center-take-plus-s3-matt-white\\\/#primaryimage\"},\"thumbnailUrl\":\"https:\\\/\\\/www.lightdesign.shop\\\/wp-content\\\/uploads\\\/2024\\\/11\\\/TAK333106.jpg\",\"datePublished\":\"2024-11-07T11:55:14+00:00\",\"dateModified\":\"2025-12-02T01:56:25+00:00\",\"breadcrumb\":{\"@id\":\"https:\\\/\\\/www.lightdesign.shop\\\/en\\\/shop\\\/indoor-lamps\\\/indoor-suspension-lamps\\\/lumen-center-take-plus-s3-matt-white\\\/#breadcrumb\"},\"inLanguage\":\"en-US\",\"potentialAction\":[{\"@type\":\"ReadAction\",\"target\":[\"https:\\\/\\\/www.lightdesign.shop\\\/en\\\/shop\\\/indoor-lamps\\\/indoor-suspension-lamps\\\/lumen-center-take-plus-s3-matt-white\\\/\"]}]},{\"@type\":\"ImageObject\",\"inLanguage\":\"en-US\",\"@id\":\"https:\\\/\\\/www.lightdesign.shop\\\/en\\\/shop\\\/indoor-lamps\\\/indoor-suspension-lamps\\\/lumen-center-take-plus-s3-matt-white\\\/#primaryimage\",\"url\":\"https:\\\/\\\/www.lightdesign.shop\\\/wp-content\\\/uploads\\\/2024\\\/11\\\/TAK333106.jpg\",\"contentUrl\":\"https:\\\/\\\/www.lightdesign.shop\\\/wp-content\\\/uploads\\\/2024\\\/11\\\/TAK333106.jpg\",\"width\":1000,\"height\":1000},{\"@type\":\"BreadcrumbList\",\"@id\":\"https:\\\/\\\/www.lightdesign.shop\\\/en\\\/shop\\\/indoor-lamps\\\/indoor-suspension-lamps\\\/lumen-center-take-plus-s3-matt-white\\\/#breadcrumb\",\"itemListElement\":[{\"@type\":\"ListItem\",\"position\":1,\"name\":\"Home\",\"item\":\"https:\\\/\\\/www.lightdesign.shop\\\/en\\\/\"},{\"@type\":\"ListItem\",\"position\":2,\"name\":\"Shop\",\"item\":\"https:\\\/\\\/www.lightdesign.shop\\\/en\\\/shop\\\/\"},{\"@type\":\"ListItem\",\"position\":3,\"name\":\"Lumen Center TAK\u00c9 PLUS S3 &#8211; matt white\"}]},{\"@type\":\"WebSite\",\"@id\":\"https:\\\/\\\/www.lightdesign.shop\\\/en\\\/#website\",\"url\":\"https:\\\/\\\/www.lightdesign.shop\\\/en\\\/\",\"name\":\"LiD - illumina il tuo mondo\",\"description\":\"Light Design Shop\",\"publisher\":{\"@id\":\"https:\\\/\\\/www.lightdesign.shop\\\/en\\\/#organization\"},\"alternateName\":\"lightdesign.shop\",\"potentialAction\":[{\"@type\":\"SearchAction\",\"target\":{\"@type\":\"EntryPoint\",\"urlTemplate\":\"https:\\\/\\\/www.lightdesign.shop\\\/en\\\/?s={search_term_string}\"},\"query-input\":{\"@type\":\"PropertyValueSpecification\",\"valueRequired\":true,\"valueName\":\"search_term_string\"}}],\"inLanguage\":\"en-US\"},{\"@type\":\"Organization\",\"@id\":\"https:\\\/\\\/www.lightdesign.shop\\\/en\\\/#organization\",\"name\":\"LiD Srl\",\"url\":\"https:\\\/\\\/www.lightdesign.shop\\\/en\\\/\",\"logo\":{\"@type\":\"ImageObject\",\"inLanguage\":\"en-US\",\"@id\":\"https:\\\/\\\/www.lightdesign.shop\\\/en\\\/#\\\/schema\\\/logo\\\/image\\\/\",\"url\":\"https:\\\/\\\/www.lightdesign.shop\\\/wp-content\\\/uploads\\\/2024\\\/06\\\/logo.png\",\"contentUrl\":\"https:\\\/\\\/www.lightdesign.shop\\\/wp-content\\\/uploads\\\/2024\\\/06\\\/logo.png\",\"width\":1027,\"height\":759,\"caption\":\"LiD Srl\"},\"image\":{\"@id\":\"https:\\\/\\\/www.lightdesign.shop\\\/en\\\/#\\\/schema\\\/logo\\\/image\\\/\"},\"sameAs\":[\"https:\\\/\\\/www.facebook.com\\\/LID-Design-757324454392843\\\/\",\"https:\\\/\\\/www.instagram.com\\\/lightdesign.shop\\\/\",\"https:\\\/\\\/www.youtube.com\\\/channel\\\/UC-wfhs9IlrFGpIWzx24cMhA\"]}]}<\/script>\n<!-- \/ Yoast SEO plugin. -->","yoast_head_json":{"title":"Lumen Center TAK\u00c9 PLUS S3 - matt white - LiD Design","robots":{"index":"index","follow":"follow","max-snippet":"max-snippet:-1","max-image-preview":"max-image-preview:large","max-video-preview":"max-video-preview:-1"},"canonical":"https:\/\/www.lightdesign.shop\/en\/shop\/indoor-lamps\/indoor-suspension-lamps\/lumen-center-take-plus-s3-matt-white\/","og_locale":"en_US","og_type":"article","og_title":"Lumen Center TAK\u00c9 PLUS S3 - matt white - LiD Design","og_description":"TAK\u00c9 PLUS S3 by Lumen Center, designed by Villatosca, is part of the Tak\u00e9 Family, an ecosystem of light aimed at providing versatility and customization. This pendant lamp, available in 3, 4, 5, and 6 modules, is crafted from white opal polyethylene, offering uniform and refined lighting. The adjustable mounts allow you to tilt the lamp, achieving the ideal light setup for any space.","og_url":"https:\/\/www.lightdesign.shop\/en\/shop\/indoor-lamps\/indoor-suspension-lamps\/lumen-center-take-plus-s3-matt-white\/","og_site_name":"LiD Design","article_publisher":"https:\/\/www.facebook.com\/LID-Design-757324454392843\/","article_modified_time":"2025-12-02T01:56:25+00:00","og_image":[{"width":1000,"height":1000,"url":"https:\/\/www.lightdesign.shop\/wp-content\/uploads\/2024\/11\/TAK333106.jpg","type":"image\/jpeg"}],"twitter_card":"summary_large_image","twitter_misc":{"Est. reading time":"1 minute"},"schema":{"@context":"https:\/\/schema.org","@graph":[{"@type":"WebPage","@id":"https:\/\/www.lightdesign.shop\/en\/shop\/indoor-lamps\/indoor-suspension-lamps\/lumen-center-take-plus-s3-matt-white\/","url":"https:\/\/www.lightdesign.shop\/en\/shop\/indoor-lamps\/indoor-suspension-lamps\/lumen-center-take-plus-s3-matt-white\/","name":"Lumen Center TAK\u00c9 PLUS S3 - matt white - LiD Design","isPartOf":{"@id":"https:\/\/www.lightdesign.shop\/en\/#website"},"primaryImageOfPage":{"@id":"https:\/\/www.lightdesign.shop\/en\/shop\/indoor-lamps\/indoor-suspension-lamps\/lumen-center-take-plus-s3-matt-white\/#primaryimage"},"image":{"@id":"https:\/\/www.lightdesign.shop\/en\/shop\/indoor-lamps\/indoor-suspension-lamps\/lumen-center-take-plus-s3-matt-white\/#primaryimage"},"thumbnailUrl":"https:\/\/www.lightdesign.shop\/wp-content\/uploads\/2024\/11\/TAK333106.jpg","datePublished":"2024-11-07T11:55:14+00:00","dateModified":"2025-12-02T01:56:25+00:00","breadcrumb":{"@id":"https:\/\/www.lightdesign.shop\/en\/shop\/indoor-lamps\/indoor-suspension-lamps\/lumen-center-take-plus-s3-matt-white\/#breadcrumb"},"inLanguage":"en-US","potentialAction":[{"@type":"ReadAction","target":["https:\/\/www.lightdesign.shop\/en\/shop\/indoor-lamps\/indoor-suspension-lamps\/lumen-center-take-plus-s3-matt-white\/"]}]},{"@type":"ImageObject","inLanguage":"en-US","@id":"https:\/\/www.lightdesign.shop\/en\/shop\/indoor-lamps\/indoor-suspension-lamps\/lumen-center-take-plus-s3-matt-white\/#primaryimage","url":"https:\/\/www.lightdesign.shop\/wp-content\/uploads\/2024\/11\/TAK333106.jpg","contentUrl":"https:\/\/www.lightdesign.shop\/wp-content\/uploads\/2024\/11\/TAK333106.jpg","width":1000,"height":1000},{"@type":"BreadcrumbList","@id":"https:\/\/www.lightdesign.shop\/en\/shop\/indoor-lamps\/indoor-suspension-lamps\/lumen-center-take-plus-s3-matt-white\/#breadcrumb","itemListElement":[{"@type":"ListItem","position":1,"name":"Home","item":"https:\/\/www.lightdesign.shop\/en\/"},{"@type":"ListItem","position":2,"name":"Shop","item":"https:\/\/www.lightdesign.shop\/en\/shop\/"},{"@type":"ListItem","position":3,"name":"Lumen Center TAK\u00c9 PLUS S3 &#8211; matt white"}]},{"@type":"WebSite","@id":"https:\/\/www.lightdesign.shop\/en\/#website","url":"https:\/\/www.lightdesign.shop\/en\/","name":"LiD - illumina il tuo mondo","description":"Light Design Shop","publisher":{"@id":"https:\/\/www.lightdesign.shop\/en\/#organization"},"alternateName":"lightdesign.shop","potentialAction":[{"@type":"SearchAction","target":{"@type":"EntryPoint","urlTemplate":"https:\/\/www.lightdesign.shop\/en\/?s={search_term_string}"},"query-input":{"@type":"PropertyValueSpecification","valueRequired":true,"valueName":"search_term_string"}}],"inLanguage":"en-US"},{"@type":"Organization","@id":"https:\/\/www.lightdesign.shop\/en\/#organization","name":"LiD Srl","url":"https:\/\/www.lightdesign.shop\/en\/","logo":{"@type":"ImageObject","inLanguage":"en-US","@id":"https:\/\/www.lightdesign.shop\/en\/#\/schema\/logo\/image\/","url":"https:\/\/www.lightdesign.shop\/wp-content\/uploads\/2024\/06\/logo.png","contentUrl":"https:\/\/www.lightdesign.shop\/wp-content\/uploads\/2024\/06\/logo.png","width":1027,"height":759,"caption":"LiD Srl"},"image":{"@id":"https:\/\/www.lightdesign.shop\/en\/#\/schema\/logo\/image\/"},"sameAs":["https:\/\/www.facebook.com\/LID-Design-757324454392843\/","https:\/\/www.instagram.com\/lightdesign.shop\/","https:\/\/www.youtube.com\/channel\/UC-wfhs9IlrFGpIWzx24cMhA"]}]}},"_links":{"self":[{"href":"https:\/\/www.lightdesign.shop\/en\/wp-json\/wp\/v2\/product\/1310191","targetHints":{"allow":["GET"]}}],"collection":[{"href":"https:\/\/www.lightdesign.shop\/en\/wp-json\/wp\/v2\/product"}],"about":[{"href":"https:\/\/www.lightdesign.shop\/en\/wp-json\/wp\/v2\/types\/product"}],"replies":[{"embeddable":true,"href":"https:\/\/www.lightdesign.shop\/en\/wp-json\/wp\/v2\/comments?post=1310191"}],"wp:featuredmedia":[{"embeddable":true,"href":"https:\/\/www.lightdesign.shop\/en\/wp-json\/wp\/v2\/media\/1310005"}],"wp:attachment":[{"href":"https:\/\/www.lightdesign.shop\/en\/wp-json\/wp\/v2\/media?parent=1310191"}],"wp:term":[{"taxonomy":"product_brand","embeddable":true,"href":"https:\/\/www.lightdesign.shop\/en\/wp-json\/wp\/v2\/product_brand?post=1310191"},{"taxonomy":"product_cat","embeddable":true,"href":"https:\/\/www.lightdesign.shop\/en\/wp-json\/wp\/v2\/product_cat?post=1310191"},{"taxonomy":"product_tag","embeddable":true,"href":"https:\/\/www.lightdesign.shop\/en\/wp-json\/wp\/v2\/product_tag?post=1310191"}],"curies":[{"name":"wp","href":"https:\/\/api.w.org\/{rel}","templated":true}]}}