{"id":126808,"date":"2024-09-20T17:20:41","date_gmt":"2024-09-20T15:20:41","guid":{"rendered":"https:\/\/www.lightdesign.shop\/?post_type=product&#038;p=126808"},"modified":"2025-12-02T03:07:32","modified_gmt":"2025-12-02T02:07:32","slug":"flos-toio-led-black","status":"publish","type":"product","link":"https:\/\/www.lightdesign.shop\/en\/shop\/home-accessories\/gift-ideas\/flos-toio-led-black\/","title":{"rendered":"Flos TOIO LED &#8211; black"},"content":{"rendered":"<h2>TOIO LED &#8211; black<\/h2>\n<p>Toio LED by Flos, designed in 1962 by design masters Achille and Pier Giacomo Castiglioni, is a floor lamp that offers indirect light with an unmistakable character. Made with a base in sheared and bent steel and a structure in liquid-painted steel profiles, this lamp combines sturdiness and style. Its hexagonal nickel-plated brass stem is adjustable in height thanks to the telescopic movement, while the electronic dimmer integrated in the cable allows step-by-step adjustment of the light intensity. In addition to the traditional version, a 23W Pro-Par56 1600lm 3000K LED version is available, which can be ordered separately, which offers more efficient and ecological lighting. Base and structure in painted steel, robust and resistant, available in different colors to adapt to any environment. Telescopic stem in nickel-plated brass, allows you to adjust the height of the fixture according to lighting needs. Integrated dimmer: the electronic dimmer on the cable allows gradual adjustment of the light intensity. LED option available: a 23W LED version can be ordered separately for more sustainable and efficient lighting. Iconic design, the Toio is a symbol of Italian design that continues to be current thanks to its functionality and unique style. Toio LED by Flos is a lamp that combines history and innovation, perfect for those who want effective lighting with a touch of timeless design.<\/p>\n<p><em>Light source: 23W Gx16d &#8211; 220-240V &#8211; dimmable (Integrated dimmer).<\/em><\/p>\n","protected":false},"excerpt":{"rendered":"<p>Toio LED di Flos, progettata nel 1962 dai maestri del design Achille e Pier Giacomo Castiglioni, \u00e8 una lampada da terra che offre luce indirect con un carattere inconfondibile. Realizzata con una base in acciaio tranciato e piegato e una struttura in profilati d&#8217;acciaio verniciati a liquido, questa lampada unisce robustezza e stile. Il suo stelo esagonale in ottone nichelato \u00e8 regolabile in altezza grazie al movimento telescopico, mentre il dimmer elettronico integrato nel cavo consente la regolazione dell&#8217;intensit\u00e0 luminosa a step. Oltre alla versione tradizionale, \u00e8 disponibile una versione LED da 23W Pro-Par56 1600lm 3000K, ordinabile separatamente, che offre un&#8217;illuminazione pi\u00f9 efficiente ed ecologica. Base e struttura in acciaio verniciato, robusta e resistente, disponibile in diversi colori per adattarsi a qualsiasi ambiente.<\/p>\n","protected":false},"featured_media":1135425,"comment_status":"open","ping_status":"open","template":"","meta":{"_exactmetrics_skip_tracking":false,"_exactmetrics_sitenote_active":false,"_exactmetrics_sitenote_note":"","_exactmetrics_sitenote_category":0,"_joinchat":[]},"product_brand":[],"product_cat":[408,3369],"product_tag":[4208,4117,4168,4201,4109,4178,4110,4219,391,4114,4202],"class_list":{"0":"post-126808","1":"product","2":"type-product","3":"status-publish","4":"has-post-thumbnail","6":"product_cat-indoor-floor-lights","7":"product_cat-gift-ideas","8":"product_tag-black","9":"product_tag-bulb","10":"product_tag-dimmable-en","11":"product_tag-floor-en","12":"product_tag-home-en","13":"product_tag-indirect","14":"product_tag-indoor-en","15":"product_tag-kitchen-en","16":"product_tag-modern-en","17":"product_tag-rounded","18":"product_tag-stainless-steel","19":"pa_ambiente-living","20":"pa_brand-flos-en","21":"pa_colore-black","22":"pa_designer-achille-e-pier-giacomo-castiglioni-en","23":"pa_materiale-steel","24":"pa_stile-iconic-lamps","26":"first","27":"instock","28":"sale","29":"taxable","30":"shipping-taxable","31":"purchasable","32":"product-type-simple"},"yoast_head":"<!-- This site is optimized with the Yoast SEO plugin v27.2 - https:\/\/yoast.com\/product\/yoast-seo-wordpress\/ -->\n<title>Flos TOIO LED - black - LiD Design<\/title>\n<meta name=\"robots\" content=\"index, follow, max-snippet:-1, max-image-preview:large, max-video-preview:-1\" \/>\n<link rel=\"canonical\" href=\"https:\/\/www.lightdesign.shop\/en\/shop\/home-accessories\/gift-ideas\/flos-toio-led-black\/\" \/>\n<meta property=\"og:locale\" content=\"en_US\" \/>\n<meta property=\"og:type\" content=\"article\" \/>\n<meta property=\"og:title\" content=\"Flos TOIO LED - black - LiD Design\" \/>\n<meta property=\"og:description\" content=\"Toio LED di Flos, progettata nel 1962 dai maestri del design Achille e Pier Giacomo Castiglioni, \u00e8 una lampada da terra che offre luce indirect con un carattere inconfondibile. Realizzata con una base in acciaio tranciato e piegato e una struttura in profilati d&#039;acciaio verniciati a liquido, questa lampada unisce robustezza e stile. Il suo stelo esagonale in ottone nichelato \u00e8 regolabile in altezza grazie al movimento telescopico, mentre il dimmer elettronico integrato nel cavo consente la regolazione dell&#039;intensit\u00e0 luminosa a step. Oltre alla versione tradizionale, \u00e8 disponibile una versione LED da 23W Pro-Par56 1600lm 3000K, ordinabile separatamente, che offre un&#039;illuminazione pi\u00f9 efficiente ed ecologica. Base e struttura in acciaio verniciato, robusta e resistente, disponibile in diversi colori per adattarsi a qualsiasi ambiente.\" \/>\n<meta property=\"og:url\" content=\"https:\/\/www.lightdesign.shop\/en\/shop\/home-accessories\/gift-ideas\/flos-toio-led-black\/\" \/>\n<meta property=\"og:site_name\" content=\"LiD Design\" \/>\n<meta property=\"article:publisher\" content=\"https:\/\/www.facebook.com\/LID-Design-757324454392843\/\" \/>\n<meta property=\"article:modified_time\" content=\"2025-12-02T02:07:32+00:00\" \/>\n<meta property=\"og:image\" content=\"https:\/\/www.lightdesign.shop\/wp-content\/uploads\/2024\/09\/F7630030.jpg\" \/>\n\t<meta property=\"og:image:width\" content=\"1000\" \/>\n\t<meta property=\"og:image:height\" content=\"1000\" \/>\n\t<meta property=\"og:image:type\" content=\"image\/jpeg\" \/>\n<meta name=\"twitter:card\" content=\"summary_large_image\" \/>\n<meta name=\"twitter:label1\" content=\"Est. reading time\" \/>\n\t<meta name=\"twitter:data1\" content=\"1 minute\" \/>\n<script type=\"application\/ld+json\" class=\"yoast-schema-graph\">{\"@context\":\"https:\/\/schema.org\",\"@graph\":[{\"@type\":\"WebPage\",\"@id\":\"https:\/\/www.lightdesign.shop\/en\/shop\/home-accessories\/gift-ideas\/flos-toio-led-black\/\",\"url\":\"https:\/\/www.lightdesign.shop\/en\/shop\/home-accessories\/gift-ideas\/flos-toio-led-black\/\",\"name\":\"Flos TOIO LED - black - LiD Design\",\"isPartOf\":{\"@id\":\"https:\/\/www.lightdesign.shop\/en\/#website\"},\"primaryImageOfPage\":{\"@id\":\"https:\/\/www.lightdesign.shop\/en\/shop\/home-accessories\/gift-ideas\/flos-toio-led-black\/#primaryimage\"},\"image\":{\"@id\":\"https:\/\/www.lightdesign.shop\/en\/shop\/home-accessories\/gift-ideas\/flos-toio-led-black\/#primaryimage\"},\"thumbnailUrl\":\"https:\/\/www.lightdesign.shop\/wp-content\/uploads\/2024\/09\/F7630030.jpg\",\"datePublished\":\"2024-09-20T15:20:41+00:00\",\"dateModified\":\"2025-12-02T02:07:32+00:00\",\"breadcrumb\":{\"@id\":\"https:\/\/www.lightdesign.shop\/en\/shop\/home-accessories\/gift-ideas\/flos-toio-led-black\/#breadcrumb\"},\"inLanguage\":\"en-US\",\"potentialAction\":[{\"@type\":\"ReadAction\",\"target\":[\"https:\/\/www.lightdesign.shop\/en\/shop\/home-accessories\/gift-ideas\/flos-toio-led-black\/\"]}]},{\"@type\":\"ImageObject\",\"inLanguage\":\"en-US\",\"@id\":\"https:\/\/www.lightdesign.shop\/en\/shop\/home-accessories\/gift-ideas\/flos-toio-led-black\/#primaryimage\",\"url\":\"https:\/\/www.lightdesign.shop\/wp-content\/uploads\/2024\/09\/F7630030.jpg\",\"contentUrl\":\"https:\/\/www.lightdesign.shop\/wp-content\/uploads\/2024\/09\/F7630030.jpg\",\"width\":1000,\"height\":1000},{\"@type\":\"BreadcrumbList\",\"@id\":\"https:\/\/www.lightdesign.shop\/en\/shop\/home-accessories\/gift-ideas\/flos-toio-led-black\/#breadcrumb\",\"itemListElement\":[{\"@type\":\"ListItem\",\"position\":1,\"name\":\"Home\",\"item\":\"https:\/\/www.lightdesign.shop\/en\/\"},{\"@type\":\"ListItem\",\"position\":2,\"name\":\"Shop\",\"item\":\"https:\/\/www.lightdesign.shop\/en\/shop\/\"},{\"@type\":\"ListItem\",\"position\":3,\"name\":\"Flos TOIO LED &#8211; black\"}]},{\"@type\":\"WebSite\",\"@id\":\"https:\/\/www.lightdesign.shop\/en\/#website\",\"url\":\"https:\/\/www.lightdesign.shop\/en\/\",\"name\":\"LiD - illumina il tuo mondo\",\"description\":\"Light Design Shop\",\"publisher\":{\"@id\":\"https:\/\/www.lightdesign.shop\/en\/#organization\"},\"alternateName\":\"lightdesign.shop\",\"potentialAction\":[{\"@type\":\"SearchAction\",\"target\":{\"@type\":\"EntryPoint\",\"urlTemplate\":\"https:\/\/www.lightdesign.shop\/en\/?s={search_term_string}\"},\"query-input\":{\"@type\":\"PropertyValueSpecification\",\"valueRequired\":true,\"valueName\":\"search_term_string\"}}],\"inLanguage\":\"en-US\"},{\"@type\":\"Organization\",\"@id\":\"https:\/\/www.lightdesign.shop\/en\/#organization\",\"name\":\"LiD Srl\",\"url\":\"https:\/\/www.lightdesign.shop\/en\/\",\"logo\":{\"@type\":\"ImageObject\",\"inLanguage\":\"en-US\",\"@id\":\"https:\/\/www.lightdesign.shop\/en\/#\/schema\/logo\/image\/\",\"url\":\"https:\/\/www.lightdesign.shop\/wp-content\/uploads\/2024\/06\/logo.png\",\"contentUrl\":\"https:\/\/www.lightdesign.shop\/wp-content\/uploads\/2024\/06\/logo.png\",\"width\":1027,\"height\":759,\"caption\":\"LiD Srl\"},\"image\":{\"@id\":\"https:\/\/www.lightdesign.shop\/en\/#\/schema\/logo\/image\/\"},\"sameAs\":[\"https:\/\/www.facebook.com\/LID-Design-757324454392843\/\",\"https:\/\/www.instagram.com\/lightdesign.shop\/\",\"https:\/\/www.youtube.com\/channel\/UC-wfhs9IlrFGpIWzx24cMhA\"]}]}<\/script>\n<!-- \/ Yoast SEO plugin. -->","yoast_head_json":{"title":"Flos TOIO LED - black - LiD Design","robots":{"index":"index","follow":"follow","max-snippet":"max-snippet:-1","max-image-preview":"max-image-preview:large","max-video-preview":"max-video-preview:-1"},"canonical":"https:\/\/www.lightdesign.shop\/en\/shop\/home-accessories\/gift-ideas\/flos-toio-led-black\/","og_locale":"en_US","og_type":"article","og_title":"Flos TOIO LED - black - LiD Design","og_description":"Toio LED di Flos, progettata nel 1962 dai maestri del design Achille e Pier Giacomo Castiglioni, \u00e8 una lampada da terra che offre luce indirect con un carattere inconfondibile. Realizzata con una base in acciaio tranciato e piegato e una struttura in profilati d'acciaio verniciati a liquido, questa lampada unisce robustezza e stile. Il suo stelo esagonale in ottone nichelato \u00e8 regolabile in altezza grazie al movimento telescopico, mentre il dimmer elettronico integrato nel cavo consente la regolazione dell'intensit\u00e0 luminosa a step. Oltre alla versione tradizionale, \u00e8 disponibile una versione LED da 23W Pro-Par56 1600lm 3000K, ordinabile separatamente, che offre un'illuminazione pi\u00f9 efficiente ed ecologica. Base e struttura in acciaio verniciato, robusta e resistente, disponibile in diversi colori per adattarsi a qualsiasi ambiente.","og_url":"https:\/\/www.lightdesign.shop\/en\/shop\/home-accessories\/gift-ideas\/flos-toio-led-black\/","og_site_name":"LiD Design","article_publisher":"https:\/\/www.facebook.com\/LID-Design-757324454392843\/","article_modified_time":"2025-12-02T02:07:32+00:00","og_image":[{"width":1000,"height":1000,"url":"https:\/\/www.lightdesign.shop\/wp-content\/uploads\/2024\/09\/F7630030.jpg","type":"image\/jpeg"}],"twitter_card":"summary_large_image","twitter_misc":{"Est. reading time":"1 minute"},"schema":{"@context":"https:\/\/schema.org","@graph":[{"@type":"WebPage","@id":"https:\/\/www.lightdesign.shop\/en\/shop\/home-accessories\/gift-ideas\/flos-toio-led-black\/","url":"https:\/\/www.lightdesign.shop\/en\/shop\/home-accessories\/gift-ideas\/flos-toio-led-black\/","name":"Flos TOIO LED - black - LiD Design","isPartOf":{"@id":"https:\/\/www.lightdesign.shop\/en\/#website"},"primaryImageOfPage":{"@id":"https:\/\/www.lightdesign.shop\/en\/shop\/home-accessories\/gift-ideas\/flos-toio-led-black\/#primaryimage"},"image":{"@id":"https:\/\/www.lightdesign.shop\/en\/shop\/home-accessories\/gift-ideas\/flos-toio-led-black\/#primaryimage"},"thumbnailUrl":"https:\/\/www.lightdesign.shop\/wp-content\/uploads\/2024\/09\/F7630030.jpg","datePublished":"2024-09-20T15:20:41+00:00","dateModified":"2025-12-02T02:07:32+00:00","breadcrumb":{"@id":"https:\/\/www.lightdesign.shop\/en\/shop\/home-accessories\/gift-ideas\/flos-toio-led-black\/#breadcrumb"},"inLanguage":"en-US","potentialAction":[{"@type":"ReadAction","target":["https:\/\/www.lightdesign.shop\/en\/shop\/home-accessories\/gift-ideas\/flos-toio-led-black\/"]}]},{"@type":"ImageObject","inLanguage":"en-US","@id":"https:\/\/www.lightdesign.shop\/en\/shop\/home-accessories\/gift-ideas\/flos-toio-led-black\/#primaryimage","url":"https:\/\/www.lightdesign.shop\/wp-content\/uploads\/2024\/09\/F7630030.jpg","contentUrl":"https:\/\/www.lightdesign.shop\/wp-content\/uploads\/2024\/09\/F7630030.jpg","width":1000,"height":1000},{"@type":"BreadcrumbList","@id":"https:\/\/www.lightdesign.shop\/en\/shop\/home-accessories\/gift-ideas\/flos-toio-led-black\/#breadcrumb","itemListElement":[{"@type":"ListItem","position":1,"name":"Home","item":"https:\/\/www.lightdesign.shop\/en\/"},{"@type":"ListItem","position":2,"name":"Shop","item":"https:\/\/www.lightdesign.shop\/en\/shop\/"},{"@type":"ListItem","position":3,"name":"Flos TOIO LED &#8211; black"}]},{"@type":"WebSite","@id":"https:\/\/www.lightdesign.shop\/en\/#website","url":"https:\/\/www.lightdesign.shop\/en\/","name":"LiD - illumina il tuo mondo","description":"Light Design Shop","publisher":{"@id":"https:\/\/www.lightdesign.shop\/en\/#organization"},"alternateName":"lightdesign.shop","potentialAction":[{"@type":"SearchAction","target":{"@type":"EntryPoint","urlTemplate":"https:\/\/www.lightdesign.shop\/en\/?s={search_term_string}"},"query-input":{"@type":"PropertyValueSpecification","valueRequired":true,"valueName":"search_term_string"}}],"inLanguage":"en-US"},{"@type":"Organization","@id":"https:\/\/www.lightdesign.shop\/en\/#organization","name":"LiD Srl","url":"https:\/\/www.lightdesign.shop\/en\/","logo":{"@type":"ImageObject","inLanguage":"en-US","@id":"https:\/\/www.lightdesign.shop\/en\/#\/schema\/logo\/image\/","url":"https:\/\/www.lightdesign.shop\/wp-content\/uploads\/2024\/06\/logo.png","contentUrl":"https:\/\/www.lightdesign.shop\/wp-content\/uploads\/2024\/06\/logo.png","width":1027,"height":759,"caption":"LiD Srl"},"image":{"@id":"https:\/\/www.lightdesign.shop\/en\/#\/schema\/logo\/image\/"},"sameAs":["https:\/\/www.facebook.com\/LID-Design-757324454392843\/","https:\/\/www.instagram.com\/lightdesign.shop\/","https:\/\/www.youtube.com\/channel\/UC-wfhs9IlrFGpIWzx24cMhA"]}]}},"_links":{"self":[{"href":"https:\/\/www.lightdesign.shop\/en\/wp-json\/wp\/v2\/product\/126808","targetHints":{"allow":["GET"]}}],"collection":[{"href":"https:\/\/www.lightdesign.shop\/en\/wp-json\/wp\/v2\/product"}],"about":[{"href":"https:\/\/www.lightdesign.shop\/en\/wp-json\/wp\/v2\/types\/product"}],"replies":[{"embeddable":true,"href":"https:\/\/www.lightdesign.shop\/en\/wp-json\/wp\/v2\/comments?post=126808"}],"wp:featuredmedia":[{"embeddable":true,"href":"https:\/\/www.lightdesign.shop\/en\/wp-json\/wp\/v2\/media\/1135425"}],"wp:attachment":[{"href":"https:\/\/www.lightdesign.shop\/en\/wp-json\/wp\/v2\/media?parent=126808"}],"wp:term":[{"taxonomy":"product_brand","embeddable":true,"href":"https:\/\/www.lightdesign.shop\/en\/wp-json\/wp\/v2\/product_brand?post=126808"},{"taxonomy":"product_cat","embeddable":true,"href":"https:\/\/www.lightdesign.shop\/en\/wp-json\/wp\/v2\/product_cat?post=126808"},{"taxonomy":"product_tag","embeddable":true,"href":"https:\/\/www.lightdesign.shop\/en\/wp-json\/wp\/v2\/product_tag?post=126808"}],"curies":[{"name":"wp","href":"https:\/\/api.w.org\/{rel}","templated":true}]}}