{"id":109248,"date":"2021-09-28T11:35:51","date_gmt":"2021-09-28T09:35:51","guid":{"rendered":"https:\/\/www.lightdesign.shop\/negozio\/uncategorized\/wever-e-ducre-wever-e-ducre-j-j-w-ceiling-03-gold\/"},"modified":"2025-12-02T02:57:36","modified_gmt":"2025-12-02T01:57:36","slug":"wever-e-ducre-wever-e-ducre-j-j-w-ceiling-03-gold","status":"publish","type":"product","link":"https:\/\/www.lightdesign.shop\/en\/shop\/indoor-lamps\/indoor-ceiling-lights\/wever-e-ducre-wever-e-ducre-j-j-w-ceiling-03-gold\/","title":{"rendered":"Wever e Ducr\u00e8 Wever e Ducr\u00e8 J J W ceiling 03 &#8211; gold"},"content":{"rendered":"<h2>Wever e Ducr\u00e8 J J W ceiling 03 &#8211; gold<\/h2>\n<p>J.J.W. by renowned Belgian architect Jules Wabbes has been a Wever &#038; Ducr\u00e9 classic for years. The delicately bended lines bear witness of sophisticated aesthetics as much as of an elaborated production technology. We think that this is tradition at its best and continue the product range, including ceiling and wall luminaires, all available in two different colours. The fact that in october 2012 the \u00bbPalais des Beaux Arts\u00ab in Brussels dedicated a whole exhibition to Jules Wabbes\u2019 work shows, that we are not alone with this opinion.<\/p>\n<p><em>Light source: 3x A60 max. 53W &#8211; E27 &#8211; 220-240VAC &#8211; 50-60Hz<\/em><\/p>\n","protected":false},"excerpt":{"rendered":"<p>J.J.W. by renowned Belgian architect Jules Wabbes has been a Wever &#038; Ducr\u00e9 classic for years.<\/p>\n","protected":false},"featured_media":108874,"comment_status":"open","ping_status":"open","template":"","meta":{"_exactmetrics_skip_tracking":false,"_exactmetrics_sitenote_active":false,"_exactmetrics_sitenote_note":"","_exactmetrics_sitenote_category":0,"_joinchat":[]},"product_brand":[],"product_cat":[404],"product_tag":[],"class_list":{"0":"post-109248","1":"product","2":"type-product","3":"status-publish","4":"has-post-thumbnail","6":"product_cat-indoor-ceiling-lights","7":"pa_brand-wever-e-ducre-en","9":"first","10":"instock","11":"sale","12":"purchasable","13":"product-type-simple"},"yoast_head":"<!-- This site is optimized with the Yoast SEO plugin v27.4 - https:\/\/yoast.com\/product\/yoast-seo-wordpress\/ -->\n<title>Wever e Ducr\u00e8 Wever e Ducr\u00e8 J J W ceiling 03 - gold - LiD Design<\/title>\n<meta name=\"robots\" content=\"index, follow, max-snippet:-1, max-image-preview:large, max-video-preview:-1\" \/>\n<link rel=\"canonical\" href=\"https:\/\/www.lightdesign.shop\/en\/shop\/indoor-lamps\/indoor-ceiling-lights\/wever-e-ducre-wever-e-ducre-j-j-w-ceiling-03-gold\/\" \/>\n<meta property=\"og:locale\" content=\"en_US\" \/>\n<meta property=\"og:type\" content=\"article\" \/>\n<meta property=\"og:title\" content=\"Wever e Ducr\u00e8 Wever e Ducr\u00e8 J J W ceiling 03 - gold - LiD Design\" \/>\n<meta property=\"og:description\" content=\"J.J.W. by renowned Belgian architect Jules Wabbes has been a Wever &amp; Ducr\u00e9 classic for years.\" \/>\n<meta property=\"og:url\" content=\"https:\/\/www.lightdesign.shop\/en\/shop\/indoor-lamps\/indoor-ceiling-lights\/wever-e-ducre-wever-e-ducre-j-j-w-ceiling-03-gold\/\" \/>\n<meta property=\"og:site_name\" content=\"LiD Design\" \/>\n<meta property=\"article:publisher\" content=\"https:\/\/www.facebook.com\/LID-Design-757324454392843\/\" \/>\n<meta property=\"article:modified_time\" content=\"2025-12-02T01:57:36+00:00\" \/>\n<meta property=\"og:image\" content=\"https:\/\/www.lightdesign.shop\/wp-content\/uploads\/2021\/09\/2051E8G0.jpg\" \/>\n\t<meta property=\"og:image:width\" content=\"700\" \/>\n\t<meta property=\"og:image:height\" content=\"700\" \/>\n\t<meta property=\"og:image:type\" content=\"image\/jpeg\" \/>\n<meta name=\"twitter:card\" content=\"summary_large_image\" \/>\n<meta name=\"twitter:label1\" content=\"Est. reading time\" \/>\n\t<meta name=\"twitter:data1\" content=\"1 minute\" \/>\n<script type=\"application\/ld+json\" class=\"yoast-schema-graph\">{\"@context\":\"https:\\\/\\\/schema.org\",\"@graph\":[{\"@type\":\"WebPage\",\"@id\":\"https:\\\/\\\/www.lightdesign.shop\\\/en\\\/shop\\\/indoor-lamps\\\/indoor-ceiling-lights\\\/wever-e-ducre-wever-e-ducre-j-j-w-ceiling-03-gold\\\/\",\"url\":\"https:\\\/\\\/www.lightdesign.shop\\\/en\\\/shop\\\/indoor-lamps\\\/indoor-ceiling-lights\\\/wever-e-ducre-wever-e-ducre-j-j-w-ceiling-03-gold\\\/\",\"name\":\"Wever e Ducr\u00e8 Wever e Ducr\u00e8 J J W ceiling 03 - gold - LiD Design\",\"isPartOf\":{\"@id\":\"https:\\\/\\\/www.lightdesign.shop\\\/en\\\/#website\"},\"primaryImageOfPage\":{\"@id\":\"https:\\\/\\\/www.lightdesign.shop\\\/en\\\/shop\\\/indoor-lamps\\\/indoor-ceiling-lights\\\/wever-e-ducre-wever-e-ducre-j-j-w-ceiling-03-gold\\\/#primaryimage\"},\"image\":{\"@id\":\"https:\\\/\\\/www.lightdesign.shop\\\/en\\\/shop\\\/indoor-lamps\\\/indoor-ceiling-lights\\\/wever-e-ducre-wever-e-ducre-j-j-w-ceiling-03-gold\\\/#primaryimage\"},\"thumbnailUrl\":\"https:\\\/\\\/www.lightdesign.shop\\\/wp-content\\\/uploads\\\/2021\\\/09\\\/2051E8G0.jpg\",\"datePublished\":\"2021-09-28T09:35:51+00:00\",\"dateModified\":\"2025-12-02T01:57:36+00:00\",\"breadcrumb\":{\"@id\":\"https:\\\/\\\/www.lightdesign.shop\\\/en\\\/shop\\\/indoor-lamps\\\/indoor-ceiling-lights\\\/wever-e-ducre-wever-e-ducre-j-j-w-ceiling-03-gold\\\/#breadcrumb\"},\"inLanguage\":\"en-US\",\"potentialAction\":[{\"@type\":\"ReadAction\",\"target\":[\"https:\\\/\\\/www.lightdesign.shop\\\/en\\\/shop\\\/indoor-lamps\\\/indoor-ceiling-lights\\\/wever-e-ducre-wever-e-ducre-j-j-w-ceiling-03-gold\\\/\"]}]},{\"@type\":\"ImageObject\",\"inLanguage\":\"en-US\",\"@id\":\"https:\\\/\\\/www.lightdesign.shop\\\/en\\\/shop\\\/indoor-lamps\\\/indoor-ceiling-lights\\\/wever-e-ducre-wever-e-ducre-j-j-w-ceiling-03-gold\\\/#primaryimage\",\"url\":\"https:\\\/\\\/www.lightdesign.shop\\\/wp-content\\\/uploads\\\/2021\\\/09\\\/2051E8G0.jpg\",\"contentUrl\":\"https:\\\/\\\/www.lightdesign.shop\\\/wp-content\\\/uploads\\\/2021\\\/09\\\/2051E8G0.jpg\",\"width\":700,\"height\":700},{\"@type\":\"BreadcrumbList\",\"@id\":\"https:\\\/\\\/www.lightdesign.shop\\\/en\\\/shop\\\/indoor-lamps\\\/indoor-ceiling-lights\\\/wever-e-ducre-wever-e-ducre-j-j-w-ceiling-03-gold\\\/#breadcrumb\",\"itemListElement\":[{\"@type\":\"ListItem\",\"position\":1,\"name\":\"Home\",\"item\":\"https:\\\/\\\/www.lightdesign.shop\\\/en\\\/\"},{\"@type\":\"ListItem\",\"position\":2,\"name\":\"Shop\",\"item\":\"https:\\\/\\\/www.lightdesign.shop\\\/en\\\/shop\\\/\"},{\"@type\":\"ListItem\",\"position\":3,\"name\":\"Wever e Ducr\u00e8 Wever e Ducr\u00e8 J J W ceiling 03 &#8211; gold\"}]},{\"@type\":\"WebSite\",\"@id\":\"https:\\\/\\\/www.lightdesign.shop\\\/en\\\/#website\",\"url\":\"https:\\\/\\\/www.lightdesign.shop\\\/en\\\/\",\"name\":\"LiD - illumina il tuo mondo\",\"description\":\"Light Design Shop\",\"publisher\":{\"@id\":\"https:\\\/\\\/www.lightdesign.shop\\\/en\\\/#organization\"},\"alternateName\":\"lightdesign.shop\",\"potentialAction\":[{\"@type\":\"SearchAction\",\"target\":{\"@type\":\"EntryPoint\",\"urlTemplate\":\"https:\\\/\\\/www.lightdesign.shop\\\/en\\\/?s={search_term_string}\"},\"query-input\":{\"@type\":\"PropertyValueSpecification\",\"valueRequired\":true,\"valueName\":\"search_term_string\"}}],\"inLanguage\":\"en-US\"},{\"@type\":\"Organization\",\"@id\":\"https:\\\/\\\/www.lightdesign.shop\\\/en\\\/#organization\",\"name\":\"LiD Srl\",\"url\":\"https:\\\/\\\/www.lightdesign.shop\\\/en\\\/\",\"logo\":{\"@type\":\"ImageObject\",\"inLanguage\":\"en-US\",\"@id\":\"https:\\\/\\\/www.lightdesign.shop\\\/en\\\/#\\\/schema\\\/logo\\\/image\\\/\",\"url\":\"https:\\\/\\\/www.lightdesign.shop\\\/wp-content\\\/uploads\\\/2024\\\/06\\\/logo.png\",\"contentUrl\":\"https:\\\/\\\/www.lightdesign.shop\\\/wp-content\\\/uploads\\\/2024\\\/06\\\/logo.png\",\"width\":1027,\"height\":759,\"caption\":\"LiD Srl\"},\"image\":{\"@id\":\"https:\\\/\\\/www.lightdesign.shop\\\/en\\\/#\\\/schema\\\/logo\\\/image\\\/\"},\"sameAs\":[\"https:\\\/\\\/www.facebook.com\\\/LID-Design-757324454392843\\\/\",\"https:\\\/\\\/www.instagram.com\\\/lightdesign.shop\\\/\",\"https:\\\/\\\/www.youtube.com\\\/channel\\\/UC-wfhs9IlrFGpIWzx24cMhA\"]}]}<\/script>\n<!-- \/ Yoast SEO plugin. -->","yoast_head_json":{"title":"Wever e Ducr\u00e8 Wever e Ducr\u00e8 J J W ceiling 03 - gold - LiD Design","robots":{"index":"index","follow":"follow","max-snippet":"max-snippet:-1","max-image-preview":"max-image-preview:large","max-video-preview":"max-video-preview:-1"},"canonical":"https:\/\/www.lightdesign.shop\/en\/shop\/indoor-lamps\/indoor-ceiling-lights\/wever-e-ducre-wever-e-ducre-j-j-w-ceiling-03-gold\/","og_locale":"en_US","og_type":"article","og_title":"Wever e Ducr\u00e8 Wever e Ducr\u00e8 J J W ceiling 03 - gold - LiD Design","og_description":"J.J.W. by renowned Belgian architect Jules Wabbes has been a Wever & Ducr\u00e9 classic for years.","og_url":"https:\/\/www.lightdesign.shop\/en\/shop\/indoor-lamps\/indoor-ceiling-lights\/wever-e-ducre-wever-e-ducre-j-j-w-ceiling-03-gold\/","og_site_name":"LiD Design","article_publisher":"https:\/\/www.facebook.com\/LID-Design-757324454392843\/","article_modified_time":"2025-12-02T01:57:36+00:00","og_image":[{"width":700,"height":700,"url":"https:\/\/www.lightdesign.shop\/wp-content\/uploads\/2021\/09\/2051E8G0.jpg","type":"image\/jpeg"}],"twitter_card":"summary_large_image","twitter_misc":{"Est. reading time":"1 minute"},"schema":{"@context":"https:\/\/schema.org","@graph":[{"@type":"WebPage","@id":"https:\/\/www.lightdesign.shop\/en\/shop\/indoor-lamps\/indoor-ceiling-lights\/wever-e-ducre-wever-e-ducre-j-j-w-ceiling-03-gold\/","url":"https:\/\/www.lightdesign.shop\/en\/shop\/indoor-lamps\/indoor-ceiling-lights\/wever-e-ducre-wever-e-ducre-j-j-w-ceiling-03-gold\/","name":"Wever e Ducr\u00e8 Wever e Ducr\u00e8 J J W ceiling 03 - gold - LiD Design","isPartOf":{"@id":"https:\/\/www.lightdesign.shop\/en\/#website"},"primaryImageOfPage":{"@id":"https:\/\/www.lightdesign.shop\/en\/shop\/indoor-lamps\/indoor-ceiling-lights\/wever-e-ducre-wever-e-ducre-j-j-w-ceiling-03-gold\/#primaryimage"},"image":{"@id":"https:\/\/www.lightdesign.shop\/en\/shop\/indoor-lamps\/indoor-ceiling-lights\/wever-e-ducre-wever-e-ducre-j-j-w-ceiling-03-gold\/#primaryimage"},"thumbnailUrl":"https:\/\/www.lightdesign.shop\/wp-content\/uploads\/2021\/09\/2051E8G0.jpg","datePublished":"2021-09-28T09:35:51+00:00","dateModified":"2025-12-02T01:57:36+00:00","breadcrumb":{"@id":"https:\/\/www.lightdesign.shop\/en\/shop\/indoor-lamps\/indoor-ceiling-lights\/wever-e-ducre-wever-e-ducre-j-j-w-ceiling-03-gold\/#breadcrumb"},"inLanguage":"en-US","potentialAction":[{"@type":"ReadAction","target":["https:\/\/www.lightdesign.shop\/en\/shop\/indoor-lamps\/indoor-ceiling-lights\/wever-e-ducre-wever-e-ducre-j-j-w-ceiling-03-gold\/"]}]},{"@type":"ImageObject","inLanguage":"en-US","@id":"https:\/\/www.lightdesign.shop\/en\/shop\/indoor-lamps\/indoor-ceiling-lights\/wever-e-ducre-wever-e-ducre-j-j-w-ceiling-03-gold\/#primaryimage","url":"https:\/\/www.lightdesign.shop\/wp-content\/uploads\/2021\/09\/2051E8G0.jpg","contentUrl":"https:\/\/www.lightdesign.shop\/wp-content\/uploads\/2021\/09\/2051E8G0.jpg","width":700,"height":700},{"@type":"BreadcrumbList","@id":"https:\/\/www.lightdesign.shop\/en\/shop\/indoor-lamps\/indoor-ceiling-lights\/wever-e-ducre-wever-e-ducre-j-j-w-ceiling-03-gold\/#breadcrumb","itemListElement":[{"@type":"ListItem","position":1,"name":"Home","item":"https:\/\/www.lightdesign.shop\/en\/"},{"@type":"ListItem","position":2,"name":"Shop","item":"https:\/\/www.lightdesign.shop\/en\/shop\/"},{"@type":"ListItem","position":3,"name":"Wever e Ducr\u00e8 Wever e Ducr\u00e8 J J W ceiling 03 &#8211; gold"}]},{"@type":"WebSite","@id":"https:\/\/www.lightdesign.shop\/en\/#website","url":"https:\/\/www.lightdesign.shop\/en\/","name":"LiD - illumina il tuo mondo","description":"Light Design Shop","publisher":{"@id":"https:\/\/www.lightdesign.shop\/en\/#organization"},"alternateName":"lightdesign.shop","potentialAction":[{"@type":"SearchAction","target":{"@type":"EntryPoint","urlTemplate":"https:\/\/www.lightdesign.shop\/en\/?s={search_term_string}"},"query-input":{"@type":"PropertyValueSpecification","valueRequired":true,"valueName":"search_term_string"}}],"inLanguage":"en-US"},{"@type":"Organization","@id":"https:\/\/www.lightdesign.shop\/en\/#organization","name":"LiD Srl","url":"https:\/\/www.lightdesign.shop\/en\/","logo":{"@type":"ImageObject","inLanguage":"en-US","@id":"https:\/\/www.lightdesign.shop\/en\/#\/schema\/logo\/image\/","url":"https:\/\/www.lightdesign.shop\/wp-content\/uploads\/2024\/06\/logo.png","contentUrl":"https:\/\/www.lightdesign.shop\/wp-content\/uploads\/2024\/06\/logo.png","width":1027,"height":759,"caption":"LiD Srl"},"image":{"@id":"https:\/\/www.lightdesign.shop\/en\/#\/schema\/logo\/image\/"},"sameAs":["https:\/\/www.facebook.com\/LID-Design-757324454392843\/","https:\/\/www.instagram.com\/lightdesign.shop\/","https:\/\/www.youtube.com\/channel\/UC-wfhs9IlrFGpIWzx24cMhA"]}]}},"_links":{"self":[{"href":"https:\/\/www.lightdesign.shop\/en\/wp-json\/wp\/v2\/product\/109248","targetHints":{"allow":["GET"]}}],"collection":[{"href":"https:\/\/www.lightdesign.shop\/en\/wp-json\/wp\/v2\/product"}],"about":[{"href":"https:\/\/www.lightdesign.shop\/en\/wp-json\/wp\/v2\/types\/product"}],"replies":[{"embeddable":true,"href":"https:\/\/www.lightdesign.shop\/en\/wp-json\/wp\/v2\/comments?post=109248"}],"wp:featuredmedia":[{"embeddable":true,"href":"https:\/\/www.lightdesign.shop\/en\/wp-json\/wp\/v2\/media\/108874"}],"wp:attachment":[{"href":"https:\/\/www.lightdesign.shop\/en\/wp-json\/wp\/v2\/media?parent=109248"}],"wp:term":[{"taxonomy":"product_brand","embeddable":true,"href":"https:\/\/www.lightdesign.shop\/en\/wp-json\/wp\/v2\/product_brand?post=109248"},{"taxonomy":"product_cat","embeddable":true,"href":"https:\/\/www.lightdesign.shop\/en\/wp-json\/wp\/v2\/product_cat?post=109248"},{"taxonomy":"product_tag","embeddable":true,"href":"https:\/\/www.lightdesign.shop\/en\/wp-json\/wp\/v2\/product_tag?post=109248"}],"curies":[{"name":"wp","href":"https:\/\/api.w.org\/{rel}","templated":true}]}}