{"id":109234,"date":"2021-09-28T11:03:21","date_gmt":"2021-09-28T09:03:21","guid":{"rendered":"https:\/\/www.lightdesign.shop\/negozio\/uncategorized\/wever-e-ducre-wever-e-ducre-deep-adjust-trimless-ceiling-recessed-1-0-led-3000k-black\/"},"modified":"2025-12-02T01:48:44","modified_gmt":"2025-12-02T00:48:44","slug":"wever-e-ducre-wever-e-ducre-deep-adjust-trimless-ceiling-recessed-1-0-led-3000k-black","status":"publish","type":"product","link":"https:\/\/www.lightdesign.shop\/en\/shop\/indoor-lamps\/indoor-recessed-ceiling-lights\/wever-e-ducre-wever-e-ducre-deep-adjust-trimless-ceiling-recessed-1-0-led-3000k-black\/","title":{"rendered":"Wever e Ducr\u00e8 Wever e Ducr\u00e8 DEEP ADJUST TRIMLESS ceiling recessed 1.0 &#8211; LED 3000K &#8211; black"},"content":{"rendered":"<h2>Wever e Ducr\u00e8 DEEP ADJUST TRIMLESS ceiling recessed 1.0 &#8211; LED 3000K &#8211; black<\/h2>\n<p>The DEEP family has no unsolvable lighting problems. You will find what you are looking for here, be it rigid downlights, adjustable variants or asymmetrical spots. In general, the luminaires of our DEEP family prefer to remain hidden deep in the ceiling. Their narrow edge makes this possible, allowing them to blend seamlessly with it. This trimless effect makes these space-saving multi-talents particularly popular. Thanks to the recessed installation in a circular hole in the ceiling, the visible support is hidden. The result is a particularly captivating and sophisticated look that minimizes glare. Many spots, available as PAR16, MR16 or LED, can also be dimmable via phase cut, DALI or Bluetooth. Thanks to the new members of the family, DEEP is now available with a small diameter, a low installation height and trimless. Incredible.<\/p>\n<p><em>Light source: Led 7\/10W 3000k &#8211; 18V &#8211; CRI90 IP20 + Driver 500mA 10W not dimmable<\/em><\/p>\n","protected":false},"excerpt":{"rendered":"<p>The DEEP family has no unsolvable lighting problems. You will find what you are looking for here, be it rigid downlights, adjustable variants or asymmetrical spots. In general, the luminaires of our DEEP family prefer to remain hidden deep in the ceiling.<\/p>\n","protected":false},"featured_media":108785,"comment_status":"open","ping_status":"closed","template":"","meta":{"_exactmetrics_skip_tracking":false,"_exactmetrics_sitenote_active":false,"_exactmetrics_sitenote_note":"","_exactmetrics_sitenote_category":0,"_joinchat":[]},"product_brand":[],"product_cat":[410],"product_tag":[],"class_list":{"0":"post-109234","1":"product","2":"type-product","3":"status-publish","4":"has-post-thumbnail","6":"product_cat-indoor-recessed-ceiling-lights","7":"pa_ambiente-hallway","8":"pa_ambiente-stairs","9":"pa_brand-wever-e-ducre-en","10":"pa_colore-black","11":"pa_stile-contemporary","13":"first","14":"instock","15":"sale","16":"taxable","17":"shipping-taxable","18":"purchasable","19":"product-type-simple"},"yoast_head":"<!-- This site is optimized with the Yoast SEO plugin v27.2 - https:\/\/yoast.com\/product\/yoast-seo-wordpress\/ -->\n<title>Wever e Ducr\u00e8 Wever e Ducr\u00e8 DEEP ADJUST TRIMLESS ceiling recessed 1.0 - LED 3000K - black - LiD Design<\/title>\n<meta name=\"robots\" content=\"index, follow, max-snippet:-1, max-image-preview:large, max-video-preview:-1\" \/>\n<link rel=\"canonical\" href=\"https:\/\/www.lightdesign.shop\/en\/shop\/indoor-lamps\/indoor-recessed-ceiling-lights\/wever-e-ducre-wever-e-ducre-deep-adjust-trimless-ceiling-recessed-1-0-led-3000k-black\/\" \/>\n<meta property=\"og:locale\" content=\"en_US\" \/>\n<meta property=\"og:type\" content=\"article\" \/>\n<meta property=\"og:title\" content=\"Wever e Ducr\u00e8 Wever e Ducr\u00e8 DEEP ADJUST TRIMLESS ceiling recessed 1.0 - LED 3000K - black - LiD Design\" \/>\n<meta property=\"og:description\" content=\"The DEEP family has no unsolvable lighting problems. You will find what you are looking for here, be it rigid downlights, adjustable variants or asymmetrical spots. In general, the luminaires of our DEEP family prefer to remain hidden deep in the ceiling.\" \/>\n<meta property=\"og:url\" content=\"https:\/\/www.lightdesign.shop\/en\/shop\/indoor-lamps\/indoor-recessed-ceiling-lights\/wever-e-ducre-wever-e-ducre-deep-adjust-trimless-ceiling-recessed-1-0-led-3000k-black\/\" \/>\n<meta property=\"og:site_name\" content=\"LiD Design\" \/>\n<meta property=\"article:publisher\" content=\"https:\/\/www.facebook.com\/LID-Design-757324454392843\/\" \/>\n<meta property=\"article:modified_time\" content=\"2025-12-02T00:48:44+00:00\" \/>\n<meta property=\"og:image\" content=\"https:\/\/www.lightdesign.shop\/wp-content\/uploads\/2021\/09\/112861B5_90214405.jpg\" \/>\n\t<meta property=\"og:image:width\" content=\"700\" \/>\n\t<meta property=\"og:image:height\" content=\"700\" \/>\n\t<meta property=\"og:image:type\" content=\"image\/jpeg\" \/>\n<meta name=\"twitter:card\" content=\"summary_large_image\" \/>\n<meta name=\"twitter:label1\" content=\"Est. reading time\" \/>\n\t<meta name=\"twitter:data1\" content=\"1 minute\" \/>\n<script type=\"application\/ld+json\" class=\"yoast-schema-graph\">{\"@context\":\"https:\/\/schema.org\",\"@graph\":[{\"@type\":\"WebPage\",\"@id\":\"https:\/\/www.lightdesign.shop\/en\/shop\/indoor-lamps\/indoor-recessed-ceiling-lights\/wever-e-ducre-wever-e-ducre-deep-adjust-trimless-ceiling-recessed-1-0-led-3000k-black\/\",\"url\":\"https:\/\/www.lightdesign.shop\/en\/shop\/indoor-lamps\/indoor-recessed-ceiling-lights\/wever-e-ducre-wever-e-ducre-deep-adjust-trimless-ceiling-recessed-1-0-led-3000k-black\/\",\"name\":\"Wever e Ducr\u00e8 Wever e Ducr\u00e8 DEEP ADJUST TRIMLESS ceiling recessed 1.0 - LED 3000K - black - LiD Design\",\"isPartOf\":{\"@id\":\"https:\/\/www.lightdesign.shop\/en\/#website\"},\"primaryImageOfPage\":{\"@id\":\"https:\/\/www.lightdesign.shop\/en\/shop\/indoor-lamps\/indoor-recessed-ceiling-lights\/wever-e-ducre-wever-e-ducre-deep-adjust-trimless-ceiling-recessed-1-0-led-3000k-black\/#primaryimage\"},\"image\":{\"@id\":\"https:\/\/www.lightdesign.shop\/en\/shop\/indoor-lamps\/indoor-recessed-ceiling-lights\/wever-e-ducre-wever-e-ducre-deep-adjust-trimless-ceiling-recessed-1-0-led-3000k-black\/#primaryimage\"},\"thumbnailUrl\":\"https:\/\/www.lightdesign.shop\/wp-content\/uploads\/2021\/09\/112861B5_90214405.jpg\",\"datePublished\":\"2021-09-28T09:03:21+00:00\",\"dateModified\":\"2025-12-02T00:48:44+00:00\",\"breadcrumb\":{\"@id\":\"https:\/\/www.lightdesign.shop\/en\/shop\/indoor-lamps\/indoor-recessed-ceiling-lights\/wever-e-ducre-wever-e-ducre-deep-adjust-trimless-ceiling-recessed-1-0-led-3000k-black\/#breadcrumb\"},\"inLanguage\":\"en-US\",\"potentialAction\":[{\"@type\":\"ReadAction\",\"target\":[\"https:\/\/www.lightdesign.shop\/en\/shop\/indoor-lamps\/indoor-recessed-ceiling-lights\/wever-e-ducre-wever-e-ducre-deep-adjust-trimless-ceiling-recessed-1-0-led-3000k-black\/\"]}]},{\"@type\":\"ImageObject\",\"inLanguage\":\"en-US\",\"@id\":\"https:\/\/www.lightdesign.shop\/en\/shop\/indoor-lamps\/indoor-recessed-ceiling-lights\/wever-e-ducre-wever-e-ducre-deep-adjust-trimless-ceiling-recessed-1-0-led-3000k-black\/#primaryimage\",\"url\":\"https:\/\/www.lightdesign.shop\/wp-content\/uploads\/2021\/09\/112861B5_90214405.jpg\",\"contentUrl\":\"https:\/\/www.lightdesign.shop\/wp-content\/uploads\/2021\/09\/112861B5_90214405.jpg\",\"width\":700,\"height\":700},{\"@type\":\"BreadcrumbList\",\"@id\":\"https:\/\/www.lightdesign.shop\/en\/shop\/indoor-lamps\/indoor-recessed-ceiling-lights\/wever-e-ducre-wever-e-ducre-deep-adjust-trimless-ceiling-recessed-1-0-led-3000k-black\/#breadcrumb\",\"itemListElement\":[{\"@type\":\"ListItem\",\"position\":1,\"name\":\"Home\",\"item\":\"https:\/\/www.lightdesign.shop\/en\/\"},{\"@type\":\"ListItem\",\"position\":2,\"name\":\"Shop\",\"item\":\"https:\/\/www.lightdesign.shop\/en\/shop\/\"},{\"@type\":\"ListItem\",\"position\":3,\"name\":\"Wever e Ducr\u00e8 Wever e Ducr\u00e8 DEEP ADJUST TRIMLESS ceiling recessed 1.0 &#8211; LED 3000K &#8211; black\"}]},{\"@type\":\"WebSite\",\"@id\":\"https:\/\/www.lightdesign.shop\/en\/#website\",\"url\":\"https:\/\/www.lightdesign.shop\/en\/\",\"name\":\"LiD - illumina il tuo mondo\",\"description\":\"Light Design Shop\",\"publisher\":{\"@id\":\"https:\/\/www.lightdesign.shop\/en\/#organization\"},\"alternateName\":\"lightdesign.shop\",\"potentialAction\":[{\"@type\":\"SearchAction\",\"target\":{\"@type\":\"EntryPoint\",\"urlTemplate\":\"https:\/\/www.lightdesign.shop\/en\/?s={search_term_string}\"},\"query-input\":{\"@type\":\"PropertyValueSpecification\",\"valueRequired\":true,\"valueName\":\"search_term_string\"}}],\"inLanguage\":\"en-US\"},{\"@type\":\"Organization\",\"@id\":\"https:\/\/www.lightdesign.shop\/en\/#organization\",\"name\":\"LiD Srl\",\"url\":\"https:\/\/www.lightdesign.shop\/en\/\",\"logo\":{\"@type\":\"ImageObject\",\"inLanguage\":\"en-US\",\"@id\":\"https:\/\/www.lightdesign.shop\/en\/#\/schema\/logo\/image\/\",\"url\":\"https:\/\/www.lightdesign.shop\/wp-content\/uploads\/2024\/06\/logo.png\",\"contentUrl\":\"https:\/\/www.lightdesign.shop\/wp-content\/uploads\/2024\/06\/logo.png\",\"width\":1027,\"height\":759,\"caption\":\"LiD Srl\"},\"image\":{\"@id\":\"https:\/\/www.lightdesign.shop\/en\/#\/schema\/logo\/image\/\"},\"sameAs\":[\"https:\/\/www.facebook.com\/LID-Design-757324454392843\/\",\"https:\/\/www.instagram.com\/lightdesign.shop\/\",\"https:\/\/www.youtube.com\/channel\/UC-wfhs9IlrFGpIWzx24cMhA\"]}]}<\/script>\n<!-- \/ Yoast SEO plugin. -->","yoast_head_json":{"title":"Wever e Ducr\u00e8 Wever e Ducr\u00e8 DEEP ADJUST TRIMLESS ceiling recessed 1.0 - LED 3000K - black - LiD Design","robots":{"index":"index","follow":"follow","max-snippet":"max-snippet:-1","max-image-preview":"max-image-preview:large","max-video-preview":"max-video-preview:-1"},"canonical":"https:\/\/www.lightdesign.shop\/en\/shop\/indoor-lamps\/indoor-recessed-ceiling-lights\/wever-e-ducre-wever-e-ducre-deep-adjust-trimless-ceiling-recessed-1-0-led-3000k-black\/","og_locale":"en_US","og_type":"article","og_title":"Wever e Ducr\u00e8 Wever e Ducr\u00e8 DEEP ADJUST TRIMLESS ceiling recessed 1.0 - LED 3000K - black - LiD Design","og_description":"The DEEP family has no unsolvable lighting problems. You will find what you are looking for here, be it rigid downlights, adjustable variants or asymmetrical spots. In general, the luminaires of our DEEP family prefer to remain hidden deep in the ceiling.","og_url":"https:\/\/www.lightdesign.shop\/en\/shop\/indoor-lamps\/indoor-recessed-ceiling-lights\/wever-e-ducre-wever-e-ducre-deep-adjust-trimless-ceiling-recessed-1-0-led-3000k-black\/","og_site_name":"LiD Design","article_publisher":"https:\/\/www.facebook.com\/LID-Design-757324454392843\/","article_modified_time":"2025-12-02T00:48:44+00:00","og_image":[{"width":700,"height":700,"url":"https:\/\/www.lightdesign.shop\/wp-content\/uploads\/2021\/09\/112861B5_90214405.jpg","type":"image\/jpeg"}],"twitter_card":"summary_large_image","twitter_misc":{"Est. reading time":"1 minute"},"schema":{"@context":"https:\/\/schema.org","@graph":[{"@type":"WebPage","@id":"https:\/\/www.lightdesign.shop\/en\/shop\/indoor-lamps\/indoor-recessed-ceiling-lights\/wever-e-ducre-wever-e-ducre-deep-adjust-trimless-ceiling-recessed-1-0-led-3000k-black\/","url":"https:\/\/www.lightdesign.shop\/en\/shop\/indoor-lamps\/indoor-recessed-ceiling-lights\/wever-e-ducre-wever-e-ducre-deep-adjust-trimless-ceiling-recessed-1-0-led-3000k-black\/","name":"Wever e Ducr\u00e8 Wever e Ducr\u00e8 DEEP ADJUST TRIMLESS ceiling recessed 1.0 - LED 3000K - black - LiD Design","isPartOf":{"@id":"https:\/\/www.lightdesign.shop\/en\/#website"},"primaryImageOfPage":{"@id":"https:\/\/www.lightdesign.shop\/en\/shop\/indoor-lamps\/indoor-recessed-ceiling-lights\/wever-e-ducre-wever-e-ducre-deep-adjust-trimless-ceiling-recessed-1-0-led-3000k-black\/#primaryimage"},"image":{"@id":"https:\/\/www.lightdesign.shop\/en\/shop\/indoor-lamps\/indoor-recessed-ceiling-lights\/wever-e-ducre-wever-e-ducre-deep-adjust-trimless-ceiling-recessed-1-0-led-3000k-black\/#primaryimage"},"thumbnailUrl":"https:\/\/www.lightdesign.shop\/wp-content\/uploads\/2021\/09\/112861B5_90214405.jpg","datePublished":"2021-09-28T09:03:21+00:00","dateModified":"2025-12-02T00:48:44+00:00","breadcrumb":{"@id":"https:\/\/www.lightdesign.shop\/en\/shop\/indoor-lamps\/indoor-recessed-ceiling-lights\/wever-e-ducre-wever-e-ducre-deep-adjust-trimless-ceiling-recessed-1-0-led-3000k-black\/#breadcrumb"},"inLanguage":"en-US","potentialAction":[{"@type":"ReadAction","target":["https:\/\/www.lightdesign.shop\/en\/shop\/indoor-lamps\/indoor-recessed-ceiling-lights\/wever-e-ducre-wever-e-ducre-deep-adjust-trimless-ceiling-recessed-1-0-led-3000k-black\/"]}]},{"@type":"ImageObject","inLanguage":"en-US","@id":"https:\/\/www.lightdesign.shop\/en\/shop\/indoor-lamps\/indoor-recessed-ceiling-lights\/wever-e-ducre-wever-e-ducre-deep-adjust-trimless-ceiling-recessed-1-0-led-3000k-black\/#primaryimage","url":"https:\/\/www.lightdesign.shop\/wp-content\/uploads\/2021\/09\/112861B5_90214405.jpg","contentUrl":"https:\/\/www.lightdesign.shop\/wp-content\/uploads\/2021\/09\/112861B5_90214405.jpg","width":700,"height":700},{"@type":"BreadcrumbList","@id":"https:\/\/www.lightdesign.shop\/en\/shop\/indoor-lamps\/indoor-recessed-ceiling-lights\/wever-e-ducre-wever-e-ducre-deep-adjust-trimless-ceiling-recessed-1-0-led-3000k-black\/#breadcrumb","itemListElement":[{"@type":"ListItem","position":1,"name":"Home","item":"https:\/\/www.lightdesign.shop\/en\/"},{"@type":"ListItem","position":2,"name":"Shop","item":"https:\/\/www.lightdesign.shop\/en\/shop\/"},{"@type":"ListItem","position":3,"name":"Wever e Ducr\u00e8 Wever e Ducr\u00e8 DEEP ADJUST TRIMLESS ceiling recessed 1.0 &#8211; LED 3000K &#8211; black"}]},{"@type":"WebSite","@id":"https:\/\/www.lightdesign.shop\/en\/#website","url":"https:\/\/www.lightdesign.shop\/en\/","name":"LiD - illumina il tuo mondo","description":"Light Design Shop","publisher":{"@id":"https:\/\/www.lightdesign.shop\/en\/#organization"},"alternateName":"lightdesign.shop","potentialAction":[{"@type":"SearchAction","target":{"@type":"EntryPoint","urlTemplate":"https:\/\/www.lightdesign.shop\/en\/?s={search_term_string}"},"query-input":{"@type":"PropertyValueSpecification","valueRequired":true,"valueName":"search_term_string"}}],"inLanguage":"en-US"},{"@type":"Organization","@id":"https:\/\/www.lightdesign.shop\/en\/#organization","name":"LiD Srl","url":"https:\/\/www.lightdesign.shop\/en\/","logo":{"@type":"ImageObject","inLanguage":"en-US","@id":"https:\/\/www.lightdesign.shop\/en\/#\/schema\/logo\/image\/","url":"https:\/\/www.lightdesign.shop\/wp-content\/uploads\/2024\/06\/logo.png","contentUrl":"https:\/\/www.lightdesign.shop\/wp-content\/uploads\/2024\/06\/logo.png","width":1027,"height":759,"caption":"LiD Srl"},"image":{"@id":"https:\/\/www.lightdesign.shop\/en\/#\/schema\/logo\/image\/"},"sameAs":["https:\/\/www.facebook.com\/LID-Design-757324454392843\/","https:\/\/www.instagram.com\/lightdesign.shop\/","https:\/\/www.youtube.com\/channel\/UC-wfhs9IlrFGpIWzx24cMhA"]}]}},"_links":{"self":[{"href":"https:\/\/www.lightdesign.shop\/en\/wp-json\/wp\/v2\/product\/109234","targetHints":{"allow":["GET"]}}],"collection":[{"href":"https:\/\/www.lightdesign.shop\/en\/wp-json\/wp\/v2\/product"}],"about":[{"href":"https:\/\/www.lightdesign.shop\/en\/wp-json\/wp\/v2\/types\/product"}],"replies":[{"embeddable":true,"href":"https:\/\/www.lightdesign.shop\/en\/wp-json\/wp\/v2\/comments?post=109234"}],"wp:featuredmedia":[{"embeddable":true,"href":"https:\/\/www.lightdesign.shop\/en\/wp-json\/wp\/v2\/media\/108785"}],"wp:attachment":[{"href":"https:\/\/www.lightdesign.shop\/en\/wp-json\/wp\/v2\/media?parent=109234"}],"wp:term":[{"taxonomy":"product_brand","embeddable":true,"href":"https:\/\/www.lightdesign.shop\/en\/wp-json\/wp\/v2\/product_brand?post=109234"},{"taxonomy":"product_cat","embeddable":true,"href":"https:\/\/www.lightdesign.shop\/en\/wp-json\/wp\/v2\/product_cat?post=109234"},{"taxonomy":"product_tag","embeddable":true,"href":"https:\/\/www.lightdesign.shop\/en\/wp-json\/wp\/v2\/product_tag?post=109234"}],"curies":[{"name":"wp","href":"https:\/\/api.w.org\/{rel}","templated":true}]}}