{"id":1056096,"date":"2024-09-24T13:06:11","date_gmt":"2024-09-24T11:06:11","guid":{"rendered":"https:\/\/www.lightdesign.shop\/negozio\/uncategorized\/vibia-plusminus-cone-6240-3000k-on-off-green-m1\/"},"modified":"2025-12-02T02:51:19","modified_gmt":"2025-12-02T01:51:19","slug":"vibia-plusminus-cone-6240-3000k-on-off-green-m1-lighting-body-only","status":"publish","type":"product","link":"https:\/\/www.lightdesign.shop\/en\/shop\/indoor-lamps\/indoor-ceiling-lights\/vibia-plusminus-cone-6240-3000k-on-off-green-m1-lighting-body-only\/","title":{"rendered":"Vibia PLUSMINUS Cone 6240 &#8211; 3000K, On\/Off- green M1 (Lighting body only)"},"content":{"rendered":"<h2>PLUSMINUS Cone 6240 &#8211; 3000K, On\/Off- green M1 (Lighting body only)<\/h2>\n<p>Plusminus, disegnato da Diez Office e prodotto dal marchio Vibia, \u00e8 un sistema di illuminazione versatile che porta il concetto di lineare da soffitto a livelli del tutto innovativi. All\u2019interno della cinta in tessuto di Plusminus \u00e8 inserito un conduttore elettrico che permette di fissare le lampade liberamente creando soluzioni di illuminazione uniche in situ. I toolkit includono molteplici elementi -pezzi, colori e tessiture- che \u00e8 possibile adattare e abbinare al fine di rispondere alle esigenze e ai limiti di ogni spazio. Sono un prezioso strumento creativo per progetti unici ed offrono a designer e architetti infinite possibilit\u00e0 per integrare l&#8217;illuminazione in ambienti interni. La cinta, la cui lunghezza \u00e8 adattabile in base alle necessit\u00e0, permette di posizionare diverse lampade e funziona grazie a una semplice tecnologia plug-in che offre una facilit\u00e0 di installazione e connessione senza precedenti. La cinta pu\u00f2 essere regolata a diversi livelli di tensione, da tesa ad allentata, e offre la funzionalit\u00e0 click-and-connect grazie alla fibbia fissata su ogni lampada.<\/p>\n<p><em>Light source: 1 x LED 16 W 850mA &#8211; 3000K &#8211; 1492 lumens &#8211; CRI >90 &#8211; Dimmer On\/Off &#8211; IP20. Dimensions: H 16 cm \u00d8 60 cm.<\/em><\/p>\n","protected":false},"excerpt":{"rendered":"<p>Plusminus, designed by Diez Office and produced by the Vibia brand, is a versatile lighting system that takes the concept of linear ceiling lighting to completely innovative levels. An electrical conductor is inserted inside the Plusminus fabric belt which allows the lamps to be fixed freely, creating unique lighting solutions in situ. The toolkits include multiple elements &#8211; pieces, colors and textures &#8211; that can be adapted and combined to meet the needs and limitations of each space. They are a valuable creative tool for unique projects and offer designers and architects endless possibilities for integrating lighting into interior environments. (Product to be configured, for support contact our Light Designers)<\/p>\n","protected":false},"featured_media":1055182,"comment_status":"open","ping_status":"open","template":"","meta":{"_exactmetrics_skip_tracking":false,"_exactmetrics_sitenote_active":false,"_exactmetrics_sitenote_note":"","_exactmetrics_sitenote_category":0,"_joinchat":[]},"product_brand":[],"product_cat":[404],"product_tag":[],"class_list":{"0":"post-1056096","1":"product","2":"type-product","3":"status-publish","4":"has-post-thumbnail","6":"product_cat-indoor-ceiling-lights","7":"pa_ambiente-living","8":"pa_brand-vibia-en","9":"pa_colore-green","10":"pa_materiale-aluminum","11":"pa_materiale-polycarbonate","12":"pa_stile-modern-en","14":"first","15":"instock","16":"sale","17":"taxable","18":"shipping-taxable","19":"purchasable","20":"product-type-simple"},"yoast_head":"<!-- This site is optimized with the Yoast SEO plugin v27.2 - https:\/\/yoast.com\/product\/yoast-seo-wordpress\/ -->\n<title>Vibia PLUSMINUS Cone 6240 - 3000K, On\/Off- green M1 (Lighting body only) - LiD Design<\/title>\n<meta name=\"robots\" content=\"index, follow, max-snippet:-1, max-image-preview:large, max-video-preview:-1\" \/>\n<link rel=\"canonical\" href=\"https:\/\/www.lightdesign.shop\/en\/shop\/indoor-lamps\/indoor-ceiling-lights\/vibia-plusminus-cone-6240-3000k-on-off-green-m1-lighting-body-only\/\" \/>\n<meta property=\"og:locale\" content=\"en_US\" \/>\n<meta property=\"og:type\" content=\"article\" \/>\n<meta property=\"og:title\" content=\"Vibia PLUSMINUS Cone 6240 - 3000K, On\/Off- green M1 (Lighting body only) - LiD Design\" \/>\n<meta property=\"og:description\" content=\"Plusminus, designed by Diez Office and produced by the Vibia brand, is a versatile lighting system that takes the concept of linear ceiling lighting to completely innovative levels. An electrical conductor is inserted inside the Plusminus fabric belt which allows the lamps to be fixed freely, creating unique lighting solutions in situ. The toolkits include multiple elements - pieces, colors and textures - that can be adapted and combined to meet the needs and limitations of each space. They are a valuable creative tool for unique projects and offer designers and architects endless possibilities for integrating lighting into interior environments. (Product to be configured, for support contact our Light Designers)\" \/>\n<meta property=\"og:url\" content=\"https:\/\/www.lightdesign.shop\/en\/shop\/indoor-lamps\/indoor-ceiling-lights\/vibia-plusminus-cone-6240-3000k-on-off-green-m1-lighting-body-only\/\" \/>\n<meta property=\"og:site_name\" content=\"LiD Design\" \/>\n<meta property=\"article:publisher\" content=\"https:\/\/www.facebook.com\/LID-Design-757324454392843\/\" \/>\n<meta property=\"article:modified_time\" content=\"2025-12-02T01:51:19+00:00\" \/>\n<meta property=\"og:image\" content=\"https:\/\/www.lightdesign.shop\/wp-content\/uploads\/2024\/08\/624053_20.jpg\" \/>\n\t<meta property=\"og:image:width\" content=\"1000\" \/>\n\t<meta property=\"og:image:height\" content=\"1000\" \/>\n\t<meta property=\"og:image:type\" content=\"image\/jpeg\" \/>\n<meta name=\"twitter:card\" content=\"summary_large_image\" \/>\n<meta name=\"twitter:label1\" content=\"Est. reading time\" \/>\n\t<meta name=\"twitter:data1\" content=\"1 minute\" \/>\n<script type=\"application\/ld+json\" class=\"yoast-schema-graph\">{\"@context\":\"https:\/\/schema.org\",\"@graph\":[{\"@type\":\"WebPage\",\"@id\":\"https:\/\/www.lightdesign.shop\/en\/shop\/indoor-lamps\/indoor-ceiling-lights\/vibia-plusminus-cone-6240-3000k-on-off-green-m1-lighting-body-only\/\",\"url\":\"https:\/\/www.lightdesign.shop\/en\/shop\/indoor-lamps\/indoor-ceiling-lights\/vibia-plusminus-cone-6240-3000k-on-off-green-m1-lighting-body-only\/\",\"name\":\"Vibia PLUSMINUS Cone 6240 - 3000K, On\/Off- green M1 (Lighting body only) - LiD Design\",\"isPartOf\":{\"@id\":\"https:\/\/www.lightdesign.shop\/en\/#website\"},\"primaryImageOfPage\":{\"@id\":\"https:\/\/www.lightdesign.shop\/en\/shop\/indoor-lamps\/indoor-ceiling-lights\/vibia-plusminus-cone-6240-3000k-on-off-green-m1-lighting-body-only\/#primaryimage\"},\"image\":{\"@id\":\"https:\/\/www.lightdesign.shop\/en\/shop\/indoor-lamps\/indoor-ceiling-lights\/vibia-plusminus-cone-6240-3000k-on-off-green-m1-lighting-body-only\/#primaryimage\"},\"thumbnailUrl\":\"https:\/\/www.lightdesign.shop\/wp-content\/uploads\/2024\/08\/624053_20.jpg\",\"datePublished\":\"2024-09-24T11:06:11+00:00\",\"dateModified\":\"2025-12-02T01:51:19+00:00\",\"breadcrumb\":{\"@id\":\"https:\/\/www.lightdesign.shop\/en\/shop\/indoor-lamps\/indoor-ceiling-lights\/vibia-plusminus-cone-6240-3000k-on-off-green-m1-lighting-body-only\/#breadcrumb\"},\"inLanguage\":\"en-US\",\"potentialAction\":[{\"@type\":\"ReadAction\",\"target\":[\"https:\/\/www.lightdesign.shop\/en\/shop\/indoor-lamps\/indoor-ceiling-lights\/vibia-plusminus-cone-6240-3000k-on-off-green-m1-lighting-body-only\/\"]}]},{\"@type\":\"ImageObject\",\"inLanguage\":\"en-US\",\"@id\":\"https:\/\/www.lightdesign.shop\/en\/shop\/indoor-lamps\/indoor-ceiling-lights\/vibia-plusminus-cone-6240-3000k-on-off-green-m1-lighting-body-only\/#primaryimage\",\"url\":\"https:\/\/www.lightdesign.shop\/wp-content\/uploads\/2024\/08\/624053_20.jpg\",\"contentUrl\":\"https:\/\/www.lightdesign.shop\/wp-content\/uploads\/2024\/08\/624053_20.jpg\",\"width\":1000,\"height\":1000},{\"@type\":\"BreadcrumbList\",\"@id\":\"https:\/\/www.lightdesign.shop\/en\/shop\/indoor-lamps\/indoor-ceiling-lights\/vibia-plusminus-cone-6240-3000k-on-off-green-m1-lighting-body-only\/#breadcrumb\",\"itemListElement\":[{\"@type\":\"ListItem\",\"position\":1,\"name\":\"Home\",\"item\":\"https:\/\/www.lightdesign.shop\/en\/\"},{\"@type\":\"ListItem\",\"position\":2,\"name\":\"Shop\",\"item\":\"https:\/\/www.lightdesign.shop\/en\/shop\/\"},{\"@type\":\"ListItem\",\"position\":3,\"name\":\"Vibia PLUSMINUS Cone 6240 &#8211; 3000K, On\/Off- green M1 (Lighting body only)\"}]},{\"@type\":\"WebSite\",\"@id\":\"https:\/\/www.lightdesign.shop\/en\/#website\",\"url\":\"https:\/\/www.lightdesign.shop\/en\/\",\"name\":\"LiD - illumina il tuo mondo\",\"description\":\"Light Design Shop\",\"publisher\":{\"@id\":\"https:\/\/www.lightdesign.shop\/en\/#organization\"},\"alternateName\":\"lightdesign.shop\",\"potentialAction\":[{\"@type\":\"SearchAction\",\"target\":{\"@type\":\"EntryPoint\",\"urlTemplate\":\"https:\/\/www.lightdesign.shop\/en\/?s={search_term_string}\"},\"query-input\":{\"@type\":\"PropertyValueSpecification\",\"valueRequired\":true,\"valueName\":\"search_term_string\"}}],\"inLanguage\":\"en-US\"},{\"@type\":\"Organization\",\"@id\":\"https:\/\/www.lightdesign.shop\/en\/#organization\",\"name\":\"LiD Srl\",\"url\":\"https:\/\/www.lightdesign.shop\/en\/\",\"logo\":{\"@type\":\"ImageObject\",\"inLanguage\":\"en-US\",\"@id\":\"https:\/\/www.lightdesign.shop\/en\/#\/schema\/logo\/image\/\",\"url\":\"https:\/\/www.lightdesign.shop\/wp-content\/uploads\/2024\/06\/logo.png\",\"contentUrl\":\"https:\/\/www.lightdesign.shop\/wp-content\/uploads\/2024\/06\/logo.png\",\"width\":1027,\"height\":759,\"caption\":\"LiD Srl\"},\"image\":{\"@id\":\"https:\/\/www.lightdesign.shop\/en\/#\/schema\/logo\/image\/\"},\"sameAs\":[\"https:\/\/www.facebook.com\/LID-Design-757324454392843\/\",\"https:\/\/www.instagram.com\/lightdesign.shop\/\",\"https:\/\/www.youtube.com\/channel\/UC-wfhs9IlrFGpIWzx24cMhA\"]}]}<\/script>\n<!-- \/ Yoast SEO plugin. -->","yoast_head_json":{"title":"Vibia PLUSMINUS Cone 6240 - 3000K, On\/Off- green M1 (Lighting body only) - LiD Design","robots":{"index":"index","follow":"follow","max-snippet":"max-snippet:-1","max-image-preview":"max-image-preview:large","max-video-preview":"max-video-preview:-1"},"canonical":"https:\/\/www.lightdesign.shop\/en\/shop\/indoor-lamps\/indoor-ceiling-lights\/vibia-plusminus-cone-6240-3000k-on-off-green-m1-lighting-body-only\/","og_locale":"en_US","og_type":"article","og_title":"Vibia PLUSMINUS Cone 6240 - 3000K, On\/Off- green M1 (Lighting body only) - LiD Design","og_description":"Plusminus, designed by Diez Office and produced by the Vibia brand, is a versatile lighting system that takes the concept of linear ceiling lighting to completely innovative levels. An electrical conductor is inserted inside the Plusminus fabric belt which allows the lamps to be fixed freely, creating unique lighting solutions in situ. The toolkits include multiple elements - pieces, colors and textures - that can be adapted and combined to meet the needs and limitations of each space. They are a valuable creative tool for unique projects and offer designers and architects endless possibilities for integrating lighting into interior environments. (Product to be configured, for support contact our Light Designers)","og_url":"https:\/\/www.lightdesign.shop\/en\/shop\/indoor-lamps\/indoor-ceiling-lights\/vibia-plusminus-cone-6240-3000k-on-off-green-m1-lighting-body-only\/","og_site_name":"LiD Design","article_publisher":"https:\/\/www.facebook.com\/LID-Design-757324454392843\/","article_modified_time":"2025-12-02T01:51:19+00:00","og_image":[{"width":1000,"height":1000,"url":"https:\/\/www.lightdesign.shop\/wp-content\/uploads\/2024\/08\/624053_20.jpg","type":"image\/jpeg"}],"twitter_card":"summary_large_image","twitter_misc":{"Est. reading time":"1 minute"},"schema":{"@context":"https:\/\/schema.org","@graph":[{"@type":"WebPage","@id":"https:\/\/www.lightdesign.shop\/en\/shop\/indoor-lamps\/indoor-ceiling-lights\/vibia-plusminus-cone-6240-3000k-on-off-green-m1-lighting-body-only\/","url":"https:\/\/www.lightdesign.shop\/en\/shop\/indoor-lamps\/indoor-ceiling-lights\/vibia-plusminus-cone-6240-3000k-on-off-green-m1-lighting-body-only\/","name":"Vibia PLUSMINUS Cone 6240 - 3000K, On\/Off- green M1 (Lighting body only) - LiD Design","isPartOf":{"@id":"https:\/\/www.lightdesign.shop\/en\/#website"},"primaryImageOfPage":{"@id":"https:\/\/www.lightdesign.shop\/en\/shop\/indoor-lamps\/indoor-ceiling-lights\/vibia-plusminus-cone-6240-3000k-on-off-green-m1-lighting-body-only\/#primaryimage"},"image":{"@id":"https:\/\/www.lightdesign.shop\/en\/shop\/indoor-lamps\/indoor-ceiling-lights\/vibia-plusminus-cone-6240-3000k-on-off-green-m1-lighting-body-only\/#primaryimage"},"thumbnailUrl":"https:\/\/www.lightdesign.shop\/wp-content\/uploads\/2024\/08\/624053_20.jpg","datePublished":"2024-09-24T11:06:11+00:00","dateModified":"2025-12-02T01:51:19+00:00","breadcrumb":{"@id":"https:\/\/www.lightdesign.shop\/en\/shop\/indoor-lamps\/indoor-ceiling-lights\/vibia-plusminus-cone-6240-3000k-on-off-green-m1-lighting-body-only\/#breadcrumb"},"inLanguage":"en-US","potentialAction":[{"@type":"ReadAction","target":["https:\/\/www.lightdesign.shop\/en\/shop\/indoor-lamps\/indoor-ceiling-lights\/vibia-plusminus-cone-6240-3000k-on-off-green-m1-lighting-body-only\/"]}]},{"@type":"ImageObject","inLanguage":"en-US","@id":"https:\/\/www.lightdesign.shop\/en\/shop\/indoor-lamps\/indoor-ceiling-lights\/vibia-plusminus-cone-6240-3000k-on-off-green-m1-lighting-body-only\/#primaryimage","url":"https:\/\/www.lightdesign.shop\/wp-content\/uploads\/2024\/08\/624053_20.jpg","contentUrl":"https:\/\/www.lightdesign.shop\/wp-content\/uploads\/2024\/08\/624053_20.jpg","width":1000,"height":1000},{"@type":"BreadcrumbList","@id":"https:\/\/www.lightdesign.shop\/en\/shop\/indoor-lamps\/indoor-ceiling-lights\/vibia-plusminus-cone-6240-3000k-on-off-green-m1-lighting-body-only\/#breadcrumb","itemListElement":[{"@type":"ListItem","position":1,"name":"Home","item":"https:\/\/www.lightdesign.shop\/en\/"},{"@type":"ListItem","position":2,"name":"Shop","item":"https:\/\/www.lightdesign.shop\/en\/shop\/"},{"@type":"ListItem","position":3,"name":"Vibia PLUSMINUS Cone 6240 &#8211; 3000K, On\/Off- green M1 (Lighting body only)"}]},{"@type":"WebSite","@id":"https:\/\/www.lightdesign.shop\/en\/#website","url":"https:\/\/www.lightdesign.shop\/en\/","name":"LiD - illumina il tuo mondo","description":"Light Design Shop","publisher":{"@id":"https:\/\/www.lightdesign.shop\/en\/#organization"},"alternateName":"lightdesign.shop","potentialAction":[{"@type":"SearchAction","target":{"@type":"EntryPoint","urlTemplate":"https:\/\/www.lightdesign.shop\/en\/?s={search_term_string}"},"query-input":{"@type":"PropertyValueSpecification","valueRequired":true,"valueName":"search_term_string"}}],"inLanguage":"en-US"},{"@type":"Organization","@id":"https:\/\/www.lightdesign.shop\/en\/#organization","name":"LiD Srl","url":"https:\/\/www.lightdesign.shop\/en\/","logo":{"@type":"ImageObject","inLanguage":"en-US","@id":"https:\/\/www.lightdesign.shop\/en\/#\/schema\/logo\/image\/","url":"https:\/\/www.lightdesign.shop\/wp-content\/uploads\/2024\/06\/logo.png","contentUrl":"https:\/\/www.lightdesign.shop\/wp-content\/uploads\/2024\/06\/logo.png","width":1027,"height":759,"caption":"LiD Srl"},"image":{"@id":"https:\/\/www.lightdesign.shop\/en\/#\/schema\/logo\/image\/"},"sameAs":["https:\/\/www.facebook.com\/LID-Design-757324454392843\/","https:\/\/www.instagram.com\/lightdesign.shop\/","https:\/\/www.youtube.com\/channel\/UC-wfhs9IlrFGpIWzx24cMhA"]}]}},"_links":{"self":[{"href":"https:\/\/www.lightdesign.shop\/en\/wp-json\/wp\/v2\/product\/1056096","targetHints":{"allow":["GET"]}}],"collection":[{"href":"https:\/\/www.lightdesign.shop\/en\/wp-json\/wp\/v2\/product"}],"about":[{"href":"https:\/\/www.lightdesign.shop\/en\/wp-json\/wp\/v2\/types\/product"}],"replies":[{"embeddable":true,"href":"https:\/\/www.lightdesign.shop\/en\/wp-json\/wp\/v2\/comments?post=1056096"}],"wp:featuredmedia":[{"embeddable":true,"href":"https:\/\/www.lightdesign.shop\/en\/wp-json\/wp\/v2\/media\/1055182"}],"wp:attachment":[{"href":"https:\/\/www.lightdesign.shop\/en\/wp-json\/wp\/v2\/media?parent=1056096"}],"wp:term":[{"taxonomy":"product_brand","embeddable":true,"href":"https:\/\/www.lightdesign.shop\/en\/wp-json\/wp\/v2\/product_brand?post=1056096"},{"taxonomy":"product_cat","embeddable":true,"href":"https:\/\/www.lightdesign.shop\/en\/wp-json\/wp\/v2\/product_cat?post=1056096"},{"taxonomy":"product_tag","embeddable":true,"href":"https:\/\/www.lightdesign.shop\/en\/wp-json\/wp\/v2\/product_tag?post=1056096"}],"curies":[{"name":"wp","href":"https:\/\/api.w.org\/{rel}","templated":true}]}}