{"id":1055945,"date":"2024-08-29T12:42:57","date_gmt":"2024-08-29T10:42:57","guid":{"rendered":"https:\/\/www.lightdesign.shop\/negozio\/uncategorized\/stilnovo-mongolfier-o-26-cm-sospensione-pink-gold\/"},"modified":"2025-12-02T02:50:50","modified_gmt":"2025-12-02T01:50:50","slug":"stilnovo-mongolfier-o-26-cm-sospensione-pink-gold","status":"publish","type":"product","link":"https:\/\/www.lightdesign.shop\/en\/shop\/indoor-lamps\/indoor-suspension-lamps\/stilnovo-mongolfier-o-26-cm-sospensione-pink-gold\/","title":{"rendered":"Stilnovo MONGOLFIER \u00d8 26 cm sospensione &#8211; pink gold"},"content":{"rendered":"<h2>MONGOLFIER \u00d8 26 cm sospensione &#8211; pink gold<\/h2>\n<p>The light volumes of the Mongolfier suspension lamps by Stilnovo envelop and intercept the light, creating precious plays of reflections and shadows. Warm Tune\u2122 technology allows you to change the atmosphere: as the intensity decreases, the light gradually becomes warmer and softer, until it reaches the effect of a candle. Lamp body in matt black painted metal, or in black nickel and rose gold galvanic finishes. Dimmable topLED source with Warm Tune\u2122 technology. Metal architrave with the same finish as the lamp body. Black support cable\/conductor. Available in three sizes (\u00d8 26, \u00d8 40, \u00d8 57).<\/p>\n<p><em>Light source: topLED 16W &#8211; 1800K-3000K &#8211; 1000 lumens &#8211; CRI=90 &#8211; 220-240V &#8211; Phase cut dimmer &#8211; IP20. Dimensions: H Max 2000 mm \u00d8 260 mm<\/em><\/p>\n","protected":false},"excerpt":{"rendered":"<p>The light volumes of the Mongolfier suspension lamps by Stilnovo envelop and intercept the light, creating precious plays of reflections and shadows. Warm Tune\u2122 technology allows you to change the atmosphere: as the intensity decreases, the light gradually becomes warmer and softer, until it reaches the effect of a candle. Lamp body in matt black painted metal, or in black nickel and rose gold galvanic finishes.<\/p>\n","protected":false},"featured_media":1054126,"comment_status":"open","ping_status":"open","template":"","meta":{"_exactmetrics_skip_tracking":false,"_exactmetrics_sitenote_active":false,"_exactmetrics_sitenote_note":"","_exactmetrics_sitenote_category":0,"_joinchat":[]},"product_brand":[],"product_cat":[405],"product_tag":[3772],"class_list":{"0":"post-1055945","1":"product","2":"type-product","3":"status-publish","4":"has-post-thumbnail","6":"product_cat-indoor-suspension-lamps","7":"product_tag-metal-suspension","8":"pa_ambiente-dining-room","9":"pa_brand-stilnovo-en","10":"pa_colore-gold","11":"pa_materiale-metal","12":"pa_stile-modern-en","14":"first","15":"instock","16":"sale","17":"taxable","18":"shipping-taxable","19":"purchasable","20":"product-type-simple"},"yoast_head":"<!-- This site is optimized with the Yoast SEO plugin v27.4 - https:\/\/yoast.com\/product\/yoast-seo-wordpress\/ -->\n<title>Stilnovo MONGOLFIER \u00d8 26 cm sospensione - pink gold - LiD Design<\/title>\n<meta name=\"robots\" content=\"index, follow, max-snippet:-1, max-image-preview:large, max-video-preview:-1\" \/>\n<link rel=\"canonical\" href=\"https:\/\/www.lightdesign.shop\/en\/shop\/indoor-lamps\/indoor-suspension-lamps\/stilnovo-mongolfier-o-26-cm-sospensione-pink-gold\/\" \/>\n<meta property=\"og:locale\" content=\"en_US\" \/>\n<meta property=\"og:type\" content=\"article\" \/>\n<meta property=\"og:title\" content=\"Stilnovo MONGOLFIER \u00d8 26 cm sospensione - pink gold - LiD Design\" \/>\n<meta property=\"og:description\" content=\"The light volumes of the Mongolfier suspension lamps by Stilnovo envelop and intercept the light, creating precious plays of reflections and shadows. Warm Tune\u2122 technology allows you to change the atmosphere: as the intensity decreases, the light gradually becomes warmer and softer, until it reaches the effect of a candle. Lamp body in matt black painted metal, or in black nickel and rose gold galvanic finishes.\" \/>\n<meta property=\"og:url\" content=\"https:\/\/www.lightdesign.shop\/en\/shop\/indoor-lamps\/indoor-suspension-lamps\/stilnovo-mongolfier-o-26-cm-sospensione-pink-gold\/\" \/>\n<meta property=\"og:site_name\" content=\"LiD Design\" \/>\n<meta property=\"article:publisher\" content=\"https:\/\/www.facebook.com\/LID-Design-757324454392843\/\" \/>\n<meta property=\"article:modified_time\" content=\"2025-12-02T01:50:50+00:00\" \/>\n<meta property=\"og:image\" content=\"https:\/\/www.lightdesign.shop\/wp-content\/uploads\/2024\/08\/8141.jpg\" \/>\n\t<meta property=\"og:image:width\" content=\"1000\" \/>\n\t<meta property=\"og:image:height\" content=\"1000\" \/>\n\t<meta property=\"og:image:type\" content=\"image\/jpeg\" \/>\n<meta name=\"twitter:card\" content=\"summary_large_image\" \/>\n<meta name=\"twitter:label1\" content=\"Est. reading time\" \/>\n\t<meta name=\"twitter:data1\" content=\"1 minute\" \/>\n<script type=\"application\/ld+json\" class=\"yoast-schema-graph\">{\"@context\":\"https:\\\/\\\/schema.org\",\"@graph\":[{\"@type\":\"WebPage\",\"@id\":\"https:\\\/\\\/www.lightdesign.shop\\\/en\\\/shop\\\/indoor-lamps\\\/indoor-suspension-lamps\\\/stilnovo-mongolfier-o-26-cm-sospensione-pink-gold\\\/\",\"url\":\"https:\\\/\\\/www.lightdesign.shop\\\/en\\\/shop\\\/indoor-lamps\\\/indoor-suspension-lamps\\\/stilnovo-mongolfier-o-26-cm-sospensione-pink-gold\\\/\",\"name\":\"Stilnovo MONGOLFIER \u00d8 26 cm sospensione - pink gold - LiD Design\",\"isPartOf\":{\"@id\":\"https:\\\/\\\/www.lightdesign.shop\\\/en\\\/#website\"},\"primaryImageOfPage\":{\"@id\":\"https:\\\/\\\/www.lightdesign.shop\\\/en\\\/shop\\\/indoor-lamps\\\/indoor-suspension-lamps\\\/stilnovo-mongolfier-o-26-cm-sospensione-pink-gold\\\/#primaryimage\"},\"image\":{\"@id\":\"https:\\\/\\\/www.lightdesign.shop\\\/en\\\/shop\\\/indoor-lamps\\\/indoor-suspension-lamps\\\/stilnovo-mongolfier-o-26-cm-sospensione-pink-gold\\\/#primaryimage\"},\"thumbnailUrl\":\"https:\\\/\\\/www.lightdesign.shop\\\/wp-content\\\/uploads\\\/2024\\\/08\\\/8141.jpg\",\"datePublished\":\"2024-08-29T10:42:57+00:00\",\"dateModified\":\"2025-12-02T01:50:50+00:00\",\"breadcrumb\":{\"@id\":\"https:\\\/\\\/www.lightdesign.shop\\\/en\\\/shop\\\/indoor-lamps\\\/indoor-suspension-lamps\\\/stilnovo-mongolfier-o-26-cm-sospensione-pink-gold\\\/#breadcrumb\"},\"inLanguage\":\"en-US\",\"potentialAction\":[{\"@type\":\"ReadAction\",\"target\":[\"https:\\\/\\\/www.lightdesign.shop\\\/en\\\/shop\\\/indoor-lamps\\\/indoor-suspension-lamps\\\/stilnovo-mongolfier-o-26-cm-sospensione-pink-gold\\\/\"]}]},{\"@type\":\"ImageObject\",\"inLanguage\":\"en-US\",\"@id\":\"https:\\\/\\\/www.lightdesign.shop\\\/en\\\/shop\\\/indoor-lamps\\\/indoor-suspension-lamps\\\/stilnovo-mongolfier-o-26-cm-sospensione-pink-gold\\\/#primaryimage\",\"url\":\"https:\\\/\\\/www.lightdesign.shop\\\/wp-content\\\/uploads\\\/2024\\\/08\\\/8141.jpg\",\"contentUrl\":\"https:\\\/\\\/www.lightdesign.shop\\\/wp-content\\\/uploads\\\/2024\\\/08\\\/8141.jpg\",\"width\":1000,\"height\":1000},{\"@type\":\"BreadcrumbList\",\"@id\":\"https:\\\/\\\/www.lightdesign.shop\\\/en\\\/shop\\\/indoor-lamps\\\/indoor-suspension-lamps\\\/stilnovo-mongolfier-o-26-cm-sospensione-pink-gold\\\/#breadcrumb\",\"itemListElement\":[{\"@type\":\"ListItem\",\"position\":1,\"name\":\"Home\",\"item\":\"https:\\\/\\\/www.lightdesign.shop\\\/en\\\/\"},{\"@type\":\"ListItem\",\"position\":2,\"name\":\"Shop\",\"item\":\"https:\\\/\\\/www.lightdesign.shop\\\/en\\\/shop\\\/\"},{\"@type\":\"ListItem\",\"position\":3,\"name\":\"Stilnovo MONGOLFIER \u00d8 26 cm sospensione &#8211; pink gold\"}]},{\"@type\":\"WebSite\",\"@id\":\"https:\\\/\\\/www.lightdesign.shop\\\/en\\\/#website\",\"url\":\"https:\\\/\\\/www.lightdesign.shop\\\/en\\\/\",\"name\":\"LiD - illumina il tuo mondo\",\"description\":\"Light Design Shop\",\"publisher\":{\"@id\":\"https:\\\/\\\/www.lightdesign.shop\\\/en\\\/#organization\"},\"alternateName\":\"lightdesign.shop\",\"potentialAction\":[{\"@type\":\"SearchAction\",\"target\":{\"@type\":\"EntryPoint\",\"urlTemplate\":\"https:\\\/\\\/www.lightdesign.shop\\\/en\\\/?s={search_term_string}\"},\"query-input\":{\"@type\":\"PropertyValueSpecification\",\"valueRequired\":true,\"valueName\":\"search_term_string\"}}],\"inLanguage\":\"en-US\"},{\"@type\":\"Organization\",\"@id\":\"https:\\\/\\\/www.lightdesign.shop\\\/en\\\/#organization\",\"name\":\"LiD Srl\",\"url\":\"https:\\\/\\\/www.lightdesign.shop\\\/en\\\/\",\"logo\":{\"@type\":\"ImageObject\",\"inLanguage\":\"en-US\",\"@id\":\"https:\\\/\\\/www.lightdesign.shop\\\/en\\\/#\\\/schema\\\/logo\\\/image\\\/\",\"url\":\"https:\\\/\\\/www.lightdesign.shop\\\/wp-content\\\/uploads\\\/2024\\\/06\\\/logo.png\",\"contentUrl\":\"https:\\\/\\\/www.lightdesign.shop\\\/wp-content\\\/uploads\\\/2024\\\/06\\\/logo.png\",\"width\":1027,\"height\":759,\"caption\":\"LiD Srl\"},\"image\":{\"@id\":\"https:\\\/\\\/www.lightdesign.shop\\\/en\\\/#\\\/schema\\\/logo\\\/image\\\/\"},\"sameAs\":[\"https:\\\/\\\/www.facebook.com\\\/LID-Design-757324454392843\\\/\",\"https:\\\/\\\/www.instagram.com\\\/lightdesign.shop\\\/\",\"https:\\\/\\\/www.youtube.com\\\/channel\\\/UC-wfhs9IlrFGpIWzx24cMhA\"]}]}<\/script>\n<!-- \/ Yoast SEO plugin. -->","yoast_head_json":{"title":"Stilnovo MONGOLFIER \u00d8 26 cm sospensione - pink gold - LiD Design","robots":{"index":"index","follow":"follow","max-snippet":"max-snippet:-1","max-image-preview":"max-image-preview:large","max-video-preview":"max-video-preview:-1"},"canonical":"https:\/\/www.lightdesign.shop\/en\/shop\/indoor-lamps\/indoor-suspension-lamps\/stilnovo-mongolfier-o-26-cm-sospensione-pink-gold\/","og_locale":"en_US","og_type":"article","og_title":"Stilnovo MONGOLFIER \u00d8 26 cm sospensione - pink gold - LiD Design","og_description":"The light volumes of the Mongolfier suspension lamps by Stilnovo envelop and intercept the light, creating precious plays of reflections and shadows. Warm Tune\u2122 technology allows you to change the atmosphere: as the intensity decreases, the light gradually becomes warmer and softer, until it reaches the effect of a candle. Lamp body in matt black painted metal, or in black nickel and rose gold galvanic finishes.","og_url":"https:\/\/www.lightdesign.shop\/en\/shop\/indoor-lamps\/indoor-suspension-lamps\/stilnovo-mongolfier-o-26-cm-sospensione-pink-gold\/","og_site_name":"LiD Design","article_publisher":"https:\/\/www.facebook.com\/LID-Design-757324454392843\/","article_modified_time":"2025-12-02T01:50:50+00:00","og_image":[{"width":1000,"height":1000,"url":"https:\/\/www.lightdesign.shop\/wp-content\/uploads\/2024\/08\/8141.jpg","type":"image\/jpeg"}],"twitter_card":"summary_large_image","twitter_misc":{"Est. reading time":"1 minute"},"schema":{"@context":"https:\/\/schema.org","@graph":[{"@type":"WebPage","@id":"https:\/\/www.lightdesign.shop\/en\/shop\/indoor-lamps\/indoor-suspension-lamps\/stilnovo-mongolfier-o-26-cm-sospensione-pink-gold\/","url":"https:\/\/www.lightdesign.shop\/en\/shop\/indoor-lamps\/indoor-suspension-lamps\/stilnovo-mongolfier-o-26-cm-sospensione-pink-gold\/","name":"Stilnovo MONGOLFIER \u00d8 26 cm sospensione - pink gold - LiD Design","isPartOf":{"@id":"https:\/\/www.lightdesign.shop\/en\/#website"},"primaryImageOfPage":{"@id":"https:\/\/www.lightdesign.shop\/en\/shop\/indoor-lamps\/indoor-suspension-lamps\/stilnovo-mongolfier-o-26-cm-sospensione-pink-gold\/#primaryimage"},"image":{"@id":"https:\/\/www.lightdesign.shop\/en\/shop\/indoor-lamps\/indoor-suspension-lamps\/stilnovo-mongolfier-o-26-cm-sospensione-pink-gold\/#primaryimage"},"thumbnailUrl":"https:\/\/www.lightdesign.shop\/wp-content\/uploads\/2024\/08\/8141.jpg","datePublished":"2024-08-29T10:42:57+00:00","dateModified":"2025-12-02T01:50:50+00:00","breadcrumb":{"@id":"https:\/\/www.lightdesign.shop\/en\/shop\/indoor-lamps\/indoor-suspension-lamps\/stilnovo-mongolfier-o-26-cm-sospensione-pink-gold\/#breadcrumb"},"inLanguage":"en-US","potentialAction":[{"@type":"ReadAction","target":["https:\/\/www.lightdesign.shop\/en\/shop\/indoor-lamps\/indoor-suspension-lamps\/stilnovo-mongolfier-o-26-cm-sospensione-pink-gold\/"]}]},{"@type":"ImageObject","inLanguage":"en-US","@id":"https:\/\/www.lightdesign.shop\/en\/shop\/indoor-lamps\/indoor-suspension-lamps\/stilnovo-mongolfier-o-26-cm-sospensione-pink-gold\/#primaryimage","url":"https:\/\/www.lightdesign.shop\/wp-content\/uploads\/2024\/08\/8141.jpg","contentUrl":"https:\/\/www.lightdesign.shop\/wp-content\/uploads\/2024\/08\/8141.jpg","width":1000,"height":1000},{"@type":"BreadcrumbList","@id":"https:\/\/www.lightdesign.shop\/en\/shop\/indoor-lamps\/indoor-suspension-lamps\/stilnovo-mongolfier-o-26-cm-sospensione-pink-gold\/#breadcrumb","itemListElement":[{"@type":"ListItem","position":1,"name":"Home","item":"https:\/\/www.lightdesign.shop\/en\/"},{"@type":"ListItem","position":2,"name":"Shop","item":"https:\/\/www.lightdesign.shop\/en\/shop\/"},{"@type":"ListItem","position":3,"name":"Stilnovo MONGOLFIER \u00d8 26 cm sospensione &#8211; pink gold"}]},{"@type":"WebSite","@id":"https:\/\/www.lightdesign.shop\/en\/#website","url":"https:\/\/www.lightdesign.shop\/en\/","name":"LiD - illumina il tuo mondo","description":"Light Design Shop","publisher":{"@id":"https:\/\/www.lightdesign.shop\/en\/#organization"},"alternateName":"lightdesign.shop","potentialAction":[{"@type":"SearchAction","target":{"@type":"EntryPoint","urlTemplate":"https:\/\/www.lightdesign.shop\/en\/?s={search_term_string}"},"query-input":{"@type":"PropertyValueSpecification","valueRequired":true,"valueName":"search_term_string"}}],"inLanguage":"en-US"},{"@type":"Organization","@id":"https:\/\/www.lightdesign.shop\/en\/#organization","name":"LiD Srl","url":"https:\/\/www.lightdesign.shop\/en\/","logo":{"@type":"ImageObject","inLanguage":"en-US","@id":"https:\/\/www.lightdesign.shop\/en\/#\/schema\/logo\/image\/","url":"https:\/\/www.lightdesign.shop\/wp-content\/uploads\/2024\/06\/logo.png","contentUrl":"https:\/\/www.lightdesign.shop\/wp-content\/uploads\/2024\/06\/logo.png","width":1027,"height":759,"caption":"LiD Srl"},"image":{"@id":"https:\/\/www.lightdesign.shop\/en\/#\/schema\/logo\/image\/"},"sameAs":["https:\/\/www.facebook.com\/LID-Design-757324454392843\/","https:\/\/www.instagram.com\/lightdesign.shop\/","https:\/\/www.youtube.com\/channel\/UC-wfhs9IlrFGpIWzx24cMhA"]}]}},"_links":{"self":[{"href":"https:\/\/www.lightdesign.shop\/en\/wp-json\/wp\/v2\/product\/1055945","targetHints":{"allow":["GET"]}}],"collection":[{"href":"https:\/\/www.lightdesign.shop\/en\/wp-json\/wp\/v2\/product"}],"about":[{"href":"https:\/\/www.lightdesign.shop\/en\/wp-json\/wp\/v2\/types\/product"}],"replies":[{"embeddable":true,"href":"https:\/\/www.lightdesign.shop\/en\/wp-json\/wp\/v2\/comments?post=1055945"}],"wp:featuredmedia":[{"embeddable":true,"href":"https:\/\/www.lightdesign.shop\/en\/wp-json\/wp\/v2\/media\/1054126"}],"wp:attachment":[{"href":"https:\/\/www.lightdesign.shop\/en\/wp-json\/wp\/v2\/media?parent=1055945"}],"wp:term":[{"taxonomy":"product_brand","embeddable":true,"href":"https:\/\/www.lightdesign.shop\/en\/wp-json\/wp\/v2\/product_brand?post=1055945"},{"taxonomy":"product_cat","embeddable":true,"href":"https:\/\/www.lightdesign.shop\/en\/wp-json\/wp\/v2\/product_cat?post=1055945"},{"taxonomy":"product_tag","embeddable":true,"href":"https:\/\/www.lightdesign.shop\/en\/wp-json\/wp\/v2\/product_tag?post=1055945"}],"curies":[{"name":"wp","href":"https:\/\/api.w.org\/{rel}","templated":true}]}}