{"id":1055548,"date":"2024-08-29T12:08:09","date_gmt":"2024-08-29T10:08:09","guid":{"rendered":"https:\/\/www.lightdesign.shop\/negozio\/uncategorized\/wever-e-ducre-tube-carre-wall-2-0-led-3000k-grigio-antracite\/"},"modified":"2025-12-02T02:26:21","modified_gmt":"2025-12-02T01:26:21","slug":"wever-e-ducre-tube-carre-wall-2-0-led-3000k-grigio-antracite","status":"publish","type":"product","link":"https:\/\/www.lightdesign.shop\/en\/shop\/outdoor-lamps\/outdoor-wall-lamps\/wever-e-ducre-tube-carre-wall-2-0-led-3000k-grigio-antracite\/","title":{"rendered":"Wever e Ducr\u00e8 TUBE CARR\u00c9 WALL 2.0 &#8211; LED 3000K &#8211; grigio antracite"},"content":{"rendered":"<h2>TUBE CARR\u00c9 WALL 2.0 &#8211; LED 3000K &#8211; grigio antracite<\/h2>\n<p>TUBE CARR\u00c9 WALL 2.0 is an outdoor wall lamp produced by the Wever and Ducr\u00e8 brand. Of modern style, it adapts to both public or private environments. Available in different models and colors.\u00a0 The story of Wever and Ducr\u00e8 begins in the early 1980s, when a handful of young Belgians decided to start a lighting company. Cutting-edge LEDs that feel equally at home in a cozy penthouse or the hottest club in town. Because they save space, save resources and offer a higher quality of life. And that&#8217;s exactly what we want from Wever and Ducr\u00e9.<\/p>\n<p><em>Light source: COB LED 19,7W &#8211; 3000K &#8211; 1490 lumens &#8211; CRI\u226590 &#8211; 220-240V &#8211; Phase cut dimmer &#8211; IP65. Dimensions: H 150 mm L 79 mm W 79 mm<\/em><\/p>\n","protected":false},"excerpt":{"rendered":"<p>TUBE CARR\u00c9 WALL 2.0 is an outdoor wall lamp produced by the Wever and Ducr\u00e8 brand. Of modern style, it adapts to both public or private environments. Available in different models and colors.\u00a0 The story of Wever and Ducr\u00e8 begins in the early 1980s, when a handful of young Belgians decided to start a lighting company.<\/p>\n","protected":false},"featured_media":1051916,"comment_status":"open","ping_status":"open","template":"","meta":{"_exactmetrics_skip_tracking":false,"_exactmetrics_sitenote_active":false,"_exactmetrics_sitenote_note":"","_exactmetrics_sitenote_category":0,"_joinchat":[]},"product_brand":[],"product_cat":[395],"product_tag":[],"class_list":{"0":"post-1055548","1":"product","2":"type-product","3":"status-publish","4":"has-post-thumbnail","6":"product_cat-outdoor-wall-lamps","7":"pa_ambiente-outdoor-en","8":"pa_brand-wever-e-ducre-en","9":"pa_colore-grey","10":"pa_materiale-aluminum","11":"pa_stile-modern-en","13":"first","14":"instock","15":"sale","16":"taxable","17":"shipping-taxable","18":"purchasable","19":"product-type-simple"},"yoast_head":"<!-- This site is optimized with the Yoast SEO plugin v27.5 - https:\/\/yoast.com\/product\/yoast-seo-wordpress\/ -->\n<title>Wever e Ducr\u00e8 TUBE CARR\u00c9 WALL 2.0 - LED 3000K - grigio antracite - LiD Design<\/title>\n<meta name=\"robots\" content=\"index, follow, max-snippet:-1, max-image-preview:large, max-video-preview:-1\" \/>\n<link rel=\"canonical\" href=\"https:\/\/www.lightdesign.shop\/en\/shop\/outdoor-lamps\/outdoor-wall-lamps\/wever-e-ducre-tube-carre-wall-2-0-led-3000k-grigio-antracite\/\" \/>\n<meta property=\"og:locale\" content=\"en_US\" \/>\n<meta property=\"og:type\" content=\"article\" \/>\n<meta property=\"og:title\" content=\"Wever e Ducr\u00e8 TUBE CARR\u00c9 WALL 2.0 - LED 3000K - grigio antracite - LiD Design\" \/>\n<meta property=\"og:description\" content=\"TUBE CARR\u00c9 WALL 2.0 is an outdoor wall lamp produced by the Wever and Ducr\u00e8 brand. Of modern style, it adapts to both public or private environments. Available in different models and colors.\u00a0 The story of Wever and Ducr\u00e8 begins in the early 1980s, when a handful of young Belgians decided to start a lighting company.\" \/>\n<meta property=\"og:url\" content=\"https:\/\/www.lightdesign.shop\/en\/shop\/outdoor-lamps\/outdoor-wall-lamps\/wever-e-ducre-tube-carre-wall-2-0-led-3000k-grigio-antracite\/\" \/>\n<meta property=\"og:site_name\" content=\"LiD Design\" \/>\n<meta property=\"article:publisher\" content=\"https:\/\/www.facebook.com\/LID-Design-757324454392843\/\" \/>\n<meta property=\"article:modified_time\" content=\"2025-12-02T01:26:21+00:00\" \/>\n<meta property=\"og:image\" content=\"https:\/\/www.lightdesign.shop\/wp-content\/uploads\/2024\/08\/744464A5.jpg\" \/>\n\t<meta property=\"og:image:width\" content=\"1000\" \/>\n\t<meta property=\"og:image:height\" content=\"1000\" \/>\n\t<meta property=\"og:image:type\" content=\"image\/jpeg\" \/>\n<meta name=\"twitter:card\" content=\"summary_large_image\" \/>\n<meta name=\"twitter:label1\" content=\"Est. reading time\" \/>\n\t<meta name=\"twitter:data1\" content=\"1 minute\" \/>\n<script type=\"application\/ld+json\" class=\"yoast-schema-graph\">{\"@context\":\"https:\\\/\\\/schema.org\",\"@graph\":[{\"@type\":\"WebPage\",\"@id\":\"https:\\\/\\\/www.lightdesign.shop\\\/en\\\/shop\\\/outdoor-lamps\\\/outdoor-wall-lamps\\\/wever-e-ducre-tube-carre-wall-2-0-led-3000k-grigio-antracite\\\/\",\"url\":\"https:\\\/\\\/www.lightdesign.shop\\\/en\\\/shop\\\/outdoor-lamps\\\/outdoor-wall-lamps\\\/wever-e-ducre-tube-carre-wall-2-0-led-3000k-grigio-antracite\\\/\",\"name\":\"Wever e Ducr\u00e8 TUBE CARR\u00c9 WALL 2.0 - LED 3000K - grigio antracite - LiD Design\",\"isPartOf\":{\"@id\":\"https:\\\/\\\/www.lightdesign.shop\\\/en\\\/#website\"},\"primaryImageOfPage\":{\"@id\":\"https:\\\/\\\/www.lightdesign.shop\\\/en\\\/shop\\\/outdoor-lamps\\\/outdoor-wall-lamps\\\/wever-e-ducre-tube-carre-wall-2-0-led-3000k-grigio-antracite\\\/#primaryimage\"},\"image\":{\"@id\":\"https:\\\/\\\/www.lightdesign.shop\\\/en\\\/shop\\\/outdoor-lamps\\\/outdoor-wall-lamps\\\/wever-e-ducre-tube-carre-wall-2-0-led-3000k-grigio-antracite\\\/#primaryimage\"},\"thumbnailUrl\":\"https:\\\/\\\/www.lightdesign.shop\\\/wp-content\\\/uploads\\\/2024\\\/08\\\/744464A5.jpg\",\"datePublished\":\"2024-08-29T10:08:09+00:00\",\"dateModified\":\"2025-12-02T01:26:21+00:00\",\"breadcrumb\":{\"@id\":\"https:\\\/\\\/www.lightdesign.shop\\\/en\\\/shop\\\/outdoor-lamps\\\/outdoor-wall-lamps\\\/wever-e-ducre-tube-carre-wall-2-0-led-3000k-grigio-antracite\\\/#breadcrumb\"},\"inLanguage\":\"en-US\",\"potentialAction\":[{\"@type\":\"ReadAction\",\"target\":[\"https:\\\/\\\/www.lightdesign.shop\\\/en\\\/shop\\\/outdoor-lamps\\\/outdoor-wall-lamps\\\/wever-e-ducre-tube-carre-wall-2-0-led-3000k-grigio-antracite\\\/\"]}]},{\"@type\":\"ImageObject\",\"inLanguage\":\"en-US\",\"@id\":\"https:\\\/\\\/www.lightdesign.shop\\\/en\\\/shop\\\/outdoor-lamps\\\/outdoor-wall-lamps\\\/wever-e-ducre-tube-carre-wall-2-0-led-3000k-grigio-antracite\\\/#primaryimage\",\"url\":\"https:\\\/\\\/www.lightdesign.shop\\\/wp-content\\\/uploads\\\/2024\\\/08\\\/744464A5.jpg\",\"contentUrl\":\"https:\\\/\\\/www.lightdesign.shop\\\/wp-content\\\/uploads\\\/2024\\\/08\\\/744464A5.jpg\",\"width\":1000,\"height\":1000},{\"@type\":\"BreadcrumbList\",\"@id\":\"https:\\\/\\\/www.lightdesign.shop\\\/en\\\/shop\\\/outdoor-lamps\\\/outdoor-wall-lamps\\\/wever-e-ducre-tube-carre-wall-2-0-led-3000k-grigio-antracite\\\/#breadcrumb\",\"itemListElement\":[{\"@type\":\"ListItem\",\"position\":1,\"name\":\"Home\",\"item\":\"https:\\\/\\\/www.lightdesign.shop\\\/en\\\/\"},{\"@type\":\"ListItem\",\"position\":2,\"name\":\"Shop\",\"item\":\"https:\\\/\\\/www.lightdesign.shop\\\/en\\\/shop\\\/\"},{\"@type\":\"ListItem\",\"position\":3,\"name\":\"Wever e Ducr\u00e8 TUBE CARR\u00c9 WALL 2.0 &#8211; LED 3000K &#8211; grigio antracite\"}]},{\"@type\":\"WebSite\",\"@id\":\"https:\\\/\\\/www.lightdesign.shop\\\/en\\\/#website\",\"url\":\"https:\\\/\\\/www.lightdesign.shop\\\/en\\\/\",\"name\":\"LiD - illumina il tuo mondo\",\"description\":\"Light Design Shop\",\"publisher\":{\"@id\":\"https:\\\/\\\/www.lightdesign.shop\\\/en\\\/#organization\"},\"alternateName\":\"lightdesign.shop\",\"potentialAction\":[{\"@type\":\"SearchAction\",\"target\":{\"@type\":\"EntryPoint\",\"urlTemplate\":\"https:\\\/\\\/www.lightdesign.shop\\\/en\\\/?s={search_term_string}\"},\"query-input\":{\"@type\":\"PropertyValueSpecification\",\"valueRequired\":true,\"valueName\":\"search_term_string\"}}],\"inLanguage\":\"en-US\"},{\"@type\":\"Organization\",\"@id\":\"https:\\\/\\\/www.lightdesign.shop\\\/en\\\/#organization\",\"name\":\"LiD Srl\",\"url\":\"https:\\\/\\\/www.lightdesign.shop\\\/en\\\/\",\"logo\":{\"@type\":\"ImageObject\",\"inLanguage\":\"en-US\",\"@id\":\"https:\\\/\\\/www.lightdesign.shop\\\/en\\\/#\\\/schema\\\/logo\\\/image\\\/\",\"url\":\"https:\\\/\\\/www.lightdesign.shop\\\/wp-content\\\/uploads\\\/2024\\\/06\\\/logo.png\",\"contentUrl\":\"https:\\\/\\\/www.lightdesign.shop\\\/wp-content\\\/uploads\\\/2024\\\/06\\\/logo.png\",\"width\":1027,\"height\":759,\"caption\":\"LiD Srl\"},\"image\":{\"@id\":\"https:\\\/\\\/www.lightdesign.shop\\\/en\\\/#\\\/schema\\\/logo\\\/image\\\/\"},\"sameAs\":[\"https:\\\/\\\/www.facebook.com\\\/LID-Design-757324454392843\\\/\",\"https:\\\/\\\/www.instagram.com\\\/lightdesign.shop\\\/\",\"https:\\\/\\\/www.youtube.com\\\/channel\\\/UC-wfhs9IlrFGpIWzx24cMhA\"]}]}<\/script>\n<!-- \/ Yoast SEO plugin. -->","yoast_head_json":{"title":"Wever e Ducr\u00e8 TUBE CARR\u00c9 WALL 2.0 - LED 3000K - grigio antracite - LiD Design","robots":{"index":"index","follow":"follow","max-snippet":"max-snippet:-1","max-image-preview":"max-image-preview:large","max-video-preview":"max-video-preview:-1"},"canonical":"https:\/\/www.lightdesign.shop\/en\/shop\/outdoor-lamps\/outdoor-wall-lamps\/wever-e-ducre-tube-carre-wall-2-0-led-3000k-grigio-antracite\/","og_locale":"en_US","og_type":"article","og_title":"Wever e Ducr\u00e8 TUBE CARR\u00c9 WALL 2.0 - LED 3000K - grigio antracite - LiD Design","og_description":"TUBE CARR\u00c9 WALL 2.0 is an outdoor wall lamp produced by the Wever and Ducr\u00e8 brand. Of modern style, it adapts to both public or private environments. Available in different models and colors.\u00a0 The story of Wever and Ducr\u00e8 begins in the early 1980s, when a handful of young Belgians decided to start a lighting company.","og_url":"https:\/\/www.lightdesign.shop\/en\/shop\/outdoor-lamps\/outdoor-wall-lamps\/wever-e-ducre-tube-carre-wall-2-0-led-3000k-grigio-antracite\/","og_site_name":"LiD Design","article_publisher":"https:\/\/www.facebook.com\/LID-Design-757324454392843\/","article_modified_time":"2025-12-02T01:26:21+00:00","og_image":[{"width":1000,"height":1000,"url":"https:\/\/www.lightdesign.shop\/wp-content\/uploads\/2024\/08\/744464A5.jpg","type":"image\/jpeg"}],"twitter_card":"summary_large_image","twitter_misc":{"Est. reading time":"1 minute"},"schema":{"@context":"https:\/\/schema.org","@graph":[{"@type":"WebPage","@id":"https:\/\/www.lightdesign.shop\/en\/shop\/outdoor-lamps\/outdoor-wall-lamps\/wever-e-ducre-tube-carre-wall-2-0-led-3000k-grigio-antracite\/","url":"https:\/\/www.lightdesign.shop\/en\/shop\/outdoor-lamps\/outdoor-wall-lamps\/wever-e-ducre-tube-carre-wall-2-0-led-3000k-grigio-antracite\/","name":"Wever e Ducr\u00e8 TUBE CARR\u00c9 WALL 2.0 - LED 3000K - grigio antracite - LiD Design","isPartOf":{"@id":"https:\/\/www.lightdesign.shop\/en\/#website"},"primaryImageOfPage":{"@id":"https:\/\/www.lightdesign.shop\/en\/shop\/outdoor-lamps\/outdoor-wall-lamps\/wever-e-ducre-tube-carre-wall-2-0-led-3000k-grigio-antracite\/#primaryimage"},"image":{"@id":"https:\/\/www.lightdesign.shop\/en\/shop\/outdoor-lamps\/outdoor-wall-lamps\/wever-e-ducre-tube-carre-wall-2-0-led-3000k-grigio-antracite\/#primaryimage"},"thumbnailUrl":"https:\/\/www.lightdesign.shop\/wp-content\/uploads\/2024\/08\/744464A5.jpg","datePublished":"2024-08-29T10:08:09+00:00","dateModified":"2025-12-02T01:26:21+00:00","breadcrumb":{"@id":"https:\/\/www.lightdesign.shop\/en\/shop\/outdoor-lamps\/outdoor-wall-lamps\/wever-e-ducre-tube-carre-wall-2-0-led-3000k-grigio-antracite\/#breadcrumb"},"inLanguage":"en-US","potentialAction":[{"@type":"ReadAction","target":["https:\/\/www.lightdesign.shop\/en\/shop\/outdoor-lamps\/outdoor-wall-lamps\/wever-e-ducre-tube-carre-wall-2-0-led-3000k-grigio-antracite\/"]}]},{"@type":"ImageObject","inLanguage":"en-US","@id":"https:\/\/www.lightdesign.shop\/en\/shop\/outdoor-lamps\/outdoor-wall-lamps\/wever-e-ducre-tube-carre-wall-2-0-led-3000k-grigio-antracite\/#primaryimage","url":"https:\/\/www.lightdesign.shop\/wp-content\/uploads\/2024\/08\/744464A5.jpg","contentUrl":"https:\/\/www.lightdesign.shop\/wp-content\/uploads\/2024\/08\/744464A5.jpg","width":1000,"height":1000},{"@type":"BreadcrumbList","@id":"https:\/\/www.lightdesign.shop\/en\/shop\/outdoor-lamps\/outdoor-wall-lamps\/wever-e-ducre-tube-carre-wall-2-0-led-3000k-grigio-antracite\/#breadcrumb","itemListElement":[{"@type":"ListItem","position":1,"name":"Home","item":"https:\/\/www.lightdesign.shop\/en\/"},{"@type":"ListItem","position":2,"name":"Shop","item":"https:\/\/www.lightdesign.shop\/en\/shop\/"},{"@type":"ListItem","position":3,"name":"Wever e Ducr\u00e8 TUBE CARR\u00c9 WALL 2.0 &#8211; LED 3000K &#8211; grigio antracite"}]},{"@type":"WebSite","@id":"https:\/\/www.lightdesign.shop\/en\/#website","url":"https:\/\/www.lightdesign.shop\/en\/","name":"LiD - illumina il tuo mondo","description":"Light Design Shop","publisher":{"@id":"https:\/\/www.lightdesign.shop\/en\/#organization"},"alternateName":"lightdesign.shop","potentialAction":[{"@type":"SearchAction","target":{"@type":"EntryPoint","urlTemplate":"https:\/\/www.lightdesign.shop\/en\/?s={search_term_string}"},"query-input":{"@type":"PropertyValueSpecification","valueRequired":true,"valueName":"search_term_string"}}],"inLanguage":"en-US"},{"@type":"Organization","@id":"https:\/\/www.lightdesign.shop\/en\/#organization","name":"LiD Srl","url":"https:\/\/www.lightdesign.shop\/en\/","logo":{"@type":"ImageObject","inLanguage":"en-US","@id":"https:\/\/www.lightdesign.shop\/en\/#\/schema\/logo\/image\/","url":"https:\/\/www.lightdesign.shop\/wp-content\/uploads\/2024\/06\/logo.png","contentUrl":"https:\/\/www.lightdesign.shop\/wp-content\/uploads\/2024\/06\/logo.png","width":1027,"height":759,"caption":"LiD Srl"},"image":{"@id":"https:\/\/www.lightdesign.shop\/en\/#\/schema\/logo\/image\/"},"sameAs":["https:\/\/www.facebook.com\/LID-Design-757324454392843\/","https:\/\/www.instagram.com\/lightdesign.shop\/","https:\/\/www.youtube.com\/channel\/UC-wfhs9IlrFGpIWzx24cMhA"]}]}},"_links":{"self":[{"href":"https:\/\/www.lightdesign.shop\/en\/wp-json\/wp\/v2\/product\/1055548","targetHints":{"allow":["GET"]}}],"collection":[{"href":"https:\/\/www.lightdesign.shop\/en\/wp-json\/wp\/v2\/product"}],"about":[{"href":"https:\/\/www.lightdesign.shop\/en\/wp-json\/wp\/v2\/types\/product"}],"replies":[{"embeddable":true,"href":"https:\/\/www.lightdesign.shop\/en\/wp-json\/wp\/v2\/comments?post=1055548"}],"wp:featuredmedia":[{"embeddable":true,"href":"https:\/\/www.lightdesign.shop\/en\/wp-json\/wp\/v2\/media\/1051916"}],"wp:attachment":[{"href":"https:\/\/www.lightdesign.shop\/en\/wp-json\/wp\/v2\/media?parent=1055548"}],"wp:term":[{"taxonomy":"product_brand","embeddable":true,"href":"https:\/\/www.lightdesign.shop\/en\/wp-json\/wp\/v2\/product_brand?post=1055548"},{"taxonomy":"product_cat","embeddable":true,"href":"https:\/\/www.lightdesign.shop\/en\/wp-json\/wp\/v2\/product_cat?post=1055548"},{"taxonomy":"product_tag","embeddable":true,"href":"https:\/\/www.lightdesign.shop\/en\/wp-json\/wp\/v2\/product_tag?post=1055548"}],"curies":[{"name":"wp","href":"https:\/\/api.w.org\/{rel}","templated":true}]}}